{"id":512,"date":"2021-09-22T09:28:30","date_gmt":"2021-09-22T09:28:30","guid":{"rendered":"https:\/\/mesisaws.com\/sobre-nosotros\/"},"modified":"2024-02-16T10:36:14","modified_gmt":"2024-02-16T10:36:14","slug":"a-propos-de-nous","status":"publish","type":"page","link":"https:\/\/mesisaws.com\/fr\/a-propos-de-nous\/","title":{"rendered":"\u00c0 propos de nous"},"content":{"rendered":"<div id=\"sobrenos\" class=\"inicio-seccion\" data-aos=\"fade-right\" data-aos-duration=\"1500\" data-aos-anchor-placement=\"center-bottom\" data-aos-delay=\"500\"><\/div>\n<div id=\"entreprise\">\n<div class=\"mesicont\">\n<h1>MESI SAWS &#038; BLADES<\/h1>\n<div class=\"row align-items-center\">\n<div class=\"col-md-4\" data-aos=\"fade-right\" data-aos-duration=\"1000\" data-aos-anchor-placement=\"center-bottom\">\n<h2>D\u00e9couvrez notre entreprise<\/h2>\n<p>Nous poss\u00e9dons plus de 40 ans d\u2019exp\u00e9rience dans l\u2019offre de solutions personnalis\u00e9es de d\u00e9coupe industrielle pour l\u2019industrie alimentaire. Nous disposons d\u2019une \u00e9quipe sp\u00e9cialis\u00e9e dans la satisfaction des besoins de chacun des clients qui ont fait confiance \u00e0 notre entreprise.<\/p>\n<p>En outre, conjointement \u00e0 nos fournisseurs, distributeurs, clients et autres entreprises du secteur, nous maintenons un processus continu de R&#038;D qui recherche l\u2019am\u00e9lioration constante de la qualit\u00e9 et de l\u2019efficacit\u00e9 des scies \u00e0 ruban et lames que nous fabriquons.<\/p>\n<p>Nous utilisons de l\u2019acier de la meilleure qualit\u00e9 pour fabriquer nos produits, outre les machines et la technologie de la plus grande pr\u00e9cision, afin d\u2019obtenir des r\u00e9sultats conformes aux exigences du secteur.<\/p>\n<\/div>\n<div class=\"col-md-8\" data-aos=\"fade-left\" data-aos-duration=\"1000\" data-aos-anchor-placement=\"top-bottom\">\n<div class=\"videocont\"><iframe loading=\"lazy\" width=\"560\" height=\"315\" src=\"https:\/\/www.youtube.com\/embed\/RGj9h6i-LeU?si=dnItFLTrdDtuhs90\" title=\"YouTube video player\" frameborder=\"0\" allow=\"accelerometer; autoplay; clipboard-write; encrypted-media; gyroscope; picture-in-picture; web-share\" allowfullscreen><\/iframe><\/div>\n<\/div>\n<\/div>\n<\/div>\n<\/div>\n<div id=\"processus\">\n<div class=\"mesicont\">\n<h2>Notre processus de production<\/h2>\n<div class=\"main-timeline\">\n<div class=\"timeline\">\n<div class=\"timeline-content\" data-aos=\"fade-right\" data-aos-duration=\"1000\" data-aos-anchor-placement=\"center-bottom\">\n<div class=\"circle\"><span class=\"homebox\"><img decoding=\"async\" class=\"img\" src=\"\/wp-content\/uploads\/prueba.jpg\" alt=\"\" \/><\/span><\/div>\n<div class=\"content\">\n<h3>Rectification<\/h3>\n<p>C\u2019est le processus de cr\u00e9ation des dents. Les dents sont r\u00e9alis\u00e9es par des rectifieuses \u00e0 grande pr\u00e9cision et r\u00e9p\u00e9tabilit\u00e9, obtenant des g\u00e9om\u00e9tries de dents identiques tout au long du processus. Ce dernier permet \u00e9galement d\u2019\u00e9viter des contraintes dans la structure de l\u2019acier, qui diminuent la dur\u00e9e de vie de la scie.<\/p>\n<div class=\"icon\"><\/div>\n<\/div>\n<\/div>\n<\/div>\n<div class=\"timeline\">\n<div class=\"timeline-content\" data-aos=\"fade-left\" data-aos-duration=\"1000\" data-aos-anchor-placement=\"center-bottom\">\n<div class=\"circle\"><span class=\"homebox\"><img decoding=\"async\" class=\"img\" src=\"\/wp-content\/uploads\/prueba.jpg\" alt=\"\" \/><\/span><\/div>\n<div class=\"content\">\n<h3>Avoyage<\/h3>\n<p>Il s\u2019agit du processus qui sert \u00e0 d\u00e9vier les dents \u00e0 gauche et \u00e0 droite. L\u2019avoyage \u00e9vite que le produit n\u2019appuie lat\u00e9ralement sur la lame de scie \u00e0 ruban, diminuant ainsi les frottements. Il parvient \u00e9galement \u00e0 am\u00e9liorer le rendement de d\u00e9coupe et la dur\u00e9e de la lame de scie \u00e0 ruban. Trois types d\u2019avoyage peuvent \u00eatre effectu\u00e9s : Faible \/ Normal \/ \u00c9lev\u00e9. Cette variation en termes d\u2019avoyage permet d\u2019obtenir diff\u00e9rents rendements et vitesse de progression du produit. Les d\u00e9coupes obtenus sont \u00e9galement plus propres avec moins de d\u00e9chets.<\/p>\n<div class=\"icon\"><\/div>\n<\/div>\n<\/div>\n<\/div>\n<div class=\"timeline\">\n<div class=\"timeline-content\" data-aos=\"fade-right\" data-aos-duration=\"1000\" data-aos-anchor-placement=\"center-bottom\">\n<div class=\"circle\"><span class=\"homebox\"><img decoding=\"async\" class=\"img\" src=\"\/wp-content\/uploads\/prueba.jpg\" alt=\"\" \/><\/span><\/div>\n<div class=\"content\">\n<h3>Trempe<\/h3>\n<p>Il s\u2019agit du processus permettant d\u2019obtenir une plus grande duret\u00e9 sur la pointe de la dent. Ceci est critique en termes de rendement et de dur\u00e9e de vie de la lame de scie \u00e0 ruban. Le processus de trempe peut \u00e9galement \u00eatre r\u00e9alis\u00e9 avec une finition brillante au lieu du noir habituel. Cette finition brillante est indiqu\u00e9e pour la d\u00e9coupe de poissons et c\u00e9phalopodes, que la trempe habituelle peut tacher.<\/p>\n<div class=\"icon\"><\/div>\n<\/div>\n<\/div>\n<\/div>\n<div class=\"timeline\">\n<div class=\"timeline-content\" data-aos=\"fade-left\" data-aos-duration=\"1000\" data-aos-anchor-placement=\"center-bottom\">\n<div class=\"circle\"><span class=\"homebox\"><img decoding=\"async\" class=\"img\" src=\"\/wp-content\/uploads\/prueba.jpg\" alt=\"\" \/><\/span><\/div>\n<div class=\"content\">\n<h3>Soudage<\/h3>\n<p>Ce processus est crucial pour le bon rendement des lames de scie \u00e0 ruban. Les soudures sont r\u00e9alis\u00e9es dans des machines contr\u00f4l\u00e9es \u00e9lectroniquement, afin qu\u2019elles soient extr\u00eamement r\u00e9sistantes et parfaitement align\u00e9es. La qualit\u00e9 du processus de soudage \u00e9vite les vibrations et les bruits dans les machines \u00e0 d\u00e9couper, qui entra\u00eenent des pannes et un d\u00e9rangement pour l\u2019utilisateur, ainsi que des ruptures des unions et des arr\u00eats de production dus aux changements de la lame de scie \u00e0 ruban.<\/p>\n<div class=\"icon\"><\/div>\n<\/div>\n<\/div>\n<\/div>\n<div class=\"timeline\">\n<div class=\"timeline-content\" data-aos=\"fade-right\" data-aos-duration=\"1000\" data-aos-anchor-placement=\"center-bottom\">\n<div class=\"circle\"><span class=\"homebox\"><img decoding=\"async\" class=\"img\" src=\"\/wp-content\/uploads\/prueba.jpg\" alt=\"\" \/><\/span><\/div>\n<div class=\"content\">\n<h3>Type et taille de dent<\/h3>\n<p>La taille de la dent est d\u00e9termin\u00e9e de deux fa\u00e7ons diff\u00e9rentes, \u00e0 l\u2019aide des syst\u00e8mes m\u00e9trique et imp\u00e9rial. La d\u00e9nomination la plus utilis\u00e9e dans les scies pour l\u2019alimentation est le syst\u00e8me imp\u00e9rial. \u00c0 l\u2019aide du syst\u00e8me imp\u00e9rial, le nombre de dents utilis\u00e9 dans un pouce est utilis\u00e9 pour identifier la taille de cette derni\u00e8re.<\/p>\n<p>Dans le syst\u00e8me m\u00e9trique, la distance entre la pointe d\u2019une dent et la suivante est utilis\u00e9e (pas de dent) pour l\u2019identification de sa taille.<\/p>\n<div class=\"icon\"><\/div>\n<\/div>\n<\/div>\n<\/div>\n<\/div>\n<\/div>\n<figure><\/figure>\n<figure><\/figure>\n<figure><\/figure>\n<figure><\/figure>\n<\/div>\n<div id=\"emballages\">\n<div class=\"mesicont\">\n<div class=\"row\">\n<div class=\"col-md-4\" data-aos=\"fade-right\" data-aos-duration=\"1000\" data-aos-anchor-placement=\"center-bottom\">\n<h2>Emballage de produits<\/h2>\n<p>En termes d\u2019engagement envers un maximum de qualit\u00e9 et la satisfaction du client, l\u2019emballage de nos produits est crucial pour leur conservation et une bonne arriv\u00e9e \u00e0 destination. Nos syst\u00e8mes d\u2019emballages pour scies \u00e0 ruban et rouleaux de ruban garantissent une protection face aux coups et \u00e0 la salet\u00e9.<\/p>\n<p>Nous disposons d\u2019une grande vari\u00e9t\u00e9 d\u2019emballages:<\/p>\n<ul>\n<li>Bo\u00eetes de diff\u00e9rents designs et capacit\u00e9s.<\/li>\n<li>Envelopp\u00e9s individuellement, dans du papier imprim\u00e9 ou neutre.<\/li>\n<li>Envelopp\u00e9s individuellement avec du papier ou dans des bo\u00eetes.<\/li>\n<li>Emball\u00e9s dans des sacs en plastique.<\/li>\n<li>Nous disposons \u00e9galement de rouleaux de ruban de scie emball\u00e9s dans des bo\u00eetes ou envelopp\u00e9s dans un film protecteur. Possibilit\u00e9 de fabriquer les rouleaux \u00e0 la longueur requise.<\/li>\n<\/ul>\n<\/div>\n<div class=\"col-md-8\" data-aos=\"fade-left\" data-aos-duration=\"1000\" data-aos-anchor-placement=\"center-bottom\">\n\t\t<!-- MasterSlider -->\n\t\t<div id=\"P_MS69db8db56b56c\" class=\"master-slider-parent msl ms-parent-id-1\" style=\"max-width:1000px;\">\n\n\t\t\t\n\t\t\t<!-- MasterSlider Main -->\n\t\t\t<div id=\"MS69db8db56b56c\" class=\"master-slider ms-skin-black-2 round-skin\" >\n\t\t\t\t \t\t\t\t \n\t\t\t\t<div  class=\"ms-slide\" data-delay=\"3\" data-fill-mode=\"fill\"  >\n\t\t\t\t\t<img decoding=\"async\" src=\"https:\/\/mesisaws.com\/wp-content\/plugins\/master-slider\/public\/assets\/css\/blank.gif\" alt=\"\" title=\"\" data-src=\"https:\/\/mesisaws.com\/wp-content\/uploads\/2022\/05\/embalaje-4.jpg\" \/>\n\n\n\t<div class=\"ms-thumb\" ><div class=\"ms-tab-context\"><div class=\"&quot;ms-tab-context&quot;\"><\/div><\/div>\n<\/div>\n\t\t\t\t<\/div>\n\t\t\t\t<div  class=\"ms-slide\" data-delay=\"3\" data-fill-mode=\"fill\"  >\n\t\t\t\t\t<img decoding=\"async\" src=\"https:\/\/mesisaws.com\/wp-content\/plugins\/master-slider\/public\/assets\/css\/blank.gif\" alt=\"\" title=\"\" data-src=\"https:\/\/mesisaws.com\/wp-content\/uploads\/2022\/05\/embalaje-17.jpg\" \/>\n\n\n\t<div class=\"ms-thumb\" ><div class=\"ms-tab-context\"><div class=\"&quot;ms-tab-context&quot;\"><\/div><\/div>\n<\/div>\n\t\t\t\t<\/div>\n\t\t\t\t<div  class=\"ms-slide\" data-delay=\"3\" data-fill-mode=\"fill\"  >\n\t\t\t\t\t<img decoding=\"async\" src=\"https:\/\/mesisaws.com\/wp-content\/plugins\/master-slider\/public\/assets\/css\/blank.gif\" alt=\"\" title=\"\" data-src=\"https:\/\/mesisaws.com\/wp-content\/uploads\/2022\/05\/embalaje-1.jpg\" \/>\n\n\n\t<div class=\"ms-thumb\" ><div class=\"ms-tab-context\"><div class=\"&quot;ms-tab-context&quot;\"><\/div><\/div>\n<\/div>\n\t\t\t\t<\/div>\n\t\t\t\t<div  class=\"ms-slide\" data-delay=\"3\" data-fill-mode=\"fill\"  >\n\t\t\t\t\t<img decoding=\"async\" src=\"https:\/\/mesisaws.com\/wp-content\/plugins\/master-slider\/public\/assets\/css\/blank.gif\" alt=\"\" title=\"\" data-src=\"https:\/\/mesisaws.com\/wp-content\/uploads\/2022\/05\/embalaje-2.jpg\" \/>\n\n\n\t<div class=\"ms-thumb\" ><div class=\"ms-tab-context\"><div class=\"&quot;ms-tab-context&quot;\"><\/div><\/div>\n<\/div>\n\t\t\t\t<\/div>\n\t\t\t\t<div  class=\"ms-slide\" data-delay=\"3\" data-fill-mode=\"fill\"  >\n\t\t\t\t\t<img decoding=\"async\" src=\"https:\/\/mesisaws.com\/wp-content\/plugins\/master-slider\/public\/assets\/css\/blank.gif\" alt=\"\" title=\"\" data-src=\"https:\/\/mesisaws.com\/wp-content\/uploads\/2022\/05\/embalaje-3.jpg\" \/>\n\n\n\t<div class=\"ms-thumb\" ><div class=\"ms-tab-context\"><div class=\"&quot;ms-tab-context&quot;\"><\/div><\/div>\n<\/div>\n\t\t\t\t<\/div>\n\t\t\t\t<div  class=\"ms-slide\" data-delay=\"3\" data-fill-mode=\"fill\"  >\n\t\t\t\t\t<img decoding=\"async\" src=\"https:\/\/mesisaws.com\/wp-content\/plugins\/master-slider\/public\/assets\/css\/blank.gif\" alt=\"\" title=\"\" data-src=\"https:\/\/mesisaws.com\/wp-content\/uploads\/2022\/05\/embalaje-5.jpg\" \/>\n\n\n\t<div class=\"ms-thumb\" ><div class=\"ms-tab-context\"><div class=\"&quot;ms-tab-context&quot;\"><\/div><\/div>\n<\/div>\n\t\t\t\t<\/div>\n\t\t\t\t<div  class=\"ms-slide\" data-delay=\"3\" data-fill-mode=\"fill\"  >\n\t\t\t\t\t<img decoding=\"async\" src=\"https:\/\/mesisaws.com\/wp-content\/plugins\/master-slider\/public\/assets\/css\/blank.gif\" alt=\"\" title=\"\" data-src=\"https:\/\/mesisaws.com\/wp-content\/uploads\/2021\/09\/embalaje-6.jpg\" \/>\n\n\n\t<div class=\"ms-thumb\" ><div class=\"ms-tab-context\"><div class=\"&quot;ms-tab-context&quot;\"><\/div><\/div>\n<\/div>\n\t\t\t\t<\/div>\n\t\t\t\t<div  class=\"ms-slide\" data-delay=\"3\" data-fill-mode=\"fill\"  >\n\t\t\t\t\t<img decoding=\"async\" src=\"https:\/\/mesisaws.com\/wp-content\/plugins\/master-slider\/public\/assets\/css\/blank.gif\" alt=\"\" title=\"\" data-src=\"https:\/\/mesisaws.com\/wp-content\/uploads\/2021\/09\/embalaje-8.jpg\" \/>\n\n\n\t<div class=\"ms-thumb\" ><div class=\"ms-tab-context\"><div class=\"&quot;ms-tab-context&quot;\"><\/div><\/div>\n<\/div>\n\t\t\t\t<\/div>\n\t\t\t\t<div  class=\"ms-slide\" data-delay=\"3\" data-fill-mode=\"fill\"  >\n\t\t\t\t\t<img decoding=\"async\" src=\"https:\/\/mesisaws.com\/wp-content\/plugins\/master-slider\/public\/assets\/css\/blank.gif\" alt=\"\" title=\"\" data-src=\"https:\/\/mesisaws.com\/wp-content\/uploads\/2021\/09\/embalaje-9.jpg\" \/>\n\n\n\t<div class=\"ms-thumb\" ><div class=\"ms-tab-context\"><div class=\"&quot;ms-tab-context&quot;\"><\/div><\/div>\n<\/div>\n\t\t\t\t<\/div>\n\t\t\t\t<div  class=\"ms-slide\" data-delay=\"3\" data-fill-mode=\"fill\"  >\n\t\t\t\t\t<img decoding=\"async\" src=\"https:\/\/mesisaws.com\/wp-content\/plugins\/master-slider\/public\/assets\/css\/blank.gif\" alt=\"\" title=\"\" data-src=\"https:\/\/mesisaws.com\/wp-content\/uploads\/2021\/09\/embalaje-11.jpg\" \/>\n\n\n\t<div class=\"ms-thumb\" ><div class=\"ms-tab-context\"><div class=\"&quot;ms-tab-context&quot;\"><\/div><\/div>\n<\/div>\n\t\t\t\t<\/div>\n\t\t\t\t<div  class=\"ms-slide\" data-delay=\"3\" data-fill-mode=\"fill\"  >\n\t\t\t\t\t<img decoding=\"async\" src=\"https:\/\/mesisaws.com\/wp-content\/plugins\/master-slider\/public\/assets\/css\/blank.gif\" alt=\"\" title=\"\" data-src=\"https:\/\/mesisaws.com\/wp-content\/uploads\/2021\/09\/embalaje-15.jpg\" \/>\n\n\n\t<div class=\"ms-thumb\" ><div class=\"ms-tab-context\"><div class=\"&quot;ms-tab-context&quot;\"><\/div><\/div>\n<\/div>\n\t\t\t\t<\/div>\n\n\t\t\t<\/div>\n\t\t\t<!-- END MasterSlider Main -->\n\n\t\t\t \n\t\t<\/div>\n\t\t<!-- END MasterSlider -->\n\n\t\t<script>\n\t\t(function ( $ ) {\n\t\t\t\"use strict\";\n\n\t\t\t$(function () {\n\t\t\t\tvar masterslider_b56c = new MasterSlider();\n\n\t\t\t\t\/\/ slider controls\n\t\t\t\tmasterslider_b56c.control('arrows'     ,{ autohide:false, overVideo:true  });\n\t\t\t\t\/\/ slider setup\n\t\t\t\tmasterslider_b56c.setup(\"MS69db8db56b56c\", {\n\t\t\t\t\t\twidth           : 1000,\n\t\t\t\t\t\theight          : 500,\n\t\t\t\t\t\tminHeight       : 0,\n\t\t\t\t\t\tspace           : 0,\n\t\t\t\t\t\tstart           : 1,\n\t\t\t\t\t\tgrabCursor      : true,\n\t\t\t\t\t\tswipe           : true,\n\t\t\t\t\t\tmouse           : true,\n\t\t\t\t\t\tlayout          : \"boxed\",\n\t\t\t\t\t\twheel           : false,\n\t\t\t\t\t\tautoplay        : true,\n\t\t\t\t\t\tinstantStartLayers:false,\n\t\t\t\t\t\tloop            : true,\n\t\t\t\t\t\tshuffle         : false,\n\t\t\t\t\t\tpreload         : 0,\n\t\t\t\t\t\theightLimit     : true,\n\t\t\t\t\t\tautoHeight      : true,\n\t\t\t\t\t\tsmoothHeight    : true,\n\t\t\t\t\t\tendPause        : false,\n\t\t\t\t\t\toverPause       : true,\n\t\t\t\t\t\tfillMode        : \"fill\",\n\t\t\t\t\t\tcenterControls  : false,\n\t\t\t\t\t\tstartOnAppear   : false,\n\t\t\t\t\t\tlayersMode      : \"center\",\n\t\t\t\t\t\thideLayers      : false,\n\t\t\t\t\t\tfullscreenMargin: 0,\n\t\t\t\t\t\tspeed           : 20,\n\t\t\t\t\t\tdir             : \"h\",\n\t\t\t\t\t\tparallaxMode    : 'swipe',\n\t\t\t\t\t\tview            : \"basic\"\n\t\t\t\t});\n\n\t\t\t\t\n\t\t\t\twindow.masterslider_instances = window.masterslider_instances || [];\n\t\t\t\twindow.masterslider_instances.push( masterslider_b56c );\n\t\t\t });\n\n\t\t})(jQuery);\n\t\t<\/script>\n\n<\/div>\n<\/div>\n<\/div>\n<\/div>\n<div id=\"dechargements\">\n<div class=\"mesicont\">\n<h2>T\u00e9l\u00e9chargement de catalogues et de renseignements<\/h2>\n<div class=\"row\">\n<div class=\"col-md-4\" data-aos=\"fade-up\" data-aos-duration=\"1000\" data-aos-anchor-placement=\"center-bottom\"><img decoding=\"async\" title=\"FOLLETO CORPORATIVO\" src=\"http:\/\/metalurgicadesierras.com\/wp-content\/uploads\/2016\/09\/montaje_folleto_sp.jpg\" alt=\"\" \/><a class=\"botonazul\" href=\"https:\/\/mesisaws.com\/wp-content\/uploads\/2024\/02\/diptico_metalurgica_fr-en.pdf\" download=\"brochure d\u2019entreprise MESI\">T\u00e9l\u00e9chargement d\u2019une brochure d\u2019entreprise<\/a><\/div>\n<div class=\"col-md-4\" data-aos=\"fade-up\" data-aos-duration=\"1000\" data-aos-anchor-placement=\"center-bottom\"><img decoding=\"async\" src=\"http:\/\/metalurgicadesierras.com\/wp-content\/uploads\/2016\/09\/mockup_fichas_sp.jpg\" alt=\"\" \/><a class=\"botonazul\" href=\"https:\/\/mesisaws.com\/wp-content\/uploads\/2024\/02\/fichas_producto_fr.pdf\" download=\"fiches de produits MESI\">T\u00e9l\u00e9chargement de fiches de produits<\/a><\/div>\n<div class=\"col-md-4\" data-aos=\"fade-up\" data-aos-duration=\"1000\" data-aos-anchor-placement=\"center-bottom\"><img decoding=\"async\" src=\"http:\/\/metalurgicadesierras.com\/wp-content\/uploads\/2016\/09\/montaje_lista_medidas_sp.jpg\" alt=\"\" \/><a class=\"botonazul\" href=\"\/wp-content\/uploads\/2022\/05\/listado_medidas_2017_web.pdf\" download=\"liste de dimensions MESI\">T\u00e9l\u00e9chargement d\u2019une liste de dimensions<\/a><\/div>\n<\/div>\n<\/div>\n<figure><\/figure>\n<\/div>\n","protected":false},"excerpt":{"rendered":"<p>MESI SAWS &#038; BLADES D\u00e9couvrez notre entreprise Nous poss\u00e9dons plus de 40 ans d\u2019exp\u00e9rience dans l\u2019offre de solutions personnalis\u00e9es de d\u00e9coupe industrielle pour l\u2019industrie alimentaire. Nous disposons d\u2019une \u00e9quipe sp\u00e9cialis\u00e9e dans la satisfaction des besoins de chacun des clients qui ont fait confiance \u00e0 notre entreprise. En outre, conjointement \u00e0 nos fournisseurs, distributeurs, clients et &hellip; <a href=\"https:\/\/mesisaws.com\/fr\/a-propos-de-nous\/\" class=\"more-link\">Continuer la lecture<span class=\"screen-reader-text\"> de &laquo;&nbsp;\u00c0 propos de nous&nbsp;&raquo;<\/span><\/a><\/p>\n","protected":false},"author":1,"featured_media":0,"parent":0,"menu_order":0,"comment_status":"closed","ping_status":"closed","template":"mesi-basica.php","meta":{"_crdt_document":"","footnotes":""},"class_list":["post-512","page","type-page","status-publish","hentry"],"_links":{"self":[{"href":"https:\/\/mesisaws.com\/fr\/wp-json\/wp\/v2\/pages\/512","targetHints":{"allow":["GET"]}}],"collection":[{"href":"https:\/\/mesisaws.com\/fr\/wp-json\/wp\/v2\/pages"}],"about":[{"href":"https:\/\/mesisaws.com\/fr\/wp-json\/wp\/v2\/types\/page"}],"author":[{"embeddable":true,"href":"https:\/\/mesisaws.com\/fr\/wp-json\/wp\/v2\/users\/1"}],"replies":[{"embeddable":true,"href":"https:\/\/mesisaws.com\/fr\/wp-json\/wp\/v2\/comments?post=512"}],"version-history":[{"count":9,"href":"https:\/\/mesisaws.com\/fr\/wp-json\/wp\/v2\/pages\/512\/revisions"}],"predecessor-version":[{"id":953,"href":"https:\/\/mesisaws.com\/fr\/wp-json\/wp\/v2\/pages\/512\/revisions\/953"}],"wp:attachment":[{"href":"https:\/\/mesisaws.com\/fr\/wp-json\/wp\/v2\/media?parent=512"}],"curies":[{"name":"wp","href":"https:\/\/api.w.org\/{rel}","templated":true}]}}