{"id":563,"date":"2021-10-01T11:52:54","date_gmt":"2021-10-01T11:52:54","guid":{"rendered":"https:\/\/mesisaws.com\/corte-de-carne\/"},"modified":"2026-02-16T14:43:50","modified_gmt":"2026-02-16T14:43:50","slug":"scie-viande","status":"publish","type":"page","link":"https:\/\/mesisaws.com\/fr\/scie-viande\/","title":{"rendered":"Scie \u00e0 viande"},"content":{"rendered":"<div class=\"inicio-seccion\" id=\"cortecarne\" data-aos=\"fade-right\" data-aos-duration=\"1500\" data-aos-anchor-placement=\"center-bottom\" data-aos-delay=\"500\">\n<figure><\/figure>\n<\/div>\n<div class=\"introcorte\">\n<div class=\"mesicont\">\n<h1>Lames de scie \u00e0 ruban pour d\u00e9coupe de viandes<\/h1>\n<div class=\"row\">\n<div class=\"col-md-9\">\n<p>Lames de scie \u00e0 ruban fabriqu\u00e9es en aciers de grande qualit\u00e9 pour garantir les meilleurs r\u00e9sultats de d\u00e9coupe de tout type de viandes et d\u2019os. Diff\u00e9rentes configurations disponibles sur chaque dent, pour couvrir tous les besoins.<\/p>\n<\/div>\n<div class=\"col-md-3\"><a class=\"botonazul\" href=\"#medidas\">Consultez les dimensions<\/a><\/div>\n<\/div>\n<\/div>\n<\/div>\n<div class=\"corte1\">\n<div class=\"mesicont\">\n<div class=\"row\">\n<div class=\"col-md-6\" data-aos=\"fade-right\" data-aos-duration=\"1500\" data-aos-anchor-placement=\"center-bottom\">\n<div class=\"row\">\n<div class=\"col-md-5\"><img decoding=\"async\" class=\"myImages\" id=\"myImg\" src=\"\/wp-content\/uploads\/carne-3tpi.jpg\"><\/div>\n<div class=\"col-md-7\">\n<h5>3tpi<\/h5>\n<p>Taille de dent de 8,46 mm (3 dents par pouce)<\/p>\n<p>Pour la d\u00e9coupe de viande congel\u00e9e et fra\u00eeche, avec une d\u00e9coupe plus agressive et de grands volumes de production. Principalement utilis\u00e9 pour les machines avec une vitesse lin\u00e9aire sup\u00e9rieure \u00e0 20 m\/seconde.<\/p>\n<p>Disponible en acier inoxydable pour une hygi\u00e8ne maximale.<\/p>\n<\/div>\n<\/div>\n<\/div>\n<div class=\"col-md-6\" data-aos=\"fade-right\" data-aos-duration=\"1500\" data-aos-anchor-placement=\"center-bottom\">\n<div class=\"row\">\n<div class=\"col-md-5\"><img decoding=\"async\" class=\"myImages\" id=\"myImg\" src=\"\/wp-content\/uploads\/carne-4tpi.jpg\"><\/div>\n<div class=\"col-md-7\">\n<h5>4tpi<\/h5>\n<p>Taille de dent de 6,35 mm (4 dents par pouce)<\/p>\n<p>Id\u00e9al pour la d\u00e9coupe d\u2019os. \u00c9galement indiqu\u00e9 pour la d\u00e9coupe de viande congel\u00e9e et fra\u00eeche. Fournit une meilleure apparence en termes de d\u00e9coupe. Principalement utilis\u00e9 pour les machines avec une vitesse lin\u00e9aire inf\u00e9rieure \u00e0 20 m\/seconde.<\/p>\n<p>Disponible en acier inoxydable pour une hygi\u00e8ne maximale.<\/p>\n<\/div>\n<\/div>\n<\/div>\n<div class=\"col-md-6\" data-aos=\"fade-right\" data-aos-duration=\"1500\" data-aos-anchor-placement=\"center-bottom\">\n<div class=\"row\">\n<div class=\"col-md-5\"><img decoding=\"async\" class=\"myImages\" id=\"myImg\" src=\"\/wp-content\/uploads\/carne-6tpi.jpg\"><\/div>\n<div class=\"col-md-7\">\n<h5>6tpi<\/h5>\n<p>Taille de dent de 4,20 mm (6 dents par pouce)<\/p>\n<p>Pour la d\u00e9coupe de viande fra\u00eeche avec de petits os. La taille de dent r\u00e9duit les fractures des os, am\u00e9liore l\u2019apparence de la d\u00e9coupe et les r\u00e9sidus g\u00e9n\u00e9r\u00e9s.<\/p>\n<\/div>\n<\/div>\n<\/div>\n<div class=\"col-md-6\" data-aos=\"fade-right\" data-aos-duration=\"1500\" data-aos-anchor-placement=\"center-bottom\">\n<div class=\"row\">\n<div class=\"col-md-5\"><img decoding=\"async\" class=\"myImages\" id=\"myImg\" src=\"\/wp-content\/uploads\/carne-ct.jpg\"><\/div>\n<div class=\"col-md-7\">\n<h5>CTooth<\/h5>\n<p>Taille de dent de 10 mm.<\/p>\n<p>Profil de dent con\u00e7u avec une dent interm\u00e9diaire de taille inf\u00e9rieure afin d\u2019\u00e9viter l\u2019accumulation de r\u00e9sidus dans la zone de d\u00e9coupe des dents, am\u00e9liorant le rendement de la scie.<\/p>\n<p>Pour la d\u00e9coupe de viande congel\u00e9e et fra\u00eeche. Am\u00e9liore l\u2019apparence de la d\u00e9coupe.<\/p>\n<\/div>\n<\/div>\n<\/div>\n<div class=\"col-md-6\" data-aos=\"fade-right\" data-aos-duration=\"1500\" data-aos-anchor-placement=\"center-bottom\">\n<div class=\"row\">\n<div class=\"col-md-5\"><img decoding=\"async\" class=\"myImages\" id=\"myImg\" src=\"\/wp-content\/uploads\/carne-halfmoon.jpg\"><\/div>\n<div class=\"col-md-7\">\n<h5>Halfmoon<\/h5>\n<p>Taille de dent de 7 mm. Profil ondul\u00e9<\/p>\n<p>Pour la d\u00e9coupe de viande fra\u00eeche sans os ou avec de petits os. Particuli\u00e8rement indiqu\u00e9e pour la d\u00e9coupe d\u2019agneau. Id\u00e9al pour obtenir des d\u00e9coupes nettes et de la meilleure apparence.<\/p>\n<\/div>\n<\/div>\n<\/div>\n<div class=\"col-md-6\" data-aos=\"fade-right\" data-aos-duration=\"1500\" data-aos-anchor-placement=\"center-bottom\">\n<div class=\"row\">\n<div class=\"col-md-5\"><img decoding=\"async\" class=\"myImages\" id=\"myImg\" src=\"\/wp-content\/uploads\/carne-cortexvary.jpg\"><\/div>\n<div class=\"col-md-7\">\n<h5>CORTEX Vary<\/h5>\n<p>Taille de dent variable<\/p>\n<p>Id\u00e9al pour la d\u00e9coupe de viande contenant des os et des os \u00e0 grande densit\u00e9 osseuse. Parfait pour la d\u00e9coupe de b\u0153uf en g\u00e9n\u00e9ral, en cas de vouloir obtenir de grands volumes de rendement.<\/p>\n<p>Denture sp\u00e9ciale pour une plus grande \u00e9vacuation des r\u00e9sidus et obtenir une vitesse de d\u00e9coupe plus importante.<\/p>\n<p>Particuli\u00e8rement indiqu\u00e9 pour les cha\u00eenes de d\u00e9coupe automatiques o\u00f9 le rendement d\u2019une lame standard n\u2019est pas suffisant.<\/p>\n<\/div>\n<\/div>\n<\/div>\n<div class=\"col-md-6\" data-aos=\"fade-right\" data-aos-duration=\"1500\" data-aos-anchor-placement=\"center-bottom\">\n<div class=\"row\">\n<div class=\"col-md-5\"><img decoding=\"async\" class=\"myImages\" id=\"myImg\" src=\"\/wp-content\/uploads\/carne-diamant-4tpi.jpg\"><\/div>\n<div class=\"col-md-7\">\n<h5>DIAMANT  4tpi<\/h5>\n<p>Taille de dent de 6,35 mm (4 dents par pouce)<\/p>\n<p>Id\u00e9al pour la d\u00e9coupe de viande contenant des os et des os \u00e0 grande densit\u00e9 osseuse. Parfait pour la d\u00e9coupe de b\u0153uf en g\u00e9n\u00e9ral, en cas de vouloir obtenir de grands volumes de rendement.<\/p>\n<p>Particuli\u00e8rement indiqu\u00e9 pour les cha\u00eenes de d\u00e9coupe automatiques o\u00f9 le rendement d\u2019une lame standard n\u2019est pas suffisant.<\/p>\n<\/div>\n<\/div>\n<\/div>\n<\/div>\n<\/div>\n<\/div>\n<div class=\"corte2\">\n<div class=\"mesicont\">\n<h2>D\u00e9coupe de viande de volailles<\/h2>\n<div class=\"row\">\n<div class=\"col-md-6\" data-aos=\"fade-right\" data-aos-duration=\"1500\" data-aos-anchor-placement=\"center-bottom\">\n<div class=\"row\">\n<div class=\"col-md-5\"><img decoding=\"async\" class=\"myImages\" id=\"myImg\" src=\"\/wp-content\/uploads\/carne-4tpi.jpg\"><\/div>\n<div class=\"col-md-7\">\n<h5>4tpi<\/h5>\n<p>Taille de dent de 6,35 mm (4 dents par pouce)<\/p>\n<p>Id\u00e9al pour la d\u00e9coupe d\u2019os. \u00c9galement indiqu\u00e9 pour la d\u00e9coupe de viande congel\u00e9e et fra\u00eeche. Fournit une meilleure apparence en termes de d\u00e9coupe. Principalement utilis\u00e9 pour les machines avec une vitesse lin\u00e9aire inf\u00e9rieure \u00e0 20 m\/seconde.<\/p>\n<p>Disponible en acier inoxydable pour une hygi\u00e8ne maximale.<\/p>\n<\/div>\n<\/div>\n<\/div>\n<div class=\"col-md-6\" data-aos=\"fade-right\" data-aos-duration=\"1500\" data-aos-anchor-placement=\"center-bottom\">\n<div class=\"row\">\n<div class=\"col-md-5\"><img decoding=\"async\" class=\"myImages\" id=\"myImg\" src=\"\/wp-content\/uploads\/carne-6tpi.jpg\"><\/div>\n<div class=\"col-md-7\">\n<h5>6tpi<\/h5>\n<p>Taille de dent de 4,20 mm (6 dents par pouce)<\/p>\n<p>Pour la d\u00e9coupe de viande fra\u00eeche avec de petits os. La taille de dent r\u00e9duit les fractures des os, am\u00e9liore l\u2019apparence de la d\u00e9coupe et les r\u00e9sidus g\u00e9n\u00e9r\u00e9s.<\/p>\n<\/div>\n<\/div>\n<\/div>\n<div class=\"col-md-6\" data-aos=\"fade-right\" data-aos-duration=\"1500\" data-aos-anchor-placement=\"center-bottom\">\n<div class=\"row\">\n<div class=\"col-md-5\"><img decoding=\"async\" class=\"myImages\" id=\"myImg\" src=\"\/wp-content\/uploads\/carne-halfmoon.jpg\"><\/div>\n<div class=\"col-md-7\">\n<h5>Halfmoon<\/h5>\n<p>Taille de dent de 7 mm. Profil ondul\u00e9<\/p>\n<p>Pour la d\u00e9coupe de viande fra\u00eeche sans os ou avec de petits os. Particuli\u00e8rement indiqu\u00e9 pour la d\u00e9coupe d\u2019agneau. Id\u00e9al pour obtenir des d\u00e9coupes nettes et avec la meilleure apparence.<\/p>\n<\/div>\n<\/div>\n<\/div>\n<div class=\"col-md-6\" data-aos=\"fade-right\" data-aos-duration=\"1500\" data-aos-anchor-placement=\"center-bottom\">\n<div class=\"row\">\n<div class=\"col-md-5\"><img decoding=\"async\" class=\"myImages\" id=\"myImg\" src=\"\/wp-content\/uploads\/fileteado-convexo.jpg\"><\/div>\n<div class=\"col-md-7\">\n<h5>Convexe<\/h5>\n<p>Taille de dent de 15 mm. Profil ondul\u00e9 et biseaut\u00e9.<\/p>\n<p>Id\u00e9al pour la d\u00e9coupe de volailles. Parfait \u00e9galement pour la d\u00e9coupe de produits frais tels que les fromages, le poisson, la charcuterie, les l\u00e9gumes, la viande de volaille&#8230;<\/p>\n<p>D\u00e9coupes propres et sans r\u00e9sidus.<\/p>\n<\/div>\n<\/div>\n<\/div>\n<\/div>\n<\/div>\n<figure><\/figure>\n<figure><\/figure>\n<\/div>\n<div id=\"myModal\" class=\"modal\">\n  <span class=\"close\">&times;<\/span><br \/>\n  <img class=\"modal-content\" id=\"img01\"><\/p>\n<div id=\"caption\"><\/div>\n<\/div>\n<div class=\"tablacorte\" id=\"medidas\">\n<div class=\"mesicont\">\n<h2>DIMENSIONS DES SCIES POUR LA D\u00c9COUPE DE VIANDE<\/h2>\n<p><img decoding=\"async\" src=\"\/wp-content\/uploads\/tabla-carne.jpg\" data-aos=\"fade-up\" data-aos-duration=\"1000\" data-aos-anchor-placement=\"center-bottom\">\n<\/div>\n<\/div>\n<div class=\"contacto\">\n<div class=\"mesicont\">\n<h2>Demandez des informations<\/h2>\n<div class=\"formulario\" data-aos=\"fade-up\" data-aos-duration=\"1000\" data-aos-anchor-placement=\"center-bottom\">\n\n<div class=\"wpcf7 no-js\" id=\"wpcf7-f590-o1\" lang=\"fr-FR\" dir=\"ltr\" data-wpcf7-id=\"590\">\n<div class=\"screen-reader-response\"><p role=\"status\" aria-live=\"polite\" aria-atomic=\"true\"><\/p> <ul><\/ul><\/div>\n<form action=\"\/fr\/wp-json\/wp\/v2\/pages\/563#wpcf7-f590-o1\" method=\"post\" class=\"wpcf7-form init\" aria-label=\"Formulaire de contact\" novalidate=\"novalidate\" data-status=\"init\">\n<fieldset class=\"hidden-fields-container\"><input type=\"hidden\" name=\"_wpcf7\" value=\"590\" \/><input type=\"hidden\" name=\"_wpcf7_version\" value=\"6.1.5\" \/><input type=\"hidden\" name=\"_wpcf7_locale\" value=\"fr_FR\" \/><input type=\"hidden\" name=\"_wpcf7_unit_tag\" value=\"wpcf7-f590-o1\" \/><input type=\"hidden\" name=\"_wpcf7_container_post\" value=\"0\" \/><input type=\"hidden\" name=\"_wpcf7_posted_data_hash\" value=\"\" \/><input type=\"hidden\" name=\"_wpcf7_recaptcha_response\" value=\"\" \/>\n<\/fieldset>\n<div class=\"row\">\n\t<div class=\"col-md-6\">\n\t\t<p><label><span class=\"wpcf7-form-control-wrap\" data-name=\"your-name\"><input size=\"40\" maxlength=\"400\" class=\"wpcf7-form-control wpcf7-text wpcf7-validates-as-required\" aria-required=\"true\" aria-invalid=\"false\" placeholder=\"Nom\" value=\"\" type=\"text\" name=\"your-name\" \/><\/span> <\/label><br \/>\n<label><span class=\"wpcf7-form-control-wrap\" data-name=\"your-email\"><input size=\"40\" maxlength=\"400\" class=\"wpcf7-form-control wpcf7-email wpcf7-validates-as-required wpcf7-text wpcf7-validates-as-email\" aria-required=\"true\" aria-invalid=\"false\" placeholder=\"E-mail\" value=\"\" type=\"email\" name=\"your-email\" \/><\/span> <\/label><br \/>\n<label><span class=\"wpcf7-form-control-wrap\" data-name=\"tel-535\"><input size=\"40\" maxlength=\"400\" class=\"wpcf7-form-control wpcf7-tel wpcf7-validates-as-required wpcf7-text wpcf7-validates-as-tel\" aria-required=\"true\" aria-invalid=\"false\" placeholder=\"T\u00e9l\u00e9phone\" value=\"\" type=\"tel\" name=\"tel-535\" \/><\/span><\/label><br \/>\n<label><span class=\"wpcf7-form-control-wrap\" data-name=\"empresa\"><input size=\"40\" maxlength=\"400\" class=\"wpcf7-form-control wpcf7-text wpcf7-validates-as-required\" aria-required=\"true\" aria-invalid=\"false\" placeholder=\"Entreprise\" value=\"\" type=\"text\" name=\"empresa\" \/><\/span> <\/label>\n\t\t<\/p>\n\t<\/div>\n\t<div class=\"col-md-6\">\n\t\t<p><label><span class=\"wpcf7-form-control-wrap\" data-name=\"your-subject\"><input size=\"40\" maxlength=\"400\" class=\"wpcf7-form-control wpcf7-text\" aria-invalid=\"false\" placeholder=\"Objet\" value=\"\" type=\"text\" name=\"your-subject\" \/><\/span> <\/label><br \/>\n<label><span class=\"wpcf7-form-control-wrap\" data-name=\"your-message\"><textarea cols=\"40\" rows=\"10\" maxlength=\"2000\" class=\"wpcf7-form-control wpcf7-textarea\" aria-invalid=\"false\" placeholder=\"Message\" name=\"your-message\"><\/textarea><\/span> <\/label><br \/>\n<span class=\"wpcf7-form-control-wrap\" data-name=\"acceptance-212\"><span class=\"wpcf7-form-control wpcf7-acceptance\"><span class=\"wpcf7-list-item\"><label><input type=\"checkbox\" name=\"acceptance-212\" value=\"1\" aria-invalid=\"false\" \/><span class=\"wpcf7-list-item-label\">J\u2019ai lu et accept\u00e9 la <a href=\"\/politica-de-privacidad\/\" target=\"_blank\" rel=\"nofollow\">politique de confidentialit\u00e9<\/a><\/span><\/label><\/span><\/span><\/span><br \/>\n<input class=\"wpcf7-form-control wpcf7-submit has-spinner\" type=\"submit\" value=\"Envoyer\" \/>\n\t\t<\/p>\n\t<\/div>\n<\/div><div class=\"wpcf7-response-output\" aria-hidden=\"true\"><\/div>\n<\/form>\n<\/div>\n\n<\/div>\n<\/div>\n<figure><\/figure>\n<\/div>\n","protected":false},"excerpt":{"rendered":"<p>Lames de scie \u00e0 ruban pour d\u00e9coupe de viandes Lames de scie \u00e0 ruban fabriqu\u00e9es en aciers de grande qualit\u00e9 pour garantir les meilleurs r\u00e9sultats de d\u00e9coupe de tout type de viandes et d\u2019os. Diff\u00e9rentes configurations disponibles sur chaque dent, pour couvrir tous les besoins. Consultez les dimensions 3tpi Taille de dent de 8,46 mm &hellip; <a href=\"https:\/\/mesisaws.com\/fr\/scie-viande\/\" class=\"more-link\">Continuer la lecture<span class=\"screen-reader-text\"> de &laquo;&nbsp;Scie \u00e0 viande&nbsp;&raquo;<\/span><\/a><\/p>\n","protected":false},"author":1,"featured_media":0,"parent":0,"menu_order":0,"comment_status":"closed","ping_status":"closed","template":"mesi-basica.php","meta":{"_crdt_document":"","footnotes":""},"class_list":["post-563","page","type-page","status-publish","hentry"],"_links":{"self":[{"href":"https:\/\/mesisaws.com\/fr\/wp-json\/wp\/v2\/pages\/563","targetHints":{"allow":["GET"]}}],"collection":[{"href":"https:\/\/mesisaws.com\/fr\/wp-json\/wp\/v2\/pages"}],"about":[{"href":"https:\/\/mesisaws.com\/fr\/wp-json\/wp\/v2\/types\/page"}],"author":[{"embeddable":true,"href":"https:\/\/mesisaws.com\/fr\/wp-json\/wp\/v2\/users\/1"}],"replies":[{"embeddable":true,"href":"https:\/\/mesisaws.com\/fr\/wp-json\/wp\/v2\/comments?post=563"}],"version-history":[{"count":5,"href":"https:\/\/mesisaws.com\/fr\/wp-json\/wp\/v2\/pages\/563\/revisions"}],"predecessor-version":[{"id":982,"href":"https:\/\/mesisaws.com\/fr\/wp-json\/wp\/v2\/pages\/563\/revisions\/982"}],"wp:attachment":[{"href":"https:\/\/mesisaws.com\/fr\/wp-json\/wp\/v2\/media?parent=563"}],"curies":[{"name":"wp","href":"https:\/\/api.w.org\/{rel}","templated":true}]}}