{"id":566,"date":"2021-10-01T11:58:37","date_gmt":"2021-10-01T11:58:37","guid":{"rendered":"https:\/\/mesisaws.com\/corte-de-pescado\/"},"modified":"2026-02-16T14:43:39","modified_gmt":"2026-02-16T14:43:39","slug":"scie-poisson","status":"publish","type":"page","link":"https:\/\/mesisaws.com\/fr\/scie-poisson\/","title":{"rendered":"Scie \u00e0 poisson"},"content":{"rendered":"<div class=\"inicio-seccion\" id=\"cortepescado\" data-aos=\"fade-right\" data-aos-duration=\"1500\" data-aos-anchor-placement=\"center-bottom\" data-aos-delay=\"500\">\n<figure><\/figure>\n<\/div>\n<div class=\"introcorte\">\n<div class=\"mesicont\">\n<h1>Scies \u00e0 ruban pour la d\u00e9coupe de poisson<\/h1>\n<div class=\"row\">\n<div class=\"col-md-9\">\n<p>Lames de scie \u00e0 ruban fabriqu\u00e9es avec des aciers de grande qualit\u00e9 pour garantir les meilleurs r\u00e9sultats de d\u00e9coupe de tout type de poissons frais, congel\u00e9s et surgel\u00e9s \u00e0 -40 \/ 60 \u00baC. Diff\u00e9rentes configurations disponibles sur chaque dent, pour couvrir tous les besoins.<\/p>\n<\/div>\n<div class=\"col-md-3\"><a class=\"botonazul\" href=\"#medidas\">Consultez les dimensions<\/a><\/div>\n<\/div>\n<\/div>\n<\/div>\n<div class=\"corte1\">\n<div class=\"mesicont\">\n<div class=\"row\">\n<div class=\"col-md-6\" data-aos=\"fade-right\" data-aos-duration=\"1500\" data-aos-anchor-placement=\"center-bottom\">\n<div class=\"row\">\n<div class=\"col-md-5\"><img decoding=\"async\" class=\"myImages\" id=\"myImg\" src=\"\/wp-content\/uploads\/pescado-3tpi.jpg\"><\/div>\n<div class=\"col-md-7\">\n<h5>3tpi<\/h5>\n<p>Taille de dent de 8,46 mm (3 dents par pouce)<\/p>\n<p>Pour la d\u00e9coupe de poisson surgel\u00e9, en g\u00e9n\u00e9ral.<\/p>\n<\/div>\n<\/div>\n<\/div>\n<div class=\"col-md-6\" data-aos=\"fade-right\" data-aos-duration=\"1500\" data-aos-anchor-placement=\"center-bottom\">\n<div class=\"row\">\n<div class=\"col-md-5\"><img decoding=\"async\" class=\"myImages\" id=\"myImg\" src=\"\/wp-content\/uploads\/pescado-cortexvary-df.jpg\"><\/div>\n<div class=\"col-md-7\">\n<h5>CORTEX  Vary DF<\/h5>\n<p>Taille de dent de 8,46 mm (3 dents par pouce).<\/p>\n<p>Sp\u00e9cialement con\u00e7u pour la d\u00e9coupe de poisson ultra surgel\u00e9 \u00e0 -40 \/ 60 \u00baC. \u00c9galement indiqu\u00e9 pour la d\u00e9coupe de glace<\/p>\n<\/div>\n<\/div>\n<\/div>\n<div class=\"col-md-6\" data-aos=\"fade-right\" data-aos-duration=\"1500\" data-aos-anchor-placement=\"center-bottom\">\n<div class=\"row\">\n<div class=\"col-md-5\"><img decoding=\"async\" class=\"myImages\" id=\"myImg\" src=\"\/wp-content\/uploads\/pescado-3tpi-bright.jpg\"><\/div>\n<div class=\"col-md-7\">\n<h5>3tpi Brillant<\/h5>\n<p>Taille de dent de 8,46 mm (3 dents par pouce)<\/p>\n<p>Dent tremp\u00e9e \u00e0 finition brillante. Le meilleur choix pour d\u00e9couper du poisson en cas de devoir minimiser le risque d\u2019apparition de taches dessus.<\/p>\n<\/div>\n<\/div>\n<\/div>\n<div class=\"col-md-6\" data-aos=\"fade-right\" data-aos-duration=\"1500\" data-aos-anchor-placement=\"center-bottom\">\n<div class=\"row\">\n<div class=\"col-md-5\"><img decoding=\"async\" class=\"myImages\" id=\"myImg\" src=\"\/wp-content\/uploads\/pescado-3tpi-inox.jpg\"><\/div>\n<div class=\"col-md-7\">\n<h5>3tpi Inoxidable<\/h5>\n<p>Taille de dent de 8,46 mm (3 dents par pouce)<\/p>\n<p>Fabriqu\u00e9e en acier inoxydable pour une plus grande hygi\u00e8ne.<\/p>\n<\/div>\n<\/div>\n<\/div>\n<\/div>\n<\/div>\n<\/div>\n<div class=\"corte2\">\n<div class=\"mesicont\">\n<h2>D\u00c9COUPE DE THONS ET DE GRANDS POISSONS<\/h2>\n<div class=\"row\">\n<div class=\"col-md-6\" data-aos=\"fade-left\" data-aos-duration=\"1500\" data-aos-anchor-placement=\"center-bottom\">\n<div class=\"row\">\n<div class=\"col-md-5\"><img decoding=\"async\" class=\"myImages\" id=\"myImg\" src=\"\/wp-content\/uploads\/pescado-2tpi.jpg\"><\/div>\n<div class=\"col-md-7\">\n<h5>2tpi<\/h5>\n<p>Taille de dent de 12,7mm (2 dents par pouce)<\/p>\n<p>Dimensions et configurations sp\u00e9cifiques pour la d\u00e9coupe de grands poissons congel\u00e9s, thonid\u00e9s, espadon, poisson-empereur, marlin&#8230;<\/p>\n<\/div>\n<\/div>\n<\/div>\n<div class=\"col-md-6\" data-aos=\"fade-left\" data-aos-duration=\"1500\" data-aos-anchor-placement=\"center-bottom\">\n<div class=\"row\">\n<div class=\"col-md-5\"><img decoding=\"async\" class=\"myImages\" id=\"myImg\" src=\"\/wp-content\/uploads\/pescado-3tpi.jpg\"><\/div>\n<div class=\"col-md-7\">\n<h5>3tpi<\/h5>\n<p>Taille de dent de 8,46 mm (3 dents par pouce)<\/p>\n<p>Dimensions et configurations sp\u00e9cifiques pour la d\u00e9coupe de grands poissons congel\u00e9s, thonid\u00e9s, espadon, poisson-empereur, marlin&#8230;<\/p>\n<\/div>\n<\/div>\n<\/div>\n<div class=\"col-md-6\" data-aos=\"fade-left\" data-aos-duration=\"1500\" data-aos-anchor-placement=\"center-bottom\">\n<div class=\"row\">\n<div class=\"col-md-5\"><img decoding=\"async\" class=\"myImages\" id=\"myImg\" src=\"\/wp-content\/uploads\/pescado-cortexvary-df.jpg\"><\/div>\n<div class=\"col-md-7\">\n<h5>CORTEX  Vary DF<\/h5>\n<p>Taille de dent de 8,46 mm (3 dents par pouce).<\/p>\n<p>Sp\u00e9cialement con\u00e7u pour la d\u00e9coupe de poisson surgel\u00e9 \u00e0 -40 \/ 60 \u00baC. \u00c9galement indiqu\u00e9 pour la d\u00e9coupe de glace<\/p>\n<\/div>\n<\/div>\n<\/div>\n<\/div>\n<\/div>\n<figure><\/figure>\n<figure><\/figure>\n<\/div>\n<div class=\"corte3\">\n<div class=\"mesicont\">\n<h2>D\u00e9coupe et filetage de poisson frais<\/h2>\n<div class=\"row\">\n<div class=\"col-md-6\" data-aos=\"fade-right\" data-aos-duration=\"1500\" data-aos-anchor-placement=\"center-bottom\">\n<div class=\"row\">\n<div class=\"col-md-5\"><img decoding=\"async\" class=\"myImages\" id=\"myImg\" src=\"\/wp-content\/uploads\/pescado-concavo.jpg\"><\/div>\n<div class=\"col-md-7\">\n<h5>Concave<\/h5>\n<p>Taille de dent de 12,5 mm. Profil ondul\u00e9 et biseaut\u00e9.<\/p>\n<p>Id\u00e9al pour d\u00e9couper du poisson frais et de la morue sal\u00e9e, avec une apparence de coupe propre et sans r\u00e9sidus. Minimum de pertes.<\/p>\n<\/div>\n<\/div>\n<\/div>\n<div class=\"col-md-6\" data-aos=\"fade-right\" data-aos-duration=\"1500\" data-aos-anchor-placement=\"center-bottom\">\n<div class=\"row\">\n<div class=\"col-md-5\"><img decoding=\"async\" class=\"myImages\" id=\"myImg\" src=\"\/wp-content\/uploads\/pescado-convexo.jpg\"><\/div>\n<div class=\"col-md-7\">\n<h5>Convexe<\/h5>\n<p>Taille de dent de 15 mm. Profil ondul\u00e9 et biseaut\u00e9.<\/p>\n<p>Id\u00e9al pour d\u00e9couper du poisson frais et de la morue sal\u00e9e, avec une apparence de coupe propre et sans r\u00e9sidus. Minimum de pertes.<\/p>\n<\/div>\n<\/div>\n<\/div>\n<div class=\"col-md-6\" data-aos=\"fade-right\" data-aos-duration=\"1500\" data-aos-anchor-placement=\"center-bottom\">\n<div class=\"row\">\n<div class=\"col-md-5\"><img decoding=\"async\" class=\"myImages\" id=\"myImg\" src=\"\/wp-content\/uploads\/pescado-db.jpg\"><\/div>\n<div class=\"col-md-7\">\n<h5>DB<\/h5>\n<p>Ruban de lame avec tranchant et biseau des deux c\u00f4t\u00e9s.<\/p>\n<p>Pour la d\u00e9coupe et le filetage de poisson frais. D\u00e9coupe propre et sans r\u00e9sidus.<\/p>\n<p>Disponible en acier inoxydable pour une plus grande hygi\u00e8ne.<\/p>\n<\/div>\n<\/div>\n<\/div>\n<\/div>\n<\/div>\n<\/div>\n<div class=\"corte4\">\n<div class=\"mesicont\">\n<h2>D\u00e9coupe de morue sal\u00e9e<\/h2>\n<div class=\"row\">\n<div class=\"col-md-6\" data-aos=\"fade-left\" data-aos-duration=\"1500\" data-aos-anchor-placement=\"center-bottom\">\n<div class=\"row\">\n<div class=\"col-md-5\"><img decoding=\"async\" class=\"myImages\" id=\"myImg\" src=\"\/wp-content\/uploads\/pescado-3tpi.jpg\"><\/div>\n<div class=\"col-md-7\">\n<h5>3tpi<\/h5>\n<p>Taille de dent de 8,46 mm (3 dents par pouce)<\/p>\n<p>Pour la d\u00e9coupe de poisson congel\u00e9, en g\u00e9n\u00e9ral.<\/p>\n<\/div>\n<\/div>\n<\/div>\n<div class=\"col-md-6\" data-aos=\"fade-left\" data-aos-duration=\"1500\" data-aos-anchor-placement=\"center-bottom\">\n<div class=\"row\">\n<div class=\"col-md-5\"><img decoding=\"async\" class=\"myImages\" id=\"myImg\" src=\"\/wp-content\/uploads\/pescado-3tpi-bright.jpg\"><\/div>\n<div class=\"col-md-7\">\n<h5>3tpi Brillant<\/h5>\n<p>Taille de dent de 8,46 mm (3 dents par pouce)<\/p>\n<p>Dent tremp\u00e9e \u00e0 finition brillante. Le meilleur choix pour d\u00e9couper du poisson en cas de devoir minimiser le risque d\u2019apparition de taches dessus.<\/p>\n<\/div>\n<\/div>\n<\/div>\n<div class=\"col-md-6\" data-aos=\"fade-left\" data-aos-duration=\"1500\" data-aos-anchor-placement=\"center-bottom\">\n<div class=\"row\">\n<div class=\"col-md-5\"><img decoding=\"async\" class=\"myImages\" id=\"myImg\" src=\"\/wp-content\/uploads\/pescado-concavo.jpg\"><\/div>\n<div class=\"col-md-7\">\n<h5>Concave<\/h5>\n<p>Taille de dent de 12,5 mm. Profil ondul\u00e9 et biseaut\u00e9.<\/p>\n<p>Id\u00e9al pour d\u00e9couper du poisson frais et de la morue sal\u00e9e, avec une apparence de coupe propre et sans r\u00e9sidus. Minimum de pertes.<\/p>\n<\/div>\n<\/div>\n<\/div>\n<div class=\"col-md-6\" data-aos=\"fade-left\" data-aos-duration=\"1500\" data-aos-anchor-placement=\"center-bottom\">\n<div class=\"row\">\n<div class=\"col-md-5\"><img decoding=\"async\" class=\"myImages\" id=\"myImg\" src=\"\/wp-content\/uploads\/pescado-convexo.jpg\"><\/div>\n<div class=\"col-md-7\">\n<h5>Convexe<\/h5>\n<p>Taille de dent de 15 mm. Profil ondul\u00e9 et biseaut\u00e9.<\/p>\n<p>Id\u00e9al pour d\u00e9couper du poisson frais et de la morue sal\u00e9e, avec une apparence de coupe propre et sans r\u00e9sidus. Minimum de pertes.<\/p>\n<\/div>\n<\/div>\n<\/div>\n<div class=\"col-md-6\" data-aos=\"fade-left\" data-aos-duration=\"1500\" data-aos-anchor-placement=\"center-bottom\">\n<div class=\"row\">\n<div class=\"col-md-5\"><img decoding=\"async\" class=\"myImages\" id=\"myImg\" src=\"\/wp-content\/uploads\/pescado-halfmoon.jpg\"><\/div>\n<div class=\"col-md-7\">\n<h5>Halfmoon<\/h5>\n<p>Taille de dent de 7 mm. Profil ondul\u00e9<\/p>\n<p>Id\u00e9al pour d\u00e9couper du poisson frais et de la morue sal\u00e9e, avec une apparence de coupe propre et sans r\u00e9sidus. Minimum de pertes.<\/p>\n<\/div>\n<\/div>\n<\/div>\n<\/div>\n<\/div>\n<figure><\/figure>\n<figure><\/figure>\n<\/div>\n<div id=\"myModal\" class=\"modal\">\n  <span class=\"close\">&times;<\/span><br \/>\n  <img class=\"modal-content\" id=\"img01\"><\/p>\n<div id=\"caption\"><\/div>\n<\/div>\n<div class=\"tablacorte\" id=\"medidas\">\n<div class=\"mesicont\">\n<h2>DIMENSIONS DES SCIES POUR LE D\u00c9COUPE DE POISSON<\/h2>\n<p><img decoding=\"async\" src=\"\/wp-content\/uploads\/tabla-pescado.jpg\" data-aos=\"fade-up\" data-aos-duration=\"1000\" data-aos-anchor-placement=\"center-bottom\">\n<\/div>\n<\/div>\n<div class=\"contacto\">\n<div class=\"mesicont\">\n<h2>Demandez des informations<\/h2>\n<div class=\"formulario\" data-aos=\"fade-up\" data-aos-duration=\"1000\" data-aos-anchor-placement=\"center-bottom\">\n\n<div class=\"wpcf7 no-js\" id=\"wpcf7-f590-o1\" lang=\"fr-FR\" dir=\"ltr\" data-wpcf7-id=\"590\">\n<div class=\"screen-reader-response\"><p role=\"status\" aria-live=\"polite\" aria-atomic=\"true\"><\/p> <ul><\/ul><\/div>\n<form action=\"\/fr\/wp-json\/wp\/v2\/pages\/566#wpcf7-f590-o1\" method=\"post\" class=\"wpcf7-form init\" aria-label=\"Formulaire de contact\" novalidate=\"novalidate\" data-status=\"init\">\n<fieldset class=\"hidden-fields-container\"><input type=\"hidden\" name=\"_wpcf7\" value=\"590\" \/><input type=\"hidden\" name=\"_wpcf7_version\" value=\"6.1.5\" \/><input type=\"hidden\" name=\"_wpcf7_locale\" value=\"fr_FR\" \/><input type=\"hidden\" name=\"_wpcf7_unit_tag\" value=\"wpcf7-f590-o1\" \/><input type=\"hidden\" name=\"_wpcf7_container_post\" value=\"0\" \/><input type=\"hidden\" name=\"_wpcf7_posted_data_hash\" value=\"\" \/><input type=\"hidden\" name=\"_wpcf7_recaptcha_response\" value=\"\" \/>\n<\/fieldset>\n<div class=\"row\">\n\t<div class=\"col-md-6\">\n\t\t<p><label><span class=\"wpcf7-form-control-wrap\" data-name=\"your-name\"><input size=\"40\" maxlength=\"400\" class=\"wpcf7-form-control wpcf7-text wpcf7-validates-as-required\" aria-required=\"true\" aria-invalid=\"false\" placeholder=\"Nom\" value=\"\" type=\"text\" name=\"your-name\" \/><\/span> <\/label><br \/>\n<label><span class=\"wpcf7-form-control-wrap\" data-name=\"your-email\"><input size=\"40\" maxlength=\"400\" class=\"wpcf7-form-control wpcf7-email wpcf7-validates-as-required wpcf7-text wpcf7-validates-as-email\" aria-required=\"true\" aria-invalid=\"false\" placeholder=\"E-mail\" value=\"\" type=\"email\" name=\"your-email\" \/><\/span> <\/label><br \/>\n<label><span class=\"wpcf7-form-control-wrap\" data-name=\"tel-535\"><input size=\"40\" maxlength=\"400\" class=\"wpcf7-form-control wpcf7-tel wpcf7-validates-as-required wpcf7-text wpcf7-validates-as-tel\" aria-required=\"true\" aria-invalid=\"false\" placeholder=\"T\u00e9l\u00e9phone\" value=\"\" type=\"tel\" name=\"tel-535\" \/><\/span><\/label><br \/>\n<label><span class=\"wpcf7-form-control-wrap\" data-name=\"empresa\"><input size=\"40\" maxlength=\"400\" class=\"wpcf7-form-control wpcf7-text wpcf7-validates-as-required\" aria-required=\"true\" aria-invalid=\"false\" placeholder=\"Entreprise\" value=\"\" type=\"text\" name=\"empresa\" \/><\/span> <\/label>\n\t\t<\/p>\n\t<\/div>\n\t<div class=\"col-md-6\">\n\t\t<p><label><span class=\"wpcf7-form-control-wrap\" data-name=\"your-subject\"><input size=\"40\" maxlength=\"400\" class=\"wpcf7-form-control wpcf7-text\" aria-invalid=\"false\" placeholder=\"Objet\" value=\"\" type=\"text\" name=\"your-subject\" \/><\/span> <\/label><br \/>\n<label><span class=\"wpcf7-form-control-wrap\" data-name=\"your-message\"><textarea cols=\"40\" rows=\"10\" maxlength=\"2000\" class=\"wpcf7-form-control wpcf7-textarea\" aria-invalid=\"false\" placeholder=\"Message\" name=\"your-message\"><\/textarea><\/span> <\/label><br \/>\n<span class=\"wpcf7-form-control-wrap\" data-name=\"acceptance-212\"><span class=\"wpcf7-form-control wpcf7-acceptance\"><span class=\"wpcf7-list-item\"><label><input type=\"checkbox\" name=\"acceptance-212\" value=\"1\" aria-invalid=\"false\" \/><span class=\"wpcf7-list-item-label\">J\u2019ai lu et accept\u00e9 la <a href=\"\/politica-de-privacidad\/\" target=\"_blank\" rel=\"nofollow\">politique de confidentialit\u00e9<\/a><\/span><\/label><\/span><\/span><\/span><br \/>\n<input class=\"wpcf7-form-control wpcf7-submit has-spinner\" type=\"submit\" value=\"Envoyer\" \/>\n\t\t<\/p>\n\t<\/div>\n<\/div><div class=\"wpcf7-response-output\" aria-hidden=\"true\"><\/div>\n<\/form>\n<\/div>\n\n<\/div>\n<\/div>\n<figure><\/figure>\n<\/div>\n","protected":false},"excerpt":{"rendered":"<p>Scies \u00e0 ruban pour la d\u00e9coupe de poisson Lames de scie \u00e0 ruban fabriqu\u00e9es avec des aciers de grande qualit\u00e9 pour garantir les meilleurs r\u00e9sultats de d\u00e9coupe de tout type de poissons frais, congel\u00e9s et surgel\u00e9s \u00e0 -40 \/ 60 \u00baC. Diff\u00e9rentes configurations disponibles sur chaque dent, pour couvrir tous les besoins. Consultez les dimensions &hellip; <a href=\"https:\/\/mesisaws.com\/fr\/scie-poisson\/\" class=\"more-link\">Continuer la lecture<span class=\"screen-reader-text\"> de &laquo;&nbsp;Scie \u00e0 poisson&nbsp;&raquo;<\/span><\/a><\/p>\n","protected":false},"author":1,"featured_media":0,"parent":0,"menu_order":0,"comment_status":"closed","ping_status":"closed","template":"mesi-basica.php","meta":{"_crdt_document":"","footnotes":""},"class_list":["post-566","page","type-page","status-publish","hentry"],"_links":{"self":[{"href":"https:\/\/mesisaws.com\/fr\/wp-json\/wp\/v2\/pages\/566","targetHints":{"allow":["GET"]}}],"collection":[{"href":"https:\/\/mesisaws.com\/fr\/wp-json\/wp\/v2\/pages"}],"about":[{"href":"https:\/\/mesisaws.com\/fr\/wp-json\/wp\/v2\/types\/page"}],"author":[{"embeddable":true,"href":"https:\/\/mesisaws.com\/fr\/wp-json\/wp\/v2\/users\/1"}],"replies":[{"embeddable":true,"href":"https:\/\/mesisaws.com\/fr\/wp-json\/wp\/v2\/comments?post=566"}],"version-history":[{"count":5,"href":"https:\/\/mesisaws.com\/fr\/wp-json\/wp\/v2\/pages\/566\/revisions"}],"predecessor-version":[{"id":983,"href":"https:\/\/mesisaws.com\/fr\/wp-json\/wp\/v2\/pages\/566\/revisions\/983"}],"wp:attachment":[{"href":"https:\/\/mesisaws.com\/fr\/wp-json\/wp\/v2\/media?parent=566"}],"curies":[{"name":"wp","href":"https:\/\/api.w.org\/{rel}","templated":true}]}}