{"id":569,"date":"2021-10-01T11:53:16","date_gmt":"2021-10-01T11:53:16","guid":{"rendered":"https:\/\/mesisaws.com\/corte-de-canales\/"},"modified":"2026-02-16T14:44:12","modified_gmt":"2026-02-16T14:44:12","slug":"scie-rainurer","status":"publish","type":"page","link":"https:\/\/mesisaws.com\/fr\/scie-rainurer\/","title":{"rendered":"Scie \u00e0 rainurer"},"content":{"rendered":"<div class=\"inicio-seccion\" id=\"cortecanales\" data-aos=\"fade-right\" data-aos-duration=\"1500\" data-aos-anchor-placement=\"center-bottom\" data-aos-delay=\"500\">\n<figure><\/figure>\n<\/div>\n<div class=\"introcorte\">\n<div class=\"mesicont\">\n<h1>Scies \u00e0 ruban pour la d\u00e9coupe de carcasses<\/h1>\n<div class=\"row\">\n<div class=\"col-md-9\">\n<p>Lames de scie \u00e0 ruban fabriqu\u00e9es pour la d\u00e9coupe de tout type de carcasses, dans des aciers de grande qualit\u00e9 et des alliages sp\u00e9ciaux, afin de garantir les meilleurs rendements de d\u00e9coupe de carcasses de b\u00e9tail. Configurations de dents sp\u00e9cifiques pour obtenir des coupes droites et rapides.<\/p>\n<\/div>\n<div class=\"col-md-3\"><a class=\"botonazul\" href=\"#medidas\">Consultez les dimensions<\/a><\/div>\n<\/div>\n<\/div>\n<\/div>\n<div class=\"corte1\">\n<div class=\"mesicont\">\n<div class=\"row\">\n<div class=\"col-md-6\" data-aos=\"fade-right\" data-aos-duration=\"1500\" data-aos-anchor-placement=\"center-bottom\">\n<div class=\"row\">\n<div class=\"col-md-5\"><img decoding=\"async\" class=\"myImages\" id=\"myImg\" src=\"\/wp-content\/uploads\/canales-3tpi-splitting.jpg\"><\/div>\n<div class=\"col-md-7\">\n<h5>3tpi Splitting<\/h5>\n<p>Taille de dent de 8,46 mm (3 dents par pouce)<\/p>\n<p>Pour la d\u00e9coupe de carcasses en g\u00e9n\u00e9ral et particuli\u00e8rement, pour le b\u0153uf.<\/p>\n<\/div>\n<\/div>\n<\/div>\n<div class=\"col-md-6\" data-aos=\"fade-right\" data-aos-duration=\"1500\" data-aos-anchor-placement=\"center-bottom\">\n<div class=\"row\">\n<div class=\"col-md-5\"><img decoding=\"async\" class=\"myImages\" id=\"myImg\" src=\"\/wp-content\/uploads\/canales-3tpi-splitting.jpg\"><\/div>\n<div class=\"col-md-7\">\n<h5>3tpi Splitting PLUS<\/h5>\n<p>Taille de dent de 8,46 mm (3 dents par pouce)<\/p>\n<p>Lame de scie \u00e0 ruban fabriqu\u00e9e \u00e0 partir d\u2019un acier sp\u00e9cifique hautement r\u00e9sistant, pour supporter les tensions importantes et la t\u00e2che difficile de d\u00e9coupe de carcasses. Offre un plus grand rendement que la version standard, ce qui en fait la meilleure solution pour le b\u0153uf et les truies, et en g\u00e9n\u00e9ral, pour les animaux avec des os de haute densit\u00e9.<\/p>\n<\/div>\n<\/div>\n<\/div>\n<div class=\"col-md-6\" data-aos=\"fade-right\" data-aos-duration=\"1500\" data-aos-anchor-placement=\"center-bottom\">\n<div class=\"row\">\n<div class=\"col-md-5\"><img decoding=\"async\" class=\"myImages\" id=\"myImg\" src=\"\/wp-content\/uploads\/canales-ct-splitting.jpg\"><\/div>\n<div class=\"col-md-7\">\n<h5>CTooth  Splitting<\/h5>\n<p>Taille de dent de 10 mm.<\/p>\n<p>Profil de dent con\u00e7u avec une dent interm\u00e9diaire de taille inf\u00e9rieure afin d\u2019\u00e9viter l\u2019accumulation de r\u00e9sidus dans la zone de coupe des dents principales, am\u00e9liorant le rendement de la scie.<\/p>\n<p>Pour la d\u00e9coupe de carcasses de b\u0153uf. D\u00e9coupe plus progressive et silencieuse.<\/p>\n<\/div>\n<\/div>\n<\/div>\n<div class=\"col-md-6\" data-aos=\"fade-right\" data-aos-duration=\"1500\" data-aos-anchor-placement=\"center-bottom\">\n<div class=\"row\">\n<div class=\"col-md-5\"><img decoding=\"async\" class=\"myImages\" id=\"myImg\" src=\"\/wp-content\/uploads\/canales-ct-splitting.jpg\"><\/div>\n<div class=\"col-md-7\">\n<h5>CTooth  Splitting  PLUS<\/h5>\n<p>Taille de dent de 10 mm.<\/p>\n<p>Profil de dent con\u00e7u avec une dent interm\u00e9diaire de taille inf\u00e9rieure afin d\u2019\u00e9viter l\u2019accumulation de r\u00e9sidus dans la zone de coupe des dents principales, am\u00e9liorant le rendement de la scie. D\u00e9coupe plus progressive et silencieuse.<\/p>\n<p>Lame de scie \u00e0 ruban fabriqu\u00e9e \u00e0 partir d\u2019un acier sp\u00e9cifique hautement r\u00e9sistant, pour supporter les pour supporter les tensions importantes et la t\u00e2che difficile de d\u00e9coupe de carcasses. Offre un plus grand rendement que la version standard. En g\u00e9n\u00e9ral, pour les animaux avec des os de haute densit\u00e9.<\/p>\n<\/div>\n<\/div>\n<\/div>\n<div class=\"col-md-6\" data-aos=\"fade-right\" data-aos-duration=\"1500\" data-aos-anchor-placement=\"center-bottom\">\n<div class=\"row\">\n<div class=\"col-md-5\"><img decoding=\"async\" class=\"myImages\" id=\"myImg\" src=\"\/wp-content\/uploads\/canales-4tpi-splitting.jpg\"><\/div>\n<div class=\"col-md-7\">\n<h5>4tpi Splitting<\/h5>\n<p>Taille de dent de 6,35 mm (4 dents par pouce)<\/p>\n<p>Pour la d\u00e9coupe de carcasses en g\u00e9n\u00e9ral et particuli\u00e8rement, pour le porc.<\/p>\n<\/div>\n<\/div>\n<\/div>\n<\/div>\n<\/div>\n<\/div>\n<div id=\"myModal\" class=\"modal\">\n  <span class=\"close\">&times;<\/span><br \/>\n  <img class=\"modal-content\" id=\"img01\"><\/p>\n<div id=\"caption\"><\/div>\n<\/div>\n<div class=\"tablacorte\" id=\"medidas\">\n<div class=\"mesicont\">\n<h2>DIMENSIONS DES SCIES POUR LA D\u00c9COUPE DE CARCASSES<\/h2>\n<p><img decoding=\"async\" src=\"\/wp-content\/uploads\/tabla-canales.jpg\" data-aos=\"fade-up\" data-aos-duration=\"1000\" data-aos-anchor-placement=\"center-bottom\">\n<\/div>\n<\/div>\n<div class=\"contacto\">\n<div class=\"mesicont\">\n<h2>Demandez des informations<\/h2>\n<div class=\"formulario\" data-aos=\"fade-up\" data-aos-duration=\"1000\" data-aos-anchor-placement=\"center-bottom\">\n\n<div class=\"wpcf7 no-js\" id=\"wpcf7-f590-o1\" lang=\"fr-FR\" dir=\"ltr\" data-wpcf7-id=\"590\">\n<div class=\"screen-reader-response\"><p role=\"status\" aria-live=\"polite\" aria-atomic=\"true\"><\/p> <ul><\/ul><\/div>\n<form action=\"\/fr\/wp-json\/wp\/v2\/pages\/569#wpcf7-f590-o1\" method=\"post\" class=\"wpcf7-form init\" aria-label=\"Formulaire de contact\" novalidate=\"novalidate\" data-status=\"init\">\n<fieldset class=\"hidden-fields-container\"><input type=\"hidden\" name=\"_wpcf7\" value=\"590\" \/><input type=\"hidden\" name=\"_wpcf7_version\" value=\"6.1.5\" \/><input type=\"hidden\" name=\"_wpcf7_locale\" value=\"fr_FR\" \/><input type=\"hidden\" name=\"_wpcf7_unit_tag\" value=\"wpcf7-f590-o1\" \/><input type=\"hidden\" name=\"_wpcf7_container_post\" value=\"0\" \/><input type=\"hidden\" name=\"_wpcf7_posted_data_hash\" value=\"\" \/><input type=\"hidden\" name=\"_wpcf7_recaptcha_response\" value=\"\" \/>\n<\/fieldset>\n<div class=\"row\">\n\t<div class=\"col-md-6\">\n\t\t<p><label><span class=\"wpcf7-form-control-wrap\" data-name=\"your-name\"><input size=\"40\" maxlength=\"400\" class=\"wpcf7-form-control wpcf7-text wpcf7-validates-as-required\" aria-required=\"true\" aria-invalid=\"false\" placeholder=\"Nom\" value=\"\" type=\"text\" name=\"your-name\" \/><\/span> <\/label><br \/>\n<label><span class=\"wpcf7-form-control-wrap\" data-name=\"your-email\"><input size=\"40\" maxlength=\"400\" class=\"wpcf7-form-control wpcf7-email wpcf7-validates-as-required wpcf7-text wpcf7-validates-as-email\" aria-required=\"true\" aria-invalid=\"false\" placeholder=\"E-mail\" value=\"\" type=\"email\" name=\"your-email\" \/><\/span> <\/label><br \/>\n<label><span class=\"wpcf7-form-control-wrap\" data-name=\"tel-535\"><input size=\"40\" maxlength=\"400\" class=\"wpcf7-form-control wpcf7-tel wpcf7-validates-as-required wpcf7-text wpcf7-validates-as-tel\" aria-required=\"true\" aria-invalid=\"false\" placeholder=\"T\u00e9l\u00e9phone\" value=\"\" type=\"tel\" name=\"tel-535\" \/><\/span><\/label><br \/>\n<label><span class=\"wpcf7-form-control-wrap\" data-name=\"empresa\"><input size=\"40\" maxlength=\"400\" class=\"wpcf7-form-control wpcf7-text wpcf7-validates-as-required\" aria-required=\"true\" aria-invalid=\"false\" placeholder=\"Entreprise\" value=\"\" type=\"text\" name=\"empresa\" \/><\/span> <\/label>\n\t\t<\/p>\n\t<\/div>\n\t<div class=\"col-md-6\">\n\t\t<p><label><span class=\"wpcf7-form-control-wrap\" data-name=\"your-subject\"><input size=\"40\" maxlength=\"400\" class=\"wpcf7-form-control wpcf7-text\" aria-invalid=\"false\" placeholder=\"Objet\" value=\"\" type=\"text\" name=\"your-subject\" \/><\/span> <\/label><br \/>\n<label><span class=\"wpcf7-form-control-wrap\" data-name=\"your-message\"><textarea cols=\"40\" rows=\"10\" maxlength=\"2000\" class=\"wpcf7-form-control wpcf7-textarea\" aria-invalid=\"false\" placeholder=\"Message\" name=\"your-message\"><\/textarea><\/span> <\/label><br \/>\n<span class=\"wpcf7-form-control-wrap\" data-name=\"acceptance-212\"><span class=\"wpcf7-form-control wpcf7-acceptance\"><span class=\"wpcf7-list-item\"><label><input type=\"checkbox\" name=\"acceptance-212\" value=\"1\" aria-invalid=\"false\" \/><span class=\"wpcf7-list-item-label\">J\u2019ai lu et accept\u00e9 la <a href=\"\/politica-de-privacidad\/\" target=\"_blank\" rel=\"nofollow\">politique de confidentialit\u00e9<\/a><\/span><\/label><\/span><\/span><\/span><br \/>\n<input class=\"wpcf7-form-control wpcf7-submit has-spinner\" type=\"submit\" value=\"Envoyer\" \/>\n\t\t<\/p>\n\t<\/div>\n<\/div><div class=\"wpcf7-response-output\" aria-hidden=\"true\"><\/div>\n<\/form>\n<\/div>\n\n<\/div>\n<\/div>\n<figure><\/figure>\n<\/div>\n","protected":false},"excerpt":{"rendered":"<p>Scies \u00e0 ruban pour la d\u00e9coupe de carcasses Lames de scie \u00e0 ruban fabriqu\u00e9es pour la d\u00e9coupe de tout type de carcasses, dans des aciers de grande qualit\u00e9 et des alliages sp\u00e9ciaux, afin de garantir les meilleurs rendements de d\u00e9coupe de carcasses de b\u00e9tail. Configurations de dents sp\u00e9cifiques pour obtenir des coupes droites et rapides. &hellip; <a href=\"https:\/\/mesisaws.com\/fr\/scie-rainurer\/\" class=\"more-link\">Continuer la lecture<span class=\"screen-reader-text\"> de &laquo;&nbsp;Scie \u00e0 rainurer&nbsp;&raquo;<\/span><\/a><\/p>\n","protected":false},"author":1,"featured_media":0,"parent":0,"menu_order":0,"comment_status":"closed","ping_status":"closed","template":"mesi-basica.php","meta":{"_crdt_document":"","footnotes":""},"class_list":["post-569","page","type-page","status-publish","hentry"],"_links":{"self":[{"href":"https:\/\/mesisaws.com\/fr\/wp-json\/wp\/v2\/pages\/569","targetHints":{"allow":["GET"]}}],"collection":[{"href":"https:\/\/mesisaws.com\/fr\/wp-json\/wp\/v2\/pages"}],"about":[{"href":"https:\/\/mesisaws.com\/fr\/wp-json\/wp\/v2\/types\/page"}],"author":[{"embeddable":true,"href":"https:\/\/mesisaws.com\/fr\/wp-json\/wp\/v2\/users\/1"}],"replies":[{"embeddable":true,"href":"https:\/\/mesisaws.com\/fr\/wp-json\/wp\/v2\/comments?post=569"}],"version-history":[{"count":4,"href":"https:\/\/mesisaws.com\/fr\/wp-json\/wp\/v2\/pages\/569\/revisions"}],"predecessor-version":[{"id":984,"href":"https:\/\/mesisaws.com\/fr\/wp-json\/wp\/v2\/pages\/569\/revisions\/984"}],"wp:attachment":[{"href":"https:\/\/mesisaws.com\/fr\/wp-json\/wp\/v2\/media?parent=569"}],"curies":[{"name":"wp","href":"https:\/\/api.w.org\/{rel}","templated":true}]}}