{"id":572,"date":"2021-10-01T11:53:32","date_gmt":"2021-10-01T11:53:32","guid":{"rendered":"https:\/\/mesisaws.com\/corte-de-pan-y-bolleria\/"},"modified":"2026-02-16T14:44:35","modified_gmt":"2026-02-16T14:44:35","slug":"scie-patisserie","status":"publish","type":"page","link":"https:\/\/mesisaws.com\/fr\/scie-patisserie\/","title":{"rendered":"Scie \u00e0 p\u00e2tisserie"},"content":{"rendered":"<div class=\"inicio-seccion\" id=\"cortepan\" data-aos=\"fade-right\" data-aos-duration=\"1500\" data-aos-anchor-placement=\"center-bottom\" data-aos-delay=\"500\">\n<figure><\/figure>\n<\/div>\n<div class=\"introcorte\">\n<div class=\"mesicont\">\n<h1>Lames pour le tranchage de PAIN et de viennoiseries<\/h1>\n<div class=\"row\">\n<div class=\"col-md-9\">\n<p>Lames de scie \u00e0 ruban fabriqu\u00e9es en aciers de grande qualit\u00e9 pour garantir les meilleurs r\u00e9sultats de tranchage de tout type de pains et de viennoiserie.<\/p>\n<p>Le choix optimal de la dent se traduit par des d\u00e9coupes propres, sans fracture du produit ni \u00e9crasement et avec un minimum de d\u00e9chets.<\/p>\n<p>Les lames sont d\u00e9coup\u00e9es et soud\u00e9es avec des tol\u00e9rances de longueur tr\u00e8s strictes, afin d\u2019obtenir le plus de pr\u00e9cision sur les longueurs finales et ainsi obtenir une contrainte uniforme sur l\u2019ensemble de d\u00e9coupe. Le fait d\u2019\u00e9viter des diff\u00e9rences de contraintes sur les lames permet d\u2019obtenir une d\u00e9coupe uniforme et droit.<\/p>\n<\/div>\n<div class=\"col-md-3\"><a class=\"botonazul\" href=\"#medidas\">Consultez les dimensions<\/a><\/div>\n<\/div>\n<\/div>\n<\/div>\n<div class=\"corte1\">\n<div class=\"mesicont\">\n<div class=\"row\">\n<div class=\"col-md-6\" data-aos=\"fade-right\" data-aos-duration=\"1500\" data-aos-anchor-placement=\"center-bottom\">\n<div class=\"row\">\n<div class=\"col-md-5\"><img decoding=\"async\" class=\"myImages\" id=\"myImg\" src=\"\/wp-content\/uploads\/pan-cv.jpg\"><\/div>\n<div class=\"col-md-7\">\n<h5>CV<\/h5>\n<p>Taille de dent de 12,5 mm <\/p>\n<p>C\u2019est la dent la plus r\u00e9pandue pour la d\u00e9coupe de produits de boulangerie.<\/p>\n<p>Id\u00e9al pour la d\u00e9coupe de pains complets de bl\u00e9 et de seigle ainsi qu\u2019avec des graines. D\u00e9coupes progressives avec une bonne p\u00e9n\u00e9tration dans la cro\u00fbte.<\/p>\n<\/div>\n<\/div>\n<\/div>\n<div class=\"col-md-6\" data-aos=\"fade-right\" data-aos-duration=\"1500\" data-aos-anchor-placement=\"center-bottom\">\n<div class=\"row\">\n<div class=\"col-md-5\"><img decoding=\"async\" class=\"myImages\" id=\"myImg\" src=\"\/wp-content\/uploads\/pan-cvdb.jpg\"><\/div>\n<div class=\"col-md-7\">\n<h5>CV DB<\/h5>\n<p>Taille de dent de 12,5 mm<\/p>\n<p>C\u2019est la m\u00eame dent que le mod\u00e8le CV, mais avec un biseau secondaire des deux c\u00f4t\u00e9s. La d\u00e9coupe obtenue est progressive, aboutissant \u00e0 une meilleure finition et une texture plus fine du processus.<\/p>\n<\/div>\n<\/div>\n<\/div>\n<div class=\"col-md-6\" data-aos=\"fade-right\" data-aos-duration=\"1500\" data-aos-anchor-placement=\"center-bottom\">\n<div class=\"row\">\n<div class=\"col-md-5\"><img decoding=\"async\" class=\"myImages\" id=\"myImg\" src=\"\/wp-content\/uploads\/pan-cv-vary.jpg\"><\/div>\n<div class=\"col-md-7\">\n<h5>CV VARY<\/h5>\n<p>Taille de dent variable.<\/p>\n<p>Il est id\u00e9al pour des d\u00e9coupes progressives avec une bonne p\u00e9n\u00e9tration, une meilleure finition et une texture plus fine de d\u00e9coupe, sans provoquer de fractures de la mie. Indiqu\u00e9 pour la d\u00e9coupe de pain de mie sans cro\u00fbte.<\/p>\n<\/div>\n<\/div>\n<\/div>\n<div class=\"col-md-6\" data-aos=\"fade-right\" data-aos-duration=\"1500\" data-aos-anchor-placement=\"center-bottom\">\n<div class=\"row\">\n<div class=\"col-md-5\"><img decoding=\"async\" class=\"myImages\" id=\"myImg\" src=\"\/wp-content\/uploads\/pan-cv6.jpg\"><\/div>\n<div class=\"col-md-7\">\n<h5>CV 6<\/h5>\n<p>Taille de dent de 6 mm<\/p>\n<p>La taille de dent est plus r\u00e9duite. C\u2019est la meilleure option pour le tranchage de produits tendres, tels que des petits pains, des madeleines&#8230;<\/p>\n<p>Il est \u00e9galement parfait pour la d\u00e9coupe de produits, en g\u00e9n\u00e9ral, sur de petites machines avec une vitesse lin\u00e9aire plus lente.<\/p>\n<\/div>\n<\/div>\n<\/div>\n<div class=\"col-md-6\" data-aos=\"fade-right\" data-aos-duration=\"1500\" data-aos-anchor-placement=\"center-bottom\">\n<div class=\"row\">\n<div class=\"col-md-5\"><img decoding=\"async\" class=\"myImages\" id=\"myImg\" src=\"\/wp-content\/uploads\/pan-cv6-db.jpg\"><\/div>\n<div class=\"col-md-7\">\n<h5>CV 6 DB<\/h5>\n<p>Taille de dent de 6 mm<\/p>\n<p>La taille de dent est plus r\u00e9duite. C\u2019est la meilleure option pour le tranchage de produits tendres, tels que des petits pains, des madeleines&#8230;<\/p>\n<p>C\u2019est la m\u00eame dent que le mod\u00e8le CV, mais avec un biseau secondaire des deux c\u00f4t\u00e9s. La d\u00e9coupe obtenue est progressive, aboutissant \u00e0 une meilleure finition et une texture plus fine du processus.<\/p>\n<\/div>\n<\/div>\n<\/div>\n<div class=\"col-md-6\" data-aos=\"fade-right\" data-aos-duration=\"1500\" data-aos-anchor-placement=\"center-bottom\">\n<div class=\"row\">\n<div class=\"col-md-5\"><img decoding=\"async\" class=\"myImages\" id=\"myImg\" src=\"\/wp-content\/uploads\/pan-v15db.jpg\"><\/div>\n<div class=\"col-md-7\">\n<h5>V15 DB<\/h5>\n<p>Taille de dent de 1,7 mm.<\/p>\n<p>Avec cette microdenture, la d\u00e9coupe est plus propre et pr\u00e9sente une meilleure apparence. En outre, ce profil de denture offre une plus longue dur\u00e9e de vie de la lame de scie \u00e0 ruban.<\/p>\n<\/div>\n<\/div>\n<\/div>\n<div class=\"col-md-6\" data-aos=\"fade-right\" data-aos-duration=\"1500\" data-aos-anchor-placement=\"center-bottom\">\n<div class=\"row\">\n<div class=\"col-md-5\"><img decoding=\"async\" class=\"myImages\" id=\"myImg\" src=\"\/wp-content\/uploads\/pan-cvw.jpg\"><\/div>\n<div class=\"col-md-7\">\n<h5>CV W<\/h5>\n<p>Taille de dent de 12 mm. 7 mm concave + 5 mm microdent<\/p>\n<p>Cette dent offre un tranchage propre et sans probl\u00e8mes d\u2019\u00e9crasement du produit. Elle fonctionne correctement avec une grande vari\u00e9t\u00e9 de pains, de graines, de noix, de pains \u00e0 cro\u00fbte dure&#8230;<\/p>\n<\/div>\n<\/div>\n<\/div>\n<\/div>\n<\/div>\n<\/div>\n<div class=\"corte1\" style=\"padding-top: 50px;\">\n<div class=\"mesicont\" data-aos=\"fade-left\" data-aos-duration=\"1500\" data-aos-anchor-placement=\"center-bottom\">\n<div class=\"row\">\n<div class=\"col-md-6\">\n<h5>Lames va-et-vient pour la d\u00e9coupe de pain<\/h5>\n<p>Lames pour machines \u00e0 va-et-vient, fabriqu\u00e9es en acier \u00e0 forte teneur en carbone pour une dur\u00e9e de vie plus longue. D\u00e9coupes progressives avec moins de d\u00e9chets.<\/p>\n<p>\u00c9galement disponible avec recouvrement antiadh\u00e9sif et antibact\u00e9rien, afin d\u2019\u00e9viter que le produit n\u2019adh\u00e8re \u00e0 la lame et obtenir une plus grande hygi\u00e8ne.<\/p>\n<p>Disponibles avec diff\u00e9rents diam\u00e8tres de trous, rivets et boulons.<\/p>\n<p>Compatible avec la plupart des machines du march\u00e9, standard et non standard. Wabama, JAC, Daub, National, Berkel, Maho, Oliver, VLB\u2026<\/p>\n<\/div>\n<div class=\"col-md-6\"><img decoding=\"async\" style=\"border: none;border-radius: 0;width: 100%;\" src=\"\/wp-content\/uploads\/cuchillas-vaiven.jpg\" data-aos=\"fade-up\" data-aos-duration=\"1000\" data-aos-anchor-placement=\"center-bottom\"><\/div>\n<\/div>\n<\/div>\n<\/div>\n<figure><\/figure>\n<figure><\/figure>\n<\/div>\n<div id=\"myModal\" class=\"modal\">\n  <span class=\"close\">&times;<\/span><br \/>\n  <img class=\"modal-content\" id=\"img01\"><\/p>\n<div id=\"caption\"><\/div>\n<\/div>\n<div class=\"tablacorte\" id=\"medidas\">\n<div class=\"mesicont\">\n<h2>DIMENSIONS DE SCIES POUR LA D\u00c9COUPE DE PAIN ET VIENNOISERIES<\/h2>\n<p><img decoding=\"async\" src=\"\/wp-content\/uploads\/tabla-pan.jpg\" data-aos=\"fade-up\" data-aos-duration=\"1000\" data-aos-anchor-placement=\"center-bottom\">\n<\/div>\n<\/div>\n<div class=\"contacto\">\n<div class=\"mesicont\">\n<h2>Demandez des informations<\/h2>\n<div class=\"formulario\" data-aos=\"fade-up\" data-aos-duration=\"1000\" data-aos-anchor-placement=\"center-bottom\">\n\n<div class=\"wpcf7 no-js\" id=\"wpcf7-f590-o1\" lang=\"fr-FR\" dir=\"ltr\" data-wpcf7-id=\"590\">\n<div class=\"screen-reader-response\"><p role=\"status\" aria-live=\"polite\" aria-atomic=\"true\"><\/p> <ul><\/ul><\/div>\n<form action=\"\/fr\/wp-json\/wp\/v2\/pages\/572#wpcf7-f590-o1\" method=\"post\" class=\"wpcf7-form init\" aria-label=\"Formulaire de contact\" novalidate=\"novalidate\" data-status=\"init\">\n<fieldset class=\"hidden-fields-container\"><input type=\"hidden\" name=\"_wpcf7\" value=\"590\" \/><input type=\"hidden\" name=\"_wpcf7_version\" value=\"6.1.5\" \/><input type=\"hidden\" name=\"_wpcf7_locale\" value=\"fr_FR\" \/><input type=\"hidden\" name=\"_wpcf7_unit_tag\" value=\"wpcf7-f590-o1\" \/><input type=\"hidden\" name=\"_wpcf7_container_post\" value=\"0\" \/><input type=\"hidden\" name=\"_wpcf7_posted_data_hash\" value=\"\" \/><input type=\"hidden\" name=\"_wpcf7_recaptcha_response\" value=\"\" \/>\n<\/fieldset>\n<div class=\"row\">\n\t<div class=\"col-md-6\">\n\t\t<p><label><span class=\"wpcf7-form-control-wrap\" data-name=\"your-name\"><input size=\"40\" maxlength=\"400\" class=\"wpcf7-form-control wpcf7-text wpcf7-validates-as-required\" aria-required=\"true\" aria-invalid=\"false\" placeholder=\"Nom\" value=\"\" type=\"text\" name=\"your-name\" \/><\/span> <\/label><br \/>\n<label><span class=\"wpcf7-form-control-wrap\" data-name=\"your-email\"><input size=\"40\" maxlength=\"400\" class=\"wpcf7-form-control wpcf7-email wpcf7-validates-as-required wpcf7-text wpcf7-validates-as-email\" aria-required=\"true\" aria-invalid=\"false\" placeholder=\"E-mail\" value=\"\" type=\"email\" name=\"your-email\" \/><\/span> <\/label><br \/>\n<label><span class=\"wpcf7-form-control-wrap\" data-name=\"tel-535\"><input size=\"40\" maxlength=\"400\" class=\"wpcf7-form-control wpcf7-tel wpcf7-validates-as-required wpcf7-text wpcf7-validates-as-tel\" aria-required=\"true\" aria-invalid=\"false\" placeholder=\"T\u00e9l\u00e9phone\" value=\"\" type=\"tel\" name=\"tel-535\" \/><\/span><\/label><br \/>\n<label><span class=\"wpcf7-form-control-wrap\" data-name=\"empresa\"><input size=\"40\" maxlength=\"400\" class=\"wpcf7-form-control wpcf7-text wpcf7-validates-as-required\" aria-required=\"true\" aria-invalid=\"false\" placeholder=\"Entreprise\" value=\"\" type=\"text\" name=\"empresa\" \/><\/span> <\/label>\n\t\t<\/p>\n\t<\/div>\n\t<div class=\"col-md-6\">\n\t\t<p><label><span class=\"wpcf7-form-control-wrap\" data-name=\"your-subject\"><input size=\"40\" maxlength=\"400\" class=\"wpcf7-form-control wpcf7-text\" aria-invalid=\"false\" placeholder=\"Objet\" value=\"\" type=\"text\" name=\"your-subject\" \/><\/span> <\/label><br \/>\n<label><span class=\"wpcf7-form-control-wrap\" data-name=\"your-message\"><textarea cols=\"40\" rows=\"10\" maxlength=\"2000\" class=\"wpcf7-form-control wpcf7-textarea\" aria-invalid=\"false\" placeholder=\"Message\" name=\"your-message\"><\/textarea><\/span> <\/label><br \/>\n<span class=\"wpcf7-form-control-wrap\" data-name=\"acceptance-212\"><span class=\"wpcf7-form-control wpcf7-acceptance\"><span class=\"wpcf7-list-item\"><label><input type=\"checkbox\" name=\"acceptance-212\" value=\"1\" aria-invalid=\"false\" \/><span class=\"wpcf7-list-item-label\">J\u2019ai lu et accept\u00e9 la <a href=\"\/politica-de-privacidad\/\" target=\"_blank\" rel=\"nofollow\">politique de confidentialit\u00e9<\/a><\/span><\/label><\/span><\/span><\/span><br \/>\n<input class=\"wpcf7-form-control wpcf7-submit has-spinner\" type=\"submit\" value=\"Envoyer\" \/>\n\t\t<\/p>\n\t<\/div>\n<\/div><div class=\"wpcf7-response-output\" aria-hidden=\"true\"><\/div>\n<\/form>\n<\/div>\n\n<\/div>\n<\/div>\n<figure><\/figure>\n<\/div>\n","protected":false},"excerpt":{"rendered":"<p>Lames pour le tranchage de PAIN et de viennoiseries Lames de scie \u00e0 ruban fabriqu\u00e9es en aciers de grande qualit\u00e9 pour garantir les meilleurs r\u00e9sultats de tranchage de tout type de pains et de viennoiserie. Le choix optimal de la dent se traduit par des d\u00e9coupes propres, sans fracture du produit ni \u00e9crasement et avec &hellip; <a href=\"https:\/\/mesisaws.com\/fr\/scie-patisserie\/\" class=\"more-link\">Continuer la lecture<span class=\"screen-reader-text\"> de &laquo;&nbsp;Scie \u00e0 p\u00e2tisserie&nbsp;&raquo;<\/span><\/a><\/p>\n","protected":false},"author":1,"featured_media":0,"parent":0,"menu_order":0,"comment_status":"closed","ping_status":"closed","template":"mesi-basica.php","meta":{"_crdt_document":"","footnotes":""},"class_list":["post-572","page","type-page","status-publish","hentry"],"_links":{"self":[{"href":"https:\/\/mesisaws.com\/fr\/wp-json\/wp\/v2\/pages\/572","targetHints":{"allow":["GET"]}}],"collection":[{"href":"https:\/\/mesisaws.com\/fr\/wp-json\/wp\/v2\/pages"}],"about":[{"href":"https:\/\/mesisaws.com\/fr\/wp-json\/wp\/v2\/types\/page"}],"author":[{"embeddable":true,"href":"https:\/\/mesisaws.com\/fr\/wp-json\/wp\/v2\/users\/1"}],"replies":[{"embeddable":true,"href":"https:\/\/mesisaws.com\/fr\/wp-json\/wp\/v2\/comments?post=572"}],"version-history":[{"count":4,"href":"https:\/\/mesisaws.com\/fr\/wp-json\/wp\/v2\/pages\/572\/revisions"}],"predecessor-version":[{"id":985,"href":"https:\/\/mesisaws.com\/fr\/wp-json\/wp\/v2\/pages\/572\/revisions\/985"}],"wp:attachment":[{"href":"https:\/\/mesisaws.com\/fr\/wp-json\/wp\/v2\/media?parent=572"}],"curies":[{"name":"wp","href":"https:\/\/api.w.org\/{rel}","templated":true}]}}