{"id":575,"date":"2021-10-01T11:53:48","date_gmt":"2021-10-01T11:53:48","guid":{"rendered":"https:\/\/mesisaws.com\/fileteado-y-loncheado\/"},"modified":"2026-02-16T14:45:00","modified_gmt":"2026-02-16T14:45:00","slug":"scie-decouper","status":"publish","type":"page","link":"https:\/\/mesisaws.com\/fr\/scie-decouper\/","title":{"rendered":"Scie \u00e0 d\u00e9couper"},"content":{"rendered":"<div class=\"inicio-seccion\" id=\"cortefileteado\" data-aos=\"fade-right\" data-aos-duration=\"1500\" data-aos-anchor-placement=\"center-bottom\" data-aos-delay=\"500\">\n<figure><\/figure>\n<\/div>\n<div class=\"introcorte\">\n<div class=\"mesicont\">\n<h1>Rubans de lames et lames dent\u00e9es<\/h1>\n<div class=\"row\">\n<div class=\"col-md-9\">\n<p>Rubans de lames et lames dent\u00e9es, fabriqu\u00e9es dans des aciers de grande qualit\u00e9, sp\u00e9cifiques pour chaque application, afin de garantir les meilleurs rendements. Diff\u00e9rentes configurations disponibles sur pour couvrir tous les besoins.<\/p>\n<\/div>\n<div class=\"col-md-3\"><a class=\"botonazul\" href=\"#medidas\">Consultez les dimensions<\/a><\/div>\n<\/div>\n<\/div>\n<\/div>\n<div class=\"corte1\">\n<div class=\"mesicont\">\n<div class=\"row\">\n<div class=\"col-md-6\" data-aos=\"fade-right\" data-aos-duration=\"1500\" data-aos-anchor-placement=\"center-bottom\">\n<div class=\"row\">\n<div class=\"col-md-5\"><img decoding=\"async\" class=\"myImages\" id=\"myImg\" src=\"\/wp-content\/uploads\/fileteado-concavo.jpg\"><\/div>\n<div class=\"col-md-7\">\n<h5>Concave<\/h5>\n<p>Taille de dent de 12,5 mm. Profil ondul\u00e9 et biseaut\u00e9.<\/p>\n<p>Id\u00e9al pour lae d\u00e9coupage et le tranchage de produits divers, frais et sans os : pain, fromage, poisson, charcuterie, jambon, l\u00e9gumes&#8230;<\/p>\n<p>D\u00e9coupes propres et sans r\u00e9sidus.<\/p>\n<\/div>\n<\/div>\n<\/div>\n<div class=\"col-md-6\" data-aos=\"fade-right\" data-aos-duration=\"1500\" data-aos-anchor-placement=\"center-bottom\">\n<div class=\"row\">\n<div class=\"col-md-5\"><img decoding=\"async\" class=\"myImages\" id=\"myImg\" src=\"\/wp-content\/uploads\/fileteado-convexo.jpg\"><\/div>\n<div class=\"col-md-7\">\n<h5>Convexe<\/h5>\n<p>Taille de dent de 15 mm. Profil ondul\u00e9 et biseaut\u00e9.<\/p>\n<p>Id\u00e9al pour la d\u00e9coupe de volailles. Parfait \u00e9galement pour la d\u00e9coupe de produits frais tels que les fromages, le poisson, la charcuterie, les l\u00e9gumes, la viande de volaille&#8230;<\/p>\n<p>D\u00e9coupes propres et sans r\u00e9sidus.<\/p>\n<\/div>\n<\/div>\n<\/div>\n<div class=\"col-md-6\" data-aos=\"fade-right\" data-aos-duration=\"1500\" data-aos-anchor-placement=\"center-bottom\">\n<div class=\"row\">\n<div class=\"col-md-5\"><img decoding=\"async\" class=\"myImages\" id=\"myImg\" src=\"\/wp-content\/uploads\/fileteado-3-3db.jpg\"><\/div>\n<div class=\"col-md-7\">\n<h5>3+3 DB<\/h5>\n<p>Taille de dent de 6 mm. Dent avec tranchant droit et biseau des deux c\u00f4t\u00e9s.<\/p>\n<p>Pour le tranchage de produits tendres, tels que la charcuterie, les fromages&#8230;<\/p>\n<p>D\u00e9coupes propres et sans r\u00e9sidus.<\/p>\n<\/div>\n<\/div>\n<\/div>\n<div class=\"col-md-6\" data-aos=\"fade-right\" data-aos-duration=\"1500\" data-aos-anchor-placement=\"center-bottom\">\n<div class=\"row\">\n<div class=\"col-md-5\"><img decoding=\"async\" class=\"myImages\" id=\"myImg\" src=\"\/wp-content\/uploads\/fileteado-db.jpg\"><\/div>\n<div class=\"col-md-7\">\n<h5>DB<\/h5>\n<p>Ruban de lame avec tranchant droit et biseau des deux c\u00f4t\u00e9s.<\/p>\n<p>Pour le tranchage de produits tendres, tels que la charcuterie, les fromages&#8230;<\/p>\n<p>D\u00e9coupes propres et sans r\u00e9sidus.<\/p>\n<\/div>\n<\/div>\n<\/div>\n<div class=\"col-md-6\" data-aos=\"fade-right\" data-aos-duration=\"1500\" data-aos-anchor-placement=\"center-bottom\">\n<div class=\"row\">\n<div class=\"col-md-5\"><img decoding=\"async\" class=\"myImages\" id=\"myImg\" src=\"\/wp-content\/uploads\/fileteado-db1-vtooth.jpg\"><\/div>\n<div class=\"col-md-7\">\n<h5>VTooth  DB+1<\/h5>\n<p>Ruban de lame microdent\u00e9e et avec un biseau des deux c\u00f4t\u00e9s.<\/p>\n<p>Con\u00e7u sp\u00e9cialement pour le tranchage en machines et cha\u00eenes de tranchage automatiques de produits divers tels que : charcuterie, salamis, charcuterie s\u00e8che, jambon, fromages, lard&#8230;<\/p>\n<p>Utilis\u00e9 \u00e9galement pour le tranchage de produits sur des cha\u00eenes automatiques de pizzas.<\/p>\n<p>D\u00e9coupes propres et sans r\u00e9sidus.<\/p>\n<\/div>\n<\/div>\n<\/div>\n<div class=\"col-md-6\" data-aos=\"fade-right\" data-aos-duration=\"1500\" data-aos-anchor-placement=\"center-bottom\">\n<div class=\"row\">\n<div class=\"col-md-5\"><img decoding=\"async\" class=\"myImages\" id=\"myImg\" src=\"\/wp-content\/uploads\/fileteado-db1.jpg\"><\/div>\n<div class=\"col-md-7\">\n<h5>DB+1<\/h5>\n<p>Ruban de lame \u00e0 biseau \u00e0 angle variable.<\/p>\n<p>Con\u00e7u sp\u00e9cialement pour le tranchage en machines et cha\u00eenes de tranchage automatiques de produits divers tels que : fromages, charcuterie tendre, lard, fruits, l\u00e9gumes&#8230;<\/p>\n<p>Utilis\u00e9 \u00e9galement pour le tranchage de produits sur des cha\u00eenes automatiques de pizzas.<\/p>\n<p>D\u00e9coupes propres et sans r\u00e9sidus.<\/p>\n<\/div>\n<\/div>\n<\/div>\n<\/div>\n<\/div>\n<\/div>\n<div id=\"myModal\" class=\"modal\">\n  <span class=\"close\">&times;<\/span><br \/>\n  <img class=\"modal-content\" id=\"img01\"><\/p>\n<div id=\"caption\"><\/div>\n<\/div>\n<div class=\"tablacorte\" id=\"medidas\">\n<div class=\"mesicont\">\n<h2>DIMENSIONS DES SCIES POUR LE FILETAGE ET LE TRANCHAGE<\/h2>\n<p><img decoding=\"async\" src=\"\/wp-content\/uploads\/tabla-fileteado.jpg\" data-aos=\"fade-up\" data-aos-duration=\"1000\" data-aos-anchor-placement=\"center-bottom\">\n<\/div>\n<\/div>\n<div class=\"contacto\">\n<div class=\"mesicont\">\n<h2>Demandez des informations<\/h2>\n<div class=\"formulario\" data-aos=\"fade-up\" data-aos-duration=\"1000\" data-aos-anchor-placement=\"center-bottom\">\n\n<div class=\"wpcf7 no-js\" id=\"wpcf7-f590-o1\" lang=\"fr-FR\" dir=\"ltr\" data-wpcf7-id=\"590\">\n<div class=\"screen-reader-response\"><p role=\"status\" aria-live=\"polite\" aria-atomic=\"true\"><\/p> <ul><\/ul><\/div>\n<form action=\"\/fr\/wp-json\/wp\/v2\/pages\/575#wpcf7-f590-o1\" method=\"post\" class=\"wpcf7-form init\" aria-label=\"Formulaire de contact\" novalidate=\"novalidate\" data-status=\"init\">\n<fieldset class=\"hidden-fields-container\"><input type=\"hidden\" name=\"_wpcf7\" value=\"590\" \/><input type=\"hidden\" name=\"_wpcf7_version\" value=\"6.1.5\" \/><input type=\"hidden\" name=\"_wpcf7_locale\" value=\"fr_FR\" \/><input type=\"hidden\" name=\"_wpcf7_unit_tag\" value=\"wpcf7-f590-o1\" \/><input type=\"hidden\" name=\"_wpcf7_container_post\" value=\"0\" \/><input type=\"hidden\" name=\"_wpcf7_posted_data_hash\" value=\"\" \/><input type=\"hidden\" name=\"_wpcf7_recaptcha_response\" value=\"\" \/>\n<\/fieldset>\n<div class=\"row\">\n\t<div class=\"col-md-6\">\n\t\t<p><label><span class=\"wpcf7-form-control-wrap\" data-name=\"your-name\"><input size=\"40\" maxlength=\"400\" class=\"wpcf7-form-control wpcf7-text wpcf7-validates-as-required\" aria-required=\"true\" aria-invalid=\"false\" placeholder=\"Nom\" value=\"\" type=\"text\" name=\"your-name\" \/><\/span> <\/label><br \/>\n<label><span class=\"wpcf7-form-control-wrap\" data-name=\"your-email\"><input size=\"40\" maxlength=\"400\" class=\"wpcf7-form-control wpcf7-email wpcf7-validates-as-required wpcf7-text wpcf7-validates-as-email\" aria-required=\"true\" aria-invalid=\"false\" placeholder=\"E-mail\" value=\"\" type=\"email\" name=\"your-email\" \/><\/span> <\/label><br \/>\n<label><span class=\"wpcf7-form-control-wrap\" data-name=\"tel-535\"><input size=\"40\" maxlength=\"400\" class=\"wpcf7-form-control wpcf7-tel wpcf7-validates-as-required wpcf7-text wpcf7-validates-as-tel\" aria-required=\"true\" aria-invalid=\"false\" placeholder=\"T\u00e9l\u00e9phone\" value=\"\" type=\"tel\" name=\"tel-535\" \/><\/span><\/label><br \/>\n<label><span class=\"wpcf7-form-control-wrap\" data-name=\"empresa\"><input size=\"40\" maxlength=\"400\" class=\"wpcf7-form-control wpcf7-text wpcf7-validates-as-required\" aria-required=\"true\" aria-invalid=\"false\" placeholder=\"Entreprise\" value=\"\" type=\"text\" name=\"empresa\" \/><\/span> <\/label>\n\t\t<\/p>\n\t<\/div>\n\t<div class=\"col-md-6\">\n\t\t<p><label><span class=\"wpcf7-form-control-wrap\" data-name=\"your-subject\"><input size=\"40\" maxlength=\"400\" class=\"wpcf7-form-control wpcf7-text\" aria-invalid=\"false\" placeholder=\"Objet\" value=\"\" type=\"text\" name=\"your-subject\" \/><\/span> <\/label><br \/>\n<label><span class=\"wpcf7-form-control-wrap\" data-name=\"your-message\"><textarea cols=\"40\" rows=\"10\" maxlength=\"2000\" class=\"wpcf7-form-control wpcf7-textarea\" aria-invalid=\"false\" placeholder=\"Message\" name=\"your-message\"><\/textarea><\/span> <\/label><br \/>\n<span class=\"wpcf7-form-control-wrap\" data-name=\"acceptance-212\"><span class=\"wpcf7-form-control wpcf7-acceptance\"><span class=\"wpcf7-list-item\"><label><input type=\"checkbox\" name=\"acceptance-212\" value=\"1\" aria-invalid=\"false\" \/><span class=\"wpcf7-list-item-label\">J\u2019ai lu et accept\u00e9 la <a href=\"\/politica-de-privacidad\/\" target=\"_blank\" rel=\"nofollow\">politique de confidentialit\u00e9<\/a><\/span><\/label><\/span><\/span><\/span><br \/>\n<input class=\"wpcf7-form-control wpcf7-submit has-spinner\" type=\"submit\" value=\"Envoyer\" \/>\n\t\t<\/p>\n\t<\/div>\n<\/div><div class=\"wpcf7-response-output\" aria-hidden=\"true\"><\/div>\n<\/form>\n<\/div>\n\n<\/div>\n<\/div>\n<figure><\/figure>\n<\/div>\n","protected":false},"excerpt":{"rendered":"<p>Rubans de lames et lames dent\u00e9es Rubans de lames et lames dent\u00e9es, fabriqu\u00e9es dans des aciers de grande qualit\u00e9, sp\u00e9cifiques pour chaque application, afin de garantir les meilleurs rendements. Diff\u00e9rentes configurations disponibles sur pour couvrir tous les besoins. Consultez les dimensions Concave Taille de dent de 12,5 mm. Profil ondul\u00e9 et biseaut\u00e9. Id\u00e9al pour lae &hellip; <a href=\"https:\/\/mesisaws.com\/fr\/scie-decouper\/\" class=\"more-link\">Continuer la lecture<span class=\"screen-reader-text\"> de &laquo;&nbsp;Scie \u00e0 d\u00e9couper&nbsp;&raquo;<\/span><\/a><\/p>\n","protected":false},"author":1,"featured_media":0,"parent":0,"menu_order":0,"comment_status":"closed","ping_status":"closed","template":"mesi-basica.php","meta":{"_crdt_document":"","footnotes":""},"class_list":["post-575","page","type-page","status-publish","hentry"],"_links":{"self":[{"href":"https:\/\/mesisaws.com\/fr\/wp-json\/wp\/v2\/pages\/575","targetHints":{"allow":["GET"]}}],"collection":[{"href":"https:\/\/mesisaws.com\/fr\/wp-json\/wp\/v2\/pages"}],"about":[{"href":"https:\/\/mesisaws.com\/fr\/wp-json\/wp\/v2\/types\/page"}],"author":[{"embeddable":true,"href":"https:\/\/mesisaws.com\/fr\/wp-json\/wp\/v2\/users\/1"}],"replies":[{"embeddable":true,"href":"https:\/\/mesisaws.com\/fr\/wp-json\/wp\/v2\/comments?post=575"}],"version-history":[{"count":4,"href":"https:\/\/mesisaws.com\/fr\/wp-json\/wp\/v2\/pages\/575\/revisions"}],"predecessor-version":[{"id":986,"href":"https:\/\/mesisaws.com\/fr\/wp-json\/wp\/v2\/pages\/575\/revisions\/986"}],"wp:attachment":[{"href":"https:\/\/mesisaws.com\/fr\/wp-json\/wp\/v2\/media?parent=575"}],"curies":[{"name":"wp","href":"https:\/\/api.w.org\/{rel}","templated":true}]}}