{"id":578,"date":"2021-10-01T11:54:00","date_gmt":"2021-10-01T11:54:00","guid":{"rendered":"https:\/\/mesisaws.com\/sierras-de-mano\/"},"modified":"2026-02-16T14:45:32","modified_gmt":"2026-02-16T14:45:32","slug":"scie-main","status":"publish","type":"page","link":"https:\/\/mesisaws.com\/fr\/scie-main\/","title":{"rendered":"Scie principale"},"content":{"rendered":"<div class=\"inicio-seccion\" id=\"sierrasmano\" data-aos=\"fade-right\" data-aos-duration=\"1500\" data-aos-anchor-placement=\"center-bottom\" data-aos-delay=\"500\">\n<figure><\/figure>\n<\/div>\n<div class=\"introcorte\">\n<div class=\"mesicont\">\n<h1>Scies \u00e0 main<\/h1>\n<p>Nous disposons de scies \u00e0 main pour la d\u00e9coupe manuelle d\u2019aliments. Nous mettons \u00e0 votre disposition des arcs en acier inoxydable et des lames de scie en acier au carbone ou acier inoxydable. Con\u00e7us pour la d\u00e9coupe manuelle de viande.<\/p>\n<\/div>\n<\/div>\n<div class=\"corte1\">\n<div class=\"mesicont\">\n<div class=\"row\">\n<div class=\"col-md-6\" data-aos=\"fade-right\" data-aos-duration=\"1500\" data-aos-anchor-placement=\"center-bottom\">\n<div class=\"row\">\n<div class=\"col-md-3\"><img decoding=\"async\" class=\"myImages\" id=\"myImg\" src=\"\/wp-content\/uploads\/sierras-arcos.jpg\"><\/div>\n<div class=\"col-md-9\">\n<h5>Arcs de scie (d\u00e9coupe manuelle)<\/h5>\n<p>Arcs de scie pour d\u00e9coupe manuelle. Fabriqu\u00e9s en acier inoxydable, avec tendeur de scie m\u00e9tallique \u00e0 grande r\u00e9sistance, permettant un remplacement rapide et ais\u00e9e des lames et une bonne tension de cette derni\u00e8re.<\/p>\n<\/div>\n<\/div>\n<\/div>\n<div class=\"col-md-6\" data-aos=\"fade-right\" data-aos-duration=\"1500\" data-aos-anchor-placement=\"center-bottom\">\n<div class=\"row\">\n<div class=\"col-md-3\"><img decoding=\"async\" class=\"myImages\" id=\"myImg\" src=\"\/wp-content\/uploads\/sierras-10tpi.jpg\"><\/div>\n<div class=\"col-md-9\">\n<h5>Lames de scie (10 tpi)<\/h5>\n<p>Lames de scie disponibles avec une largeur de 11 mm et 16 mm. Lames de scie disponibles \u00e9galement en acier inoxydable pour une meilleure hygi\u00e8ne.<\/p>\n<\/div>\n<\/div>\n<\/div>\n<\/div>\n<\/div>\n<\/div>\n<div id=\"myModal\" class=\"modal\">\n  <span class=\"close\">&times;<\/span><br \/>\n  <img class=\"modal-content\" id=\"img01\"><\/p>\n<div id=\"caption\"><\/div>\n<\/div>\n<div class=\"introcorte\">\n<div class=\"mesicont\">\n<h2 style=\"margin-bottom:30px;\">PASSEZ VOTRE COMMANDE DE SCIES \u00c0 MAIN<\/h2>\n<p>Contactez-nous et apprenez-en plus pour acheter des scies \u00e0 main MESI SAWS. Passez votre commande ou personnalisez vos achats avec l\u2019un de nos conseillers, compl\u00e9tez le formulaire et l\u2019un de nos experts en d\u00e9coupe vous contactera dans les plus brefs d\u00e9lais.<\/p>\n<\/div>\n<\/div>\n<div class=\"contacto\">\n<div class=\"mesicont\">\n<h2>Demandez des informations<\/h2>\n<div class=\"formulario\" data-aos=\"fade-up\" data-aos-duration=\"1000\" data-aos-anchor-placement=\"center-bottom\">\n\n<div class=\"wpcf7 no-js\" id=\"wpcf7-f590-o1\" lang=\"fr-FR\" dir=\"ltr\" data-wpcf7-id=\"590\">\n<div class=\"screen-reader-response\"><p role=\"status\" aria-live=\"polite\" aria-atomic=\"true\"><\/p> <ul><\/ul><\/div>\n<form action=\"\/fr\/wp-json\/wp\/v2\/pages\/578#wpcf7-f590-o1\" method=\"post\" class=\"wpcf7-form init\" aria-label=\"Formulaire de contact\" novalidate=\"novalidate\" data-status=\"init\">\n<fieldset class=\"hidden-fields-container\"><input type=\"hidden\" name=\"_wpcf7\" value=\"590\" \/><input type=\"hidden\" name=\"_wpcf7_version\" value=\"6.1.5\" \/><input type=\"hidden\" name=\"_wpcf7_locale\" value=\"fr_FR\" \/><input type=\"hidden\" name=\"_wpcf7_unit_tag\" value=\"wpcf7-f590-o1\" \/><input type=\"hidden\" name=\"_wpcf7_container_post\" value=\"0\" \/><input type=\"hidden\" name=\"_wpcf7_posted_data_hash\" value=\"\" \/><input type=\"hidden\" name=\"_wpcf7_recaptcha_response\" value=\"\" \/>\n<\/fieldset>\n<div class=\"row\">\n\t<div class=\"col-md-6\">\n\t\t<p><label><span class=\"wpcf7-form-control-wrap\" data-name=\"your-name\"><input size=\"40\" maxlength=\"400\" class=\"wpcf7-form-control wpcf7-text wpcf7-validates-as-required\" aria-required=\"true\" aria-invalid=\"false\" placeholder=\"Nom\" value=\"\" type=\"text\" name=\"your-name\" \/><\/span> <\/label><br \/>\n<label><span class=\"wpcf7-form-control-wrap\" data-name=\"your-email\"><input size=\"40\" maxlength=\"400\" class=\"wpcf7-form-control wpcf7-email wpcf7-validates-as-required wpcf7-text wpcf7-validates-as-email\" aria-required=\"true\" aria-invalid=\"false\" placeholder=\"E-mail\" value=\"\" type=\"email\" name=\"your-email\" \/><\/span> <\/label><br \/>\n<label><span class=\"wpcf7-form-control-wrap\" data-name=\"tel-535\"><input size=\"40\" maxlength=\"400\" class=\"wpcf7-form-control wpcf7-tel wpcf7-validates-as-required wpcf7-text wpcf7-validates-as-tel\" aria-required=\"true\" aria-invalid=\"false\" placeholder=\"T\u00e9l\u00e9phone\" value=\"\" type=\"tel\" name=\"tel-535\" \/><\/span><\/label><br \/>\n<label><span class=\"wpcf7-form-control-wrap\" data-name=\"empresa\"><input size=\"40\" maxlength=\"400\" class=\"wpcf7-form-control wpcf7-text wpcf7-validates-as-required\" aria-required=\"true\" aria-invalid=\"false\" placeholder=\"Entreprise\" value=\"\" type=\"text\" name=\"empresa\" \/><\/span> <\/label>\n\t\t<\/p>\n\t<\/div>\n\t<div class=\"col-md-6\">\n\t\t<p><label><span class=\"wpcf7-form-control-wrap\" data-name=\"your-subject\"><input size=\"40\" maxlength=\"400\" class=\"wpcf7-form-control wpcf7-text\" aria-invalid=\"false\" placeholder=\"Objet\" value=\"\" type=\"text\" name=\"your-subject\" \/><\/span> <\/label><br \/>\n<label><span class=\"wpcf7-form-control-wrap\" data-name=\"your-message\"><textarea cols=\"40\" rows=\"10\" maxlength=\"2000\" class=\"wpcf7-form-control wpcf7-textarea\" aria-invalid=\"false\" placeholder=\"Message\" name=\"your-message\"><\/textarea><\/span> <\/label><br \/>\n<span class=\"wpcf7-form-control-wrap\" data-name=\"acceptance-212\"><span class=\"wpcf7-form-control wpcf7-acceptance\"><span class=\"wpcf7-list-item\"><label><input type=\"checkbox\" name=\"acceptance-212\" value=\"1\" aria-invalid=\"false\" \/><span class=\"wpcf7-list-item-label\">J\u2019ai lu et accept\u00e9 la <a href=\"\/politica-de-privacidad\/\" target=\"_blank\" rel=\"nofollow\">politique de confidentialit\u00e9<\/a><\/span><\/label><\/span><\/span><\/span><br \/>\n<input class=\"wpcf7-form-control wpcf7-submit has-spinner\" type=\"submit\" value=\"Envoyer\" \/>\n\t\t<\/p>\n\t<\/div>\n<\/div><div class=\"wpcf7-response-output\" aria-hidden=\"true\"><\/div>\n<\/form>\n<\/div>\n\n<\/div>\n<\/div>\n<figure><\/figure>\n<\/div>\n","protected":false},"excerpt":{"rendered":"<p>Scies \u00e0 main Nous disposons de scies \u00e0 main pour la d\u00e9coupe manuelle d\u2019aliments. Nous mettons \u00e0 votre disposition des arcs en acier inoxydable et des lames de scie en acier au carbone ou acier inoxydable. Con\u00e7us pour la d\u00e9coupe manuelle de viande. Arcs de scie (d\u00e9coupe manuelle) Arcs de scie pour d\u00e9coupe manuelle. Fabriqu\u00e9s &hellip; <a href=\"https:\/\/mesisaws.com\/fr\/scie-main\/\" class=\"more-link\">Continuer la lecture<span class=\"screen-reader-text\"> de &laquo;&nbsp;Scie principale&nbsp;&raquo;<\/span><\/a><\/p>\n","protected":false},"author":1,"featured_media":0,"parent":0,"menu_order":0,"comment_status":"closed","ping_status":"closed","template":"mesi-basica.php","meta":{"_crdt_document":"","footnotes":""},"class_list":["post-578","page","type-page","status-publish","hentry"],"_links":{"self":[{"href":"https:\/\/mesisaws.com\/fr\/wp-json\/wp\/v2\/pages\/578","targetHints":{"allow":["GET"]}}],"collection":[{"href":"https:\/\/mesisaws.com\/fr\/wp-json\/wp\/v2\/pages"}],"about":[{"href":"https:\/\/mesisaws.com\/fr\/wp-json\/wp\/v2\/types\/page"}],"author":[{"embeddable":true,"href":"https:\/\/mesisaws.com\/fr\/wp-json\/wp\/v2\/users\/1"}],"replies":[{"embeddable":true,"href":"https:\/\/mesisaws.com\/fr\/wp-json\/wp\/v2\/comments?post=578"}],"version-history":[{"count":4,"href":"https:\/\/mesisaws.com\/fr\/wp-json\/wp\/v2\/pages\/578\/revisions"}],"predecessor-version":[{"id":987,"href":"https:\/\/mesisaws.com\/fr\/wp-json\/wp\/v2\/pages\/578\/revisions\/987"}],"wp:attachment":[{"href":"https:\/\/mesisaws.com\/fr\/wp-json\/wp\/v2\/media?parent=578"}],"curies":[{"name":"wp","href":"https:\/\/api.w.org\/{rel}","templated":true}]}}