{"id":581,"date":"2021-10-01T11:54:46","date_gmt":"2021-10-01T11:54:46","guid":{"rendered":"https:\/\/mesisaws.com\/cuchillas\/"},"modified":"2022-05-18T12:12:13","modified_gmt":"2022-05-18T12:12:13","slug":"lames","status":"publish","type":"page","link":"https:\/\/mesisaws.com\/fr\/lames\/","title":{"rendered":"Lames"},"content":{"rendered":"<style>.corte1 p, .corte2 p, .corte3 p, .corte4 p {font-size:16px;}.corte3 {padding: 100px 0px;}<\/style>\n<div class=\"inicio-seccion\" id=\"cuchillas\" data-aos=\"fade-right\" data-aos-duration=\"1500\" data-aos-anchor-placement=\"top-bottom\" data-aos-delay=\"500\">\n<figure><\/figure>\n<\/div>\n<div class=\"seccion-cuchillas\">\n<div class=\"mesicont\">\n<h1>Lames pour l\u2019industrie alimentaire<\/h1>\n<h4>Depuis Mesi Saws &#038; Blades, nous offrons des solutions de d\u00e9coupe personnalis\u00e9es pour l\u2019industrie alimentaire.<\/h4>\n<div class=\"display-cuchillas\">\n<h2>Types de lames disponibles<\/h2>\n<p>D\u00e9couvres la vaste s\u00e9lection de lames et lames dent\u00e9es de traitement et de d\u00e9coupe, fabriqu\u00e9es dans des aciers de grande qualit\u00e9, sp\u00e9cifiques pour chaque application, afin de garantir les meilleurs rendements et r\u00e9sultats.<\/p>\n<div class=\"row\" style=\"margin-top:50px;\">\n<div class=\"col-md-6\" data-aos=\"fade-right\" data-aos-duration=\"1500\" data-aos-anchor-placement=\"top-bottom\"><a href=\"#lames-decouennage\" class=\"hvr-float\"><\/p>\n<div class=\"row\">\n<div class=\"col-3\"><img decoding=\"async\" src=\"\/wp-content\/uploads\/cuchillas-pelar.jpg\"\/><\/div>\n<div class=\"col-9\">\n<h3>LAMES DE D\u00c9COUENNAGE<\/h3>\n<p>Lames Skinner pour d\u00e9voiler et d\u00e9couenner.<\/p>\n<\/div>\n<\/div>\n<p><\/a><\/div>\n<div class=\"col-md-6\" data-aos=\"fade-right\" data-aos-duration=\"1500\" data-aos-anchor-placement=\"top-bottom\"><a href=\"#lames-filets\" class=\"hvr-float\"><\/p>\n<div class=\"row\">\n<div class=\"col-3\"><img decoding=\"async\" src=\"\/wp-content\/uploads\/cuchillas-filetear.jpg\"\/><\/div>\n<div class=\"col-9\">\n<h3>LAMES DE FILETAGE<\/h3>\n<p>Obtenez des d\u00e9coupes fines et pr\u00e9cises lors du filetage de vos produits avec ces mod\u00e8les de lame.<\/p>\n<\/div>\n<\/div>\n<p><\/a><\/div>\n<div class=\"col-md-6\" data-aos=\"fade-right\" data-aos-duration=\"1500\" data-aos-anchor-placement=\"top-bottom\"><a href=\"#lames-des\" class=\"hvr-float\"><\/p>\n<div class=\"row\">\n<div class=\"col-3\"><img decoding=\"async\" src=\"\/wp-content\/uploads\/cuchillas-dados.jpg\"\/><\/div>\n<div class=\"col-9\">\n<h3>LAMES DE D\u00c9COUPE EN D\u00c9S<\/h3>\n<p>La d\u00e9coupe d\u2019aliments en d\u00e9s est tr\u00e8s habituel dans le secteur. C\u2019est pourquoi nous avons con\u00e7u des lames sp\u00e9ciales.<\/p>\n<\/div>\n<\/div>\n<p><\/a><\/div>\n<div class=\"col-md-6\" data-aos=\"fade-right\" data-aos-duration=\"1500\" data-aos-anchor-placement=\"top-bottom\"><a href=\"#lames-lard\" class=\"hvr-float\"><\/p>\n<div class=\"row\">\n<div class=\"col-3\"><img decoding=\"async\" src=\"\/wp-content\/uploads\/cuchillas-bacon.jpg\"\/><\/div>\n<div class=\"col-9\">\n<h3>LAMES POUR PARER LE LARD<\/h3>\n<p>Lames con\u00e7ues pour la d\u00e9coupe de lard de mani\u00e8re industrielle dans n\u2019importe lequel de ses formats.<\/p>\n<\/div>\n<\/div>\n<p><\/a><\/div>\n<\/div>\n<\/div>\n<\/div>\n<\/div>\n<div class=\"banner-azul\">\n<div class=\"mesicont\">\n<h2>Renseignements et devis pour lames de l\u2019industrie alimentaire:<\/h2>\n<div class=\"row\" data-aos=\"fade-up\" data-aos-duration=\"1000\" data-aos-anchor-placement=\"center-bottom\">\n<div class=\"col-md-9\">\n<p>Personnalisez votre commande ou trouvez la meilleure option en contactant nos experts et en expliquant vos besoins. Nous nous adaptons aux exigences de chaque client pour offrir le mod\u00e8le de lame le plus ad\u00e9quat, \u00e9galement en termes de taille et d\u2019angle d\u2019aff\u00fbtage.<\/p>\n<p>Contactez notre entreprise et renseignez-vous de mani\u00e8re d\u00e9taill\u00e9e sur les diff\u00e9rentes solutions de d\u00e9coupe par scies et lames que nous mettons \u00e0 votre disposition.<\/p>\n<\/div>\n<div class=\"col-md-3\"><img decoding=\"async\" src=\"\/wp-content\/uploads\/icono-pres.png\"><a href=\"\/fr\/contact\/#devis\" class=\"botonazul\">Demandez un devis<\/a><\/div>\n<\/div>\n<\/div>\n<figure><\/figure>\n<\/div>\n<div class=\"corte3\" id=\"lames-decouennage\">\n<div class=\"mesicont\">\n<div class=\"row\" data-aos=\"fade-right\" data-aos-duration=\"1500\" data-aos-anchor-placement=\"center-bottom\">\n<div class=\"col-3\"><img decoding=\"async\" class=\"myImages\" id=\"myImg\" src=\"\/wp-content\/uploads\/cuchillas-pelar.jpg\"\/><\/div>\n<div class=\"col-9\">\n<h2>Lames \u00e0 \u00e9plucher \u2013 d\u00e9couenneuses<\/h2>\n<p>Lames skinner fabriqu\u00e9es en acier inoxydable et tremp\u00e9es pour obtenir la meilleure duret\u00e9 et efficacit\u00e9 en termes de d\u00e9coupe.<\/p>\n<ul>\n<li>Disponibles dans les dimensions 20\u00d71,0, 22\u00d70,7, 22\u00d71,0 et 25\u00d70,7.<\/li>\n<li>Fournies avec une coupe droite ou coupe de s\u00e9curit\u00e9 inclin\u00e9e pour la plupart des machines du march\u00e9.<\/li>\n<li>Emball\u00e9es dans des blisters de 5 unit\u00e9s et avec la longueur imprim\u00e9e sur la lame.<\/li>\n<\/ul>\n<div class=\"row\" style=\"margin-bottom:50px;\">\n<div class=\"col-6\"><img decoding=\"async\" style=\"border: none;border-radius: 0;width: 100%;\" src=\"\/wp-content\/uploads\/descartezadoras-22-07.jpg\"><span style=\"text-align: center;display: block;font-family: 'Josefin Sans', sans-serif;font-weight: 700;font-size: 18px;margin-bottom: 30px;\">Dimensions: 22\u00d7 0,7<\/span><\/div>\n<div class=\"col-6\"><img decoding=\"async\" style=\"border: none;border-radius: 0;width: 100%;\" src=\"\/wp-content\/uploads\/descartezadoras-22-1.jpg\"><span style=\"text-align: center;display: block;font-family: 'Josefin Sans', sans-serif;font-weight: 700;font-size: 18px;margin-bottom: 30px;\">Dimensions: 20\u00d7 1,0<\/span><\/div>\n<\/div>\n<p>\u00c9galement disponibles pour les d\u00e9couenneuses automatiques, avec option de livraison sur demande du client pour un ajustement parfait sur les machines automatiques.<\/p>\n<p>Renseignez-vous aupr\u00e8s de nos experts et trouvez une solution adapt\u00e9e \u00e0 votre entreprise.<\/p>\n<div class=\"row\">\n<div class=\"col-6\"><img decoding=\"async\" style=\"border: none;border-radius: 0;width: 100%;\" src=\"\/wp-content\/uploads\/maquinas-automaticas-de-descortezadoleftok.jpg\"><\/div>\n<div class=\"col-6\"><img decoding=\"async\" style=\"border: none;border-radius: 0;width: 100%;\" src=\"\/wp-content\/uploads\/maquinas-automaticas-de-descortezadorightok.jpg\"><\/div>\n<\/div>\n<\/div>\n<\/div>\n<\/div>\n<\/div>\n<div class=\"corte4\" id=\"lames-filets\">\n<div class=\"mesicont\">\n<div class=\"row\" data-aos=\"fade-left\" data-aos-duration=\"1500\" data-aos-anchor-placement=\"center-bottom\">\n<div class=\"col-3\"><img decoding=\"async\" class=\"myImages\" id=\"myImg\" src=\"\/wp-content\/uploads\/cuchillas-filetear.jpg\"\/><\/div>\n<div class=\"col-9\">\n<h2>Lame de filetage<\/h2>\n<p>Lames de filetage et de d\u00e9coupefabriqu\u00e9es en acier inoxydable et tremp\u00e9es pour obtenir la meilleure duret\u00e9 et efficacit\u00e9 en la mati\u00e8re. Compatibles pour machines Grasselli.<\/p>\n<p>Vous pouvez personnaliser la taille de votre lame de filetage, pour la transformation de viande et de l\u00e9gumes, en plus de disposer de rivets ou de trous adapt\u00e9s pour une fixation parfaite.<\/p>\n<h3 style=\"text-transform:uppercase; margin:30px 0px;\">Mod\u00e8les de lames de filetage<\/h3>\n<p>Afin d\u2019obtenir le meilleur r\u00e9sultat, nous disposons de diff\u00e9rents designs de lame qui s\u2019adaptent \u00e0 n\u2019importe quel type de produit alimentaire que vous souhaitez fileter :<\/p>\n<ul>\n<li>Tranchant droit, ondul\u00e9 et dent\u00e9.<\/li>\n<li>Avec dent P5.<\/li>\n<li>Avec dent concave de 7 mm ou de 12 mm.<\/li>\n<li>Disponibles en 10 x 0,5, 12 x 0,5 et 16 x 0,5<\/li>\n<\/ul>\n<p>Contactez notre entreprise sp\u00e9cialis\u00e9e, personnalisez votre commande en fonction de vos besoins de filetage.<\/p>\n<p><img decoding=\"async\" style=\"border: none;border-radius: 0;width: 100%;\" src=\"\/wp-content\/uploads\/cuchillas-filetear-cortar.png\"\/>\n<\/div>\n<\/div>\n<\/div>\n<figure><\/figure>\n<figure><\/figure>\n<\/div>\n<div class=\"corte3\" id=\"lames-des\">\n<div class=\"mesicont\">\n<div class=\"row\" data-aos=\"fade-right\" data-aos-duration=\"1500\" data-aos-anchor-placement=\"center-bottom\">\n<div class=\"col-3\"><img decoding=\"async\" class=\"myImages\" id=\"myImg\" src=\"\/wp-content\/uploads\/cuchillas-dados.jpg\"\/><\/div>\n<div class=\"col-9\">\n<h2>Lames de d\u00e9coupe en d\u00e9s<\/h2>\n<p>Nous disposons d\u2019une section sp\u00e9cifique de lames de d\u00e9coupe en d\u00e9s d\u2019aliments tels que la viande ou les l\u00e9gumes. Comme toutes nos lames, celles-ci sont fabriqu\u00e9es dans des aciers su\u00e9dois inoxydables et tremp\u00e9s qui permettent d\u2019obtenir le meilleur r\u00e9sultat dans ce type de processus.<\/p>\n<ul>\n<li>Disponibles avec tranchant droit, ondul\u00e9 et dent\u00e9.<\/li>\n<\/ul>\n<p><img decoding=\"async\" style=\"border: none;border-radius: 0;width: 100%;\" src=\"\/wp-content\/uploads\/corte-dados.jpg\"\/>\n<\/div>\n<\/div>\n<\/div>\n<\/div>\n<div class=\"corte2\" id=\"lames-lard\">\n<div class=\"mesicont\">\n<div class=\"row\" data-aos=\"fade-left\" data-aos-duration=\"1500\" data-aos-anchor-placement=\"center-bottom\">\n<div class=\"col-3\"><img decoding=\"async\" class=\"myImages\" id=\"myImg\" src=\"\/wp-content\/uploads\/cuchillas-bacon.jpg\"\/><\/div>\n<div class=\"col-9\">\n<h2>Lames pour parer le lard<\/h2>\n<p>D\u00e9couvrez notre design sp\u00e9cial de lames pour parer le lard. Tr\u00e8s demand\u00e9 par le secteur de la viande, ce type de lame si sp\u00e9cifique est \u00e9labor\u00e9 en acier inoxydable et est capable d\u2019obtenir des r\u00e9sultats pr\u00e9cis dans la d\u00e9coupe de lard.<\/p>\n<ul>\n<li>Disponibles dans les tailles 14, 16, 18, 20, 22<\/li>\n<\/ul>\n<p>Pour en savoir plus sur ce type de lame ou l\u2019un de nos produits sp\u00e9cifiques de d\u00e9coupe d\u2019aliments quel qu\u2019il soit, contactez notre entreprise. Nous serons ravis de vous r\u00e9pondre et de r\u00e9soudre tous vos doutes \u00e0 propos de nos produits.<\/p>\n<\/div>\n<\/div>\n<\/div>\n<figure><\/figure>\n<figure><\/figure>\n<\/div>\n<div id=\"myModal\" class=\"modal\">\n  <span class=\"close\">&times;<\/span><br \/>\n  <img class=\"modal-content\" id=\"img01\"><\/p>\n<div id=\"caption\"><\/div>\n<\/div>\n","protected":false},"excerpt":{"rendered":"<p>Lames pour l\u2019industrie alimentaire Depuis Mesi Saws &#038; Blades, nous offrons des solutions de d\u00e9coupe personnalis\u00e9es pour l\u2019industrie alimentaire. Types de lames disponibles D\u00e9couvres la vaste s\u00e9lection de lames et lames dent\u00e9es de traitement et de d\u00e9coupe, fabriqu\u00e9es dans des aciers de grande qualit\u00e9, sp\u00e9cifiques pour chaque application, afin de garantir les meilleurs rendements et &hellip; <a href=\"https:\/\/mesisaws.com\/fr\/lames\/\" class=\"more-link\">Continuer la lecture<span class=\"screen-reader-text\"> de &laquo;&nbsp;Lames&nbsp;&raquo;<\/span><\/a><\/p>\n","protected":false},"author":1,"featured_media":0,"parent":0,"menu_order":0,"comment_status":"closed","ping_status":"closed","template":"mesi-basica.php","meta":{"_crdt_document":"","footnotes":""},"class_list":["post-581","page","type-page","status-publish","hentry"],"_links":{"self":[{"href":"https:\/\/mesisaws.com\/fr\/wp-json\/wp\/v2\/pages\/581","targetHints":{"allow":["GET"]}}],"collection":[{"href":"https:\/\/mesisaws.com\/fr\/wp-json\/wp\/v2\/pages"}],"about":[{"href":"https:\/\/mesisaws.com\/fr\/wp-json\/wp\/v2\/types\/page"}],"author":[{"embeddable":true,"href":"https:\/\/mesisaws.com\/fr\/wp-json\/wp\/v2\/users\/1"}],"replies":[{"embeddable":true,"href":"https:\/\/mesisaws.com\/fr\/wp-json\/wp\/v2\/comments?post=581"}],"version-history":[{"count":4,"href":"https:\/\/mesisaws.com\/fr\/wp-json\/wp\/v2\/pages\/581\/revisions"}],"predecessor-version":[{"id":873,"href":"https:\/\/mesisaws.com\/fr\/wp-json\/wp\/v2\/pages\/581\/revisions\/873"}],"wp:attachment":[{"href":"https:\/\/mesisaws.com\/fr\/wp-json\/wp\/v2\/media?parent=581"}],"curies":[{"name":"wp","href":"https:\/\/api.w.org\/{rel}","templated":true}]}}