{"id":585,"date":"2021-12-14T09:51:35","date_gmt":"2021-12-14T09:51:35","guid":{"rendered":"https:\/\/mesisaws.com\/sectores\/"},"modified":"2026-02-20T11:04:31","modified_gmt":"2026-02-20T11:04:31","slug":"secteurs","status":"publish","type":"page","link":"https:\/\/mesisaws.com\/fr\/secteurs\/","title":{"rendered":"Secteurs"},"content":{"rendered":"<style>.corte3 {padding: 100px 0px;}<\/style>\n<div id=\"sector\" class=\"inicio-seccion\" data-aos=\"fade-right\" data-aos-duration=\"1500\" data-aos-anchor-placement=\"top-bottom\" data-aos-delay=\"500\"><\/div>\n<div class=\"seccion-sectores\">\n<div class=\"mesicont\">\n<h1>SCIES \u00c0 RUBAN POUR LES SECTEURS ALIMENTAIRES<\/h1>\n<div class=\"row\">\n<div class=\"col aos-init aos-animate\" data-aos=\"fade-up\" data-aos-duration=\"1000\" data-aos-anchor-placement=\"center-bottom\">\n<p><a class=\"hvr-float\" href=\"#viande\"><img decoding=\"async\" src=\"\/wp-content\/uploads\/2.jpg\" \/><\/a><\/p>\n<h6>DE LA VIANDE<\/h6>\n<p>\u00a0<\/p>\n<\/div>\n<div class=\"col aos-init aos-animate\" data-aos=\"fade-up\" data-aos-duration=\"1000\" data-aos-anchor-placement=\"center-bottom\">\n<p><a class=\"hvr-float\" href=\"#poisson\"><img decoding=\"async\" src=\"\/wp-content\/uploads\/5.jpg\" \/><\/a><\/p>\n<h6>DU POISSON<\/h6>\n<p>\u00a0<\/p>\n<\/div>\n<div class=\"col aos-init aos-animate\" data-aos=\"fade-up\" data-aos-duration=\"1000\" data-aos-anchor-placement=\"center-bottom\">\n<p><a class=\"hvr-float\" href=\"#boulangeries\"><img decoding=\"async\" src=\"\/wp-content\/uploads\/4.jpg\" \/><\/a><\/p>\n<h6>BOULANGERIES INDUSTRIELLES<\/h6>\n<p>\u00a0<\/p>\n<\/div>\n<div class=\"col aos-init aos-animate\" data-aos=\"fade-up\" data-aos-duration=\"1000\" data-aos-anchor-placement=\"center-bottom\">\n<p><a class=\"hvr-float\" href=\"#legumes\"><img decoding=\"async\" src=\"\/wp-content\/uploads\/1.jpg\" \/><\/a><\/p>\n<h6>FRUITS ET L\u00c9GUMES<\/h6>\n<p>\u00a0<\/p>\n<\/div>\n<div class=\"col aos-init aos-animate\" data-aos=\"fade-up\" data-aos-duration=\"1000\" data-aos-anchor-placement=\"center-bottom\">\n<p><a class=\"hvr-float\" href=\"#platscusines\"><img decoding=\"async\" src=\"\/wp-content\/uploads\/3.jpg\" \/><\/a><\/p>\n<h6>PLATS CUISIN\u00c9S<\/h6>\n<p>\u00a0<\/p>\n<\/div>\n<\/div>\n<\/div>\n<\/div>\n<div class=\"banner-azul\">\n<div class=\"mesicont\">\n<h2>Renseignements et devis<\/h2>\n<div class=\"row\" data-aos=\"fade-up\" data-aos-duration=\"1000\" data-aos-anchor-placement=\"center-bottom\">\n<div class=\"col-md-9\">\n<p>Personnalisez votre commande ou trouvez la meilleure option en contactant nos experts et en leur expliquant vos besoins. Nous nous adaptons aux besoins de chaque client, afin d\u2019offrir le mod\u00e8le de scie le plus ad\u00e9quat, \u00e9galement en taille et angle d\u2019aff\u00fbtage.<\/p>\n<p>Contactez notre entreprise et renseignez-vous de mani\u00e8re d\u00e9taill\u00e9e sur les diff\u00e9rentes solutions de d\u00e9coupe par scies et lames que nous mettons \u00e0 votre disposition.<\/p>\n<\/div>\n<div class=\"col-md-3\"><img decoding=\"async\" src=\"\/wp-content\/uploads\/icono-pres.png\" \/><a class=\"botonazul\" href=\"https:\/\/mesisaws.com\/fr\/contact\/#devis\">Demandez un devis<\/a><\/div>\n<\/div>\n<\/div>\n<figure><\/figure>\n<\/div>\n<div class=\"sectores-displays\">\n<div id=\"viande\" class=\"corte3\">\n<div class=\"mesicont\">\n<h2>Viande<\/h2>\n<div class=\"row justify-content-center\" data-aos=\"fade-up\" data-aos-duration=\"1000\" data-aos-anchor-placement=\"center-bottom\">\n<div class=\"col\">\n<p><a class=\"hvr-float\" href=\"https:\/\/mesisaws.com\/fr\/scie-viande\/\"><img decoding=\"async\" src=\"\/wp-content\/uploads\/carne-3tpi.jpg\" \/><\/a><\/p>\n<h6>D\u00e9coupe de viande<\/h6>\n<p>\u00a0<\/p>\n<\/div>\n<div class=\"col\">\n<p><a class=\"hvr-float\" href=\"https:\/\/mesisaws.com\/fr\/scie-rainurer\/\"><img decoding=\"async\" src=\"\/wp-content\/uploads\/canales-ct-splitting.jpg\" \/><\/a><\/p>\n<h6>D\u00e9coupe de carcasses<\/h6>\n<p>\u00a0<\/p>\n<\/div>\n<div class=\"col\">\n<p><a class=\"hvr-float\" href=\"https:\/\/mesisaws.com\/fr\/scie-main\/\"><img decoding=\"async\" src=\"\/wp-content\/uploads\/sierras-arcos.jpg\" \/><\/a><\/p>\n<h6>Scies \u00e0 main<\/h6>\n<p>\u00a0<\/p>\n<\/div>\n<div class=\"col\">\n<p><a class=\"hvr-float\" href=\"https:\/\/mesisaws.com\/fr\/scie-decouper\/\"><img decoding=\"async\" src=\"\/wp-content\/uploads\/fileteado-db1-vtooth.jpg\" \/><\/a><\/p>\n<h6>Filetage et tranchage<\/h6>\n<p>\u00a0<\/p>\n<\/div>\n<div class=\"col\">\n<p><a class=\"hvr-float\" href=\"https:\/\/mesisaws.com\/fr\/lames\/\"><img decoding=\"async\" src=\"\/wp-content\/uploads\/cuchillas-pelar.jpg\" \/><\/a><\/p>\n<h6>Lames<\/h6>\n<p>\u00a0<\/p>\n<\/div>\n<\/div>\n<\/div>\n<\/div>\n<div id=\"poisson\" class=\"corte4\">\n<div class=\"mesicont\">\n<h2>Poisson<\/h2>\n<div class=\"row justify-content-center\" data-aos=\"fade-up\" data-aos-duration=\"1000\" data-aos-anchor-placement=\"center-bottom\">\n<div class=\"col\">\n<p><a class=\"hvr-float\" href=\"https:\/\/mesisaws.com\/fr\/scie-poisson\/\"><img decoding=\"async\" src=\"\/wp-content\/uploads\/pescado-3tpi-bright.jpg\" \/><\/a><\/p>\n<h6>D\u00e9coupe de poisson<\/h6>\n<p>\u00a0<\/p>\n<\/div>\n<div class=\"col\">\n<p><a class=\"hvr-float\" href=\"https:\/\/mesisaws.com\/fr\/lames\/#lames-decouennage\"><img decoding=\"async\" src=\"\/wp-content\/uploads\/cuchillas-pelar.jpg\" \/><\/a><\/p>\n<h6>Lame \u00e0 \u00e9plucher<\/h6>\n<p>\u00a0<\/p>\n<\/div>\n<div class=\"col\">\n<p><a class=\"hvr-float\" href=\"https:\/\/mesisaws.com\/fr\/scie-decouper\/\"><img decoding=\"async\" src=\"\/wp-content\/uploads\/fileteado-db1-vtooth.jpg\" \/><\/a><\/p>\n<h6>Filetage et tranchage<\/h6>\n<p>\u00a0<\/p>\n<\/div>\n<\/div>\n<\/div>\n<figure><\/figure>\n<figure><\/figure>\n<\/div>\n<div id=\"boulangeries\" class=\"corte3\">\n<div class=\"mesicont\">\n<h2>Boulangeries industrielles<\/h2>\n<div class=\"row justify-content-center\" data-aos=\"fade-up\" data-aos-duration=\"1000\" data-aos-anchor-placement=\"center-bottom\">\n<div class=\"col\">\n<p><a class=\"hvr-float\" href=\"https:\/\/mesisaws.com\/fr\/scie-patisserie\/\"><img decoding=\"async\" src=\"\/wp-content\/uploads\/pan-cv6.jpg\" \/><\/a><\/p>\n<h6>D\u00e9coupe de pain<\/h6>\n<p>\u00a0<\/p>\n<\/div>\n<\/div>\n<\/div>\n<\/div>\n<div id=\"legumes\" class=\"corte2\">\n<div class=\"mesicont\">\n<h2>Fruits et l\u00e9gumes<\/h2>\n<div class=\"row justify-content-center\" data-aos=\"fade-up\" data-aos-duration=\"1000\" data-aos-anchor-placement=\"center-bottom\">\n<div class=\"col\">\n<p><a class=\"hvr-float\" href=\"https:\/\/mesisaws.com\/fr\/scie-decouper\/\"><img decoding=\"async\" src=\"\/wp-content\/uploads\/fileteado-db1-vtooth.jpg\" \/><\/a><\/p>\n<h6>Filetage et tranchage<\/h6>\n<p>\u00a0<\/p>\n<\/div>\n<\/div>\n<\/div>\n<figure><\/figure>\n<figure><\/figure>\n<\/div>\n<div id=\"platscusines\" class=\"corte3\">\n<div class=\"mesicont\">\n<h2>Plats cuisin\u00e9s<\/h2>\n<div class=\"row justify-content-center\" data-aos=\"fade-up\" data-aos-duration=\"1000\" data-aos-anchor-placement=\"center-bottom\">\n<div class=\"col\">\n<p><a class=\"hvr-float\" href=\"https:\/\/mesisaws.com\/fr\/scie-decouper\/\"><img decoding=\"async\" src=\"\/wp-content\/uploads\/fileteado-db1-vtooth.jpg\" \/><\/a><\/p>\n<h6>Filetage et tranchage<\/h6>\n<p>\u00a0<\/p>\n<\/div>\n<div class=\"col\">\n<p><a class=\"hvr-float\" href=\"https:\/\/mesisaws.com\/fr\/lames\/#lames-filets\"><img decoding=\"async\" src=\"\/wp-content\/uploads\/cuchillas-filetear.jpg\" \/><\/a><\/p>\n<h6>Lame de filetage<\/h6>\n<p>\u00a0<\/p>\n<\/div>\n<div class=\"col\">\n<p><a class=\"hvr-float\" href=\"https:\/\/mesisaws.com\/fr\/lames\/#lames-des\"><img decoding=\"async\" src=\"\/wp-content\/uploads\/cuchillas-dados.jpg\" \/><\/a><\/p>\n<h6>Lames de d\u00e9coupe en d\u00e9s<\/h6>\n<p>\u00a0<\/p>\n<\/div>\n<\/div>\n<\/div>\n<\/div>\n<\/div>\n","protected":false},"excerpt":{"rendered":"<p>SCIES \u00c0 RUBAN POUR LES SECTEURS ALIMENTAIRES DE LA VIANDE \u00a0 DU POISSON \u00a0 BOULANGERIES INDUSTRIELLES \u00a0 FRUITS ET L\u00c9GUMES \u00a0 PLATS CUISIN\u00c9S \u00a0 Renseignements et devis Personnalisez votre commande ou trouvez la meilleure option en contactant nos experts et en leur expliquant vos besoins. Nous nous adaptons aux besoins de chaque client, afin d\u2019offrir &hellip; <a href=\"https:\/\/mesisaws.com\/fr\/secteurs\/\" class=\"more-link\">Continuer la lecture<span class=\"screen-reader-text\"> de &laquo;&nbsp;Secteurs&nbsp;&raquo;<\/span><\/a><\/p>\n","protected":false},"author":1,"featured_media":0,"parent":0,"menu_order":0,"comment_status":"closed","ping_status":"closed","template":"mesi-basica.php","meta":{"_crdt_document":"","footnotes":""},"class_list":["post-585","page","type-page","status-publish","hentry"],"_links":{"self":[{"href":"https:\/\/mesisaws.com\/fr\/wp-json\/wp\/v2\/pages\/585","targetHints":{"allow":["GET"]}}],"collection":[{"href":"https:\/\/mesisaws.com\/fr\/wp-json\/wp\/v2\/pages"}],"about":[{"href":"https:\/\/mesisaws.com\/fr\/wp-json\/wp\/v2\/types\/page"}],"author":[{"embeddable":true,"href":"https:\/\/mesisaws.com\/fr\/wp-json\/wp\/v2\/users\/1"}],"replies":[{"embeddable":true,"href":"https:\/\/mesisaws.com\/fr\/wp-json\/wp\/v2\/comments?post=585"}],"version-history":[{"count":7,"href":"https:\/\/mesisaws.com\/fr\/wp-json\/wp\/v2\/pages\/585\/revisions"}],"predecessor-version":[{"id":1041,"href":"https:\/\/mesisaws.com\/fr\/wp-json\/wp\/v2\/pages\/585\/revisions\/1041"}],"wp:attachment":[{"href":"https:\/\/mesisaws.com\/fr\/wp-json\/wp\/v2\/media?parent=585"}],"curies":[{"name":"wp","href":"https:\/\/api.w.org\/{rel}","templated":true}]}}