{"id":588,"date":"2021-09-22T09:28:47","date_gmt":"2021-09-22T09:28:47","guid":{"rendered":"https:\/\/mesisaws.com\/contacto\/"},"modified":"2023-02-09T09:28:12","modified_gmt":"2023-02-09T09:28:12","slug":"contact","status":"publish","type":"page","link":"https:\/\/mesisaws.com\/fr\/contact\/","title":{"rendered":"Contact"},"content":{"rendered":"<div class=\"inicio-contacto\">\n<iframe src=\"https:\/\/www.google.com\/maps\/embed?pb=!1m14!1m8!1m3!1d1490.4171036511943!2d-0.7982070000000001!3d41.659324!3m2!1i1024!2i768!4f13.1!3m3!1m2!1s0x0%3A0xb59b25fa4e3f5206!2sMetalurgica%20De%20Sierras%20-%20Sierras%20de%20cinta%20para%20industria%20alimentaria!5e0!3m2!1ses!2sus!4v1645695180471!5m2!1ses!2sus\" width=\"100%\" height=\"400\" style=\"border:0;\" allowfullscreen=\"\" loading=\"lazy\"><\/iframe><\/p>\n<figure><\/figure>\n<\/div>\n<div class=\"datoscont\">\n<div class=\"mesicont\">\n<h1>Contact<\/h1>\n<p>Comment pouvons-nous vous aider ? Vous pouvez nous contacter en nous envoyant un e-mail, en nous appelant par t\u00e9l\u00e9phone ou en vous rendant dans nos bureaux. Vous pouvez \u00e9galement, si vous le pr\u00e9f\u00e9rez, compl\u00e9ter le formulaire de contact et nous vous r\u00e9pondrons dans les plus brefs d\u00e9lais.<\/p>\n<div class=\"row justify-content-center\" style=\"margin-top:60px;\">\n<div class=\"col-md-3\"><img decoding=\"async\" src=\"\/wp-content\/uploads\/icono-mail.png\"><span>info@mesisaws.com<\/span><\/div>\n<div class=\"col-md-3\"><img decoding=\"async\" src=\"\/wp-content\/uploads\/icono-tel.png\"><span>+34 976 572 324<\/span><\/div>\n<div class=\"col-md-3\"><img decoding=\"async\" src=\"\/wp-content\/uploads\/icono-dir2.png\"><span>Bolivia 21, Poligono Centrovia, 50198, La Muela, Zaragoza<\/span><\/div>\n<\/div>\n<\/div>\n<\/div>\n<div class=\"contacto\" id=\"devis\">\n<div class=\"mesicont\">\n<h2>Demandez des informations<\/h2>\n<div class=\"formulario\">\n\n<div class=\"wpcf7 no-js\" id=\"wpcf7-f590-o1\" lang=\"fr-FR\" dir=\"ltr\" data-wpcf7-id=\"590\">\n<div class=\"screen-reader-response\"><p role=\"status\" aria-live=\"polite\" aria-atomic=\"true\"><\/p> <ul><\/ul><\/div>\n<form action=\"\/fr\/wp-json\/wp\/v2\/pages\/588#wpcf7-f590-o1\" method=\"post\" class=\"wpcf7-form init\" aria-label=\"Formulaire de contact\" novalidate=\"novalidate\" data-status=\"init\">\n<fieldset class=\"hidden-fields-container\"><input type=\"hidden\" name=\"_wpcf7\" value=\"590\" \/><input type=\"hidden\" name=\"_wpcf7_version\" value=\"6.1.5\" \/><input type=\"hidden\" name=\"_wpcf7_locale\" value=\"fr_FR\" \/><input type=\"hidden\" name=\"_wpcf7_unit_tag\" value=\"wpcf7-f590-o1\" \/><input type=\"hidden\" name=\"_wpcf7_container_post\" value=\"0\" \/><input type=\"hidden\" name=\"_wpcf7_posted_data_hash\" value=\"\" \/><input type=\"hidden\" name=\"_wpcf7_recaptcha_response\" value=\"\" \/>\n<\/fieldset>\n<div class=\"row\">\n\t<div class=\"col-md-6\">\n\t\t<p><label><span class=\"wpcf7-form-control-wrap\" data-name=\"your-name\"><input size=\"40\" maxlength=\"400\" class=\"wpcf7-form-control wpcf7-text wpcf7-validates-as-required\" aria-required=\"true\" aria-invalid=\"false\" placeholder=\"Nom\" value=\"\" type=\"text\" name=\"your-name\" \/><\/span> <\/label><br \/>\n<label><span class=\"wpcf7-form-control-wrap\" data-name=\"your-email\"><input size=\"40\" maxlength=\"400\" class=\"wpcf7-form-control wpcf7-email wpcf7-validates-as-required wpcf7-text wpcf7-validates-as-email\" aria-required=\"true\" aria-invalid=\"false\" placeholder=\"E-mail\" value=\"\" type=\"email\" name=\"your-email\" \/><\/span> <\/label><br \/>\n<label><span class=\"wpcf7-form-control-wrap\" data-name=\"tel-535\"><input size=\"40\" maxlength=\"400\" class=\"wpcf7-form-control wpcf7-tel wpcf7-validates-as-required wpcf7-text wpcf7-validates-as-tel\" aria-required=\"true\" aria-invalid=\"false\" placeholder=\"T\u00e9l\u00e9phone\" value=\"\" type=\"tel\" name=\"tel-535\" \/><\/span><\/label><br \/>\n<label><span class=\"wpcf7-form-control-wrap\" data-name=\"empresa\"><input size=\"40\" maxlength=\"400\" class=\"wpcf7-form-control wpcf7-text wpcf7-validates-as-required\" aria-required=\"true\" aria-invalid=\"false\" placeholder=\"Entreprise\" value=\"\" type=\"text\" name=\"empresa\" \/><\/span> <\/label>\n\t\t<\/p>\n\t<\/div>\n\t<div class=\"col-md-6\">\n\t\t<p><label><span class=\"wpcf7-form-control-wrap\" data-name=\"your-subject\"><input size=\"40\" maxlength=\"400\" class=\"wpcf7-form-control wpcf7-text\" aria-invalid=\"false\" placeholder=\"Objet\" value=\"\" type=\"text\" name=\"your-subject\" \/><\/span> <\/label><br \/>\n<label><span class=\"wpcf7-form-control-wrap\" data-name=\"your-message\"><textarea cols=\"40\" rows=\"10\" maxlength=\"2000\" class=\"wpcf7-form-control wpcf7-textarea\" aria-invalid=\"false\" placeholder=\"Message\" name=\"your-message\"><\/textarea><\/span> <\/label><br \/>\n<span class=\"wpcf7-form-control-wrap\" data-name=\"acceptance-212\"><span class=\"wpcf7-form-control wpcf7-acceptance\"><span class=\"wpcf7-list-item\"><label><input type=\"checkbox\" name=\"acceptance-212\" value=\"1\" aria-invalid=\"false\" \/><span class=\"wpcf7-list-item-label\">J\u2019ai lu et accept\u00e9 la <a href=\"\/politica-de-privacidad\/\" target=\"_blank\" rel=\"nofollow\">politique de confidentialit\u00e9<\/a><\/span><\/label><\/span><\/span><\/span><br \/>\n<input class=\"wpcf7-form-control wpcf7-submit has-spinner\" type=\"submit\" value=\"Envoyer\" \/>\n\t\t<\/p>\n\t<\/div>\n<\/div><div class=\"wpcf7-response-output\" aria-hidden=\"true\"><\/div>\n<\/form>\n<\/div>\n\n<\/div>\n<\/div>\n<figure><\/figure>\n<\/div>\n","protected":false},"excerpt":{"rendered":"<p>Contact Comment pouvons-nous vous aider ? Vous pouvez nous contacter en nous envoyant un e-mail, en nous appelant par t\u00e9l\u00e9phone ou en vous rendant dans nos bureaux. Vous pouvez \u00e9galement, si vous le pr\u00e9f\u00e9rez, compl\u00e9ter le formulaire de contact et nous vous r\u00e9pondrons dans les plus brefs d\u00e9lais. info@mesisaws.com +34 976 572 324 Bolivia 21, &hellip; <a href=\"https:\/\/mesisaws.com\/fr\/contact\/\" class=\"more-link\">Continuer la lecture<span class=\"screen-reader-text\"> de &laquo;&nbsp;Contact&nbsp;&raquo;<\/span><\/a><\/p>\n","protected":false},"author":1,"featured_media":0,"parent":0,"menu_order":0,"comment_status":"closed","ping_status":"closed","template":"mesi-basica.php","meta":{"_crdt_document":"","footnotes":""},"class_list":["post-588","page","type-page","status-publish","hentry"],"_links":{"self":[{"href":"https:\/\/mesisaws.com\/fr\/wp-json\/wp\/v2\/pages\/588","targetHints":{"allow":["GET"]}}],"collection":[{"href":"https:\/\/mesisaws.com\/fr\/wp-json\/wp\/v2\/pages"}],"about":[{"href":"https:\/\/mesisaws.com\/fr\/wp-json\/wp\/v2\/types\/page"}],"author":[{"embeddable":true,"href":"https:\/\/mesisaws.com\/fr\/wp-json\/wp\/v2\/users\/1"}],"replies":[{"embeddable":true,"href":"https:\/\/mesisaws.com\/fr\/wp-json\/wp\/v2\/comments?post=588"}],"version-history":[{"count":2,"href":"https:\/\/mesisaws.com\/fr\/wp-json\/wp\/v2\/pages\/588\/revisions"}],"predecessor-version":[{"id":881,"href":"https:\/\/mesisaws.com\/fr\/wp-json\/wp\/v2\/pages\/588\/revisions\/881"}],"wp:attachment":[{"href":"https:\/\/mesisaws.com\/fr\/wp-json\/wp\/v2\/media?parent=588"}],"curies":[{"name":"wp","href":"https:\/\/api.w.org\/{rel}","templated":true}]}}