{"id":730,"date":"2021-10-01T11:54:46","date_gmt":"2021-10-01T11:54:46","guid":{"rendered":"https:\/\/mesisaws.com\/cuchillas\/"},"modified":"2022-04-07T15:13:23","modified_gmt":"2022-04-07T15:13:23","slug":"%d0%bd%d0%be%d0%b6%d0%b8","status":"publish","type":"page","link":"https:\/\/mesisaws.com\/ru\/%d0%bd%d0%be%d0%b6%d0%b8\/","title":{"rendered":"\u041d\u043e\u0436\u0438"},"content":{"rendered":"<style>.corte1 p, .corte2 p, .corte3 p, .corte4 p {font-size:16px;}.corte3 {padding: 100px 0px;}<\/style>\n<div class=\"inicio-seccion\" id=\"cuchillas\" data-aos=\"fade-right\" data-aos-duration=\"1500\" data-aos-anchor-placement=\"top-bottom\" data-aos-delay=\"500\">\n<figure><\/figure>\n<\/div>\n<div class=\"seccion-cuchillas\">\n<div class=\"mesicont\">\n<h1>\u041d\u043e\u0436\u0438 \u0434\u043b\u044f \u043f\u0438\u0449\u0435\u0432\u043e\u0439 \u043f\u0440\u043e\u043c\u044b\u0448\u043b\u0435\u043d\u043d\u043e\u0441\u0442\u0438<\/h1>\n<h4>\u041a\u043e\u043c\u043f\u0430\u043d\u0438\u044f Mesi Saws &#038; Blades \u043f\u0440\u0435\u0434\u043b\u0430\u0433\u0430\u0435\u0442 \u0438\u043d\u0434\u0438\u0432\u0438\u0434\u0443\u0430\u043b\u044c\u043d\u044b\u0435 \u0440\u0435\u0448\u0435\u043d\u0438\u044f \u0434\u043b\u044f \u0440\u0435\u0437\u043a\u0438 \u043f\u0440\u043e\u0434\u0443\u043a\u0442\u043e\u0432 \u0432 \u043f\u0438\u0449\u0435\u0432\u043e\u0439 \u043f\u0440\u043e\u043c\u044b\u0448\u043b\u0435\u043d\u043d\u043e\u0441\u0442\u0438.<\/h4>\n<div class=\"display-cuchillas\">\n<h2>\u0414\u043e\u0441\u0442\u0443\u043f\u043d\u044b\u0435 \u0442\u0438\u043f\u044b \u043d\u043e\u0436\u0435\u0439<\/h2>\n<p>\u041e\u0437\u043d\u0430\u043a\u043e\u043c\u044c\u0442\u0435\u0441\u044c \u0441 \u0448\u0438\u0440\u043e\u043a\u0438\u043c \u0430\u0441\u0441\u043e\u0440\u0442\u0438\u043c\u0435\u043d\u0442\u043e\u043c \u043d\u043e\u0436\u0435\u0439 \u0438 \u0437\u0443\u0431\u0447\u0430\u0442\u044b\u0445 \u043b\u0435\u0437\u0432\u0438\u0439 \u0434\u043b\u044f \u043e\u0431\u0440\u0430\u0431\u043e\u0442\u043a\u0438 \u0438 \u0440\u0435\u0437\u043a\u0438, \u0438\u0437\u0433\u043e\u0442\u043e\u0432\u043b\u0435\u043d\u043d\u044b\u0445 \u0438\u0437 \u0441\u043f\u0435\u0446\u0438\u0430\u043b\u044c\u043d\u043e \u043f\u043e\u0434\u043e\u0431\u0440\u0430\u043d\u043d\u043e\u0439 \u043d\u0435\u0440\u0436\u0430\u0432\u0435\u044e\u0449\u0435\u0439 \u0441\u0442\u0430\u043b\u0438 \u0432\u044b\u0441\u043e\u043a\u043e\u0433\u043e \u043a\u0430\u0447\u0435\u0441\u0442\u0432\u0430 \u0434\u043b\u044f \u043a\u0430\u0436\u0434\u043e\u0433\u043e \u043f\u0440\u0438\u043c\u0435\u043d\u0435\u043d\u0438\u044f. \u041c\u0430\u043a\u0441\u0438\u043c\u0430\u043b\u044c\u043d\u0430\u044f \u044d\u0444\u0444\u0435\u043a\u0442\u0438\u0432\u043d\u043e\u0441\u0442\u044c \u0438 \u043f\u0440\u0435\u043a\u0440\u0430\u0441\u043d\u044b\u0439 \u0440\u0435\u0437\u0443\u043b\u044c\u0442\u0430\u0442.<\/p>\n<div class=\"row\" style=\"margin-top:50px;\">\n<div class=\"col-md-6\" data-aos=\"fade-right\" data-aos-duration=\"1500\" data-aos-anchor-placement=\"top-bottom\"><a href=\"#cuchillas-peladoras\" class=\"hvr-float\"><\/p>\n<div class=\"row\">\n<div class=\"col-3\"><img decoding=\"async\" src=\"\/wp-content\/uploads\/cuchillas-pelar.jpg\"\/><\/div>\n<div class=\"col-9\">\n<h3>\u041e\u0411\u0414\u0418\u0420\u041d\u042b\u0415 \u041d\u041e\u0416\u0418<\/h3>\n<p>\u041e\u0431\u0434\u0438\u0440\u043d\u044b\u0435 \u043d\u043e\u0436\u0438 \u0434\u043b\u044f \u0441\u043d\u044f\u0442\u0438\u044f \u0448\u043a\u0443\u0440\u044b \u0438 \u043e\u0431\u0434\u0438\u0440\u043a\u0438.<\/p>\n<\/div>\n<\/div>\n<p><\/a><\/div>\n<div class=\"col-md-6\" data-aos=\"fade-right\" data-aos-duration=\"1500\" data-aos-anchor-placement=\"top-bottom\"><a href=\"#cuchillas-para-filetear\" class=\"hvr-float\"><\/p>\n<div class=\"row\">\n<div class=\"col-3\"><img decoding=\"async\" src=\"\/wp-content\/uploads\/cuchillas-filetear.jpg\"\/><\/div>\n<div class=\"col-9\">\n<h3>\u041d\u041e\u0416\u0418 \u0414\u041b\u042f \u0424\u0418\u041b\u0415\u0422\u0418\u0420\u041e\u0412\u0410\u041d\u0418\u042f<\/h3>\n<p>\u042d\u0442\u0438 \u043c\u043e\u0434\u0435\u043b\u0438 \u043d\u043e\u0436\u0435\u0439 \u0433\u0430\u0440\u0430\u043d\u0442\u0438\u0440\u0443\u044e\u0442 \u0442\u043e\u043d\u043a\u0443\u044e \u0438 \u0442\u043e\u0447\u043d\u0443\u044e \u0440\u0435\u0437\u043a\u0443 \u043f\u0440\u0438 \u0444\u0438\u043b\u0435\u0442\u0438\u0440\u043e\u0432\u0430\u043d\u0438\u0438 \u043f\u0440\u043e\u0434\u0443\u043a\u0442\u043e\u0432.<\/p>\n<\/div>\n<\/div>\n<p><\/a><\/div>\n<div class=\"col-md-6\" data-aos=\"fade-right\" data-aos-duration=\"1500\" data-aos-anchor-placement=\"top-bottom\"><a href=\"#cuchillas-para-corte-en-dados\" class=\"hvr-float\"><\/p>\n<div class=\"row\">\n<div class=\"col-3\"><img decoding=\"async\" src=\"\/wp-content\/uploads\/cuchillas-dados.jpg\"\/><\/div>\n<div class=\"col-9\">\n<h3>\u041d\u041e\u0416\u0418 \u0414\u041b\u042f \u041d\u0410\u0420\u0415\u0417\u041a\u0418 \u041a\u0423\u0411\u0418\u041a\u0410\u041c\u0418<\/h3>\n<p>\u041d\u0430\u0440\u0435\u0437\u043a\u0430 \u043b\u043e\u043c\u0442\u0438\u043a\u0430\u043c\u0438 \u0448\u0438\u0440\u043e\u043a\u043e \u043f\u0440\u0438\u043c\u0435\u043d\u044f\u0435\u0442\u0441\u044f \u0432 \u043f\u0438\u0449\u0435\u0432\u043e\u0439 \u043f\u0440\u043e\u043c\u044b\u0448\u043b\u0435\u043d\u043d\u043e\u0441\u0442\u0438, \u043f\u043e\u044d\u0442\u043e\u043c\u0443 \u043c\u044b \u0440\u0430\u0437\u0440\u0430\u0431\u043e\u0442\u0430\u043b\u0438 \u0441\u043f\u0435\u0446\u0438\u0430\u043b\u044c\u043d\u044b\u0435 \u043d\u043e\u0436\u0438.<\/p>\n<\/div>\n<\/div>\n<p><\/a><\/div>\n<div class=\"col-md-6\" data-aos=\"fade-right\" data-aos-duration=\"1500\" data-aos-anchor-placement=\"top-bottom\"><a href=\"#cuchillas-bacon\" class=\"hvr-float\"><\/p>\n<div class=\"row\">\n<div class=\"col-3\"><img decoding=\"async\" src=\"\/wp-content\/uploads\/cuchillas-bacon.jpg\"\/><\/div>\n<div class=\"col-9\">\n<h3>\u041d\u041e\u0416\u0418 \u0414\u041b\u042f \u041d\u0410\u0420\u0415\u0417\u041a\u0418 \u0411\u0415\u041a\u041e\u041d\u0410<\/h3>\n<p>\u041d\u043e\u0436\u0438 \u0434\u043b\u044f \u043f\u0440\u043e\u043c\u044b\u0448\u043b\u0435\u043d\u043d\u043e\u0439 \u043d\u0430\u0440\u0435\u0437\u043a\u0438 \u0431\u0435\u043a\u043e\u043d\u0430 \u043b\u044e\u0431\u043e\u0433\u043e \u0444\u043e\u0440\u043c\u0430\u0442\u0430.<\/p>\n<\/div>\n<\/div>\n<p><\/a><\/div>\n<\/div>\n<\/div>\n<\/div>\n<\/div>\n<div class=\"banner-azul\">\n<div class=\"mesicont\">\n<h2>\u0418\u043d\u0444\u043e\u0440\u043c\u0430\u0446\u0438\u044f \u0438 \u0441\u0442\u043e\u0438\u043c\u043e\u0441\u0442\u044c \u043d\u043e\u0436\u0435\u0439 \u0434\u043b\u044f \u043f\u0438\u0449\u0435\u0432\u043e\u0439 \u043f\u0440\u043e\u043c\u044b\u0448\u043b\u0435\u043d\u043d\u043e\u0441\u0442\u0438:<\/h2>\n<div class=\"row\" data-aos=\"fade-up\" data-aos-duration=\"1000\" data-aos-anchor-placement=\"center-bottom\">\n<div class=\"col-md-9\">\n<p>\u041e\u0444\u043e\u0440\u043c\u0438\u0442\u0435 \u0438\u043d\u0434\u0438\u0432\u0438\u0434\u0443\u0430\u043b\u044c\u043d\u044b\u0439 \u0437\u0430\u043a\u0430\u0437 \u0438\u043b\u0438 \u043d\u0430\u0439\u0434\u0438\u0442\u0435 \u043b\u0443\u0447\u0448\u0438\u0439 \u0432\u0430\u0440\u0438\u0430\u043d\u0442, \u0441\u0432\u044f\u0437\u0430\u0432\u0448\u0438\u0441\u044c \u0441 \u043d\u0430\u0448\u0438\u043c\u0438 \u0441\u043f\u0435\u0446\u0438\u0430\u043b\u0438\u0441\u0442\u0430\u043c\u0438 \u0438 \u043e\u043f\u0438\u0441\u0430\u0432 \u0441\u0432\u043e\u0438 \u043f\u043e\u0442\u0440\u0435\u0431\u043d\u043e\u0441\u0442\u0438. \u041c\u044b \u0443\u0447\u0438\u0442\u044b\u0432\u0430\u0435\u043c \u043f\u043e\u0436\u0435\u043b\u0430\u043d\u0438\u044f \u043a\u0430\u0436\u0434\u043e\u0433\u043e \u043a\u043b\u0438\u0435\u043d\u0442\u0430, \u0447\u0442\u043e\u0431\u044b \u043f\u0440\u0435\u0434\u043b\u043e\u0436\u0438\u0442\u044c \u043d\u0430\u0438\u0431\u043e\u043b\u0435\u0435 \u043f\u043e\u0434\u0445\u043e\u0434\u044f\u0449\u0443\u044e \u043c\u043e\u0434\u0435\u043b\u044c \u043b\u0435\u0437\u0432\u0438\u044f, \u0440\u0430\u0437\u043c\u0435\u0440 \u0438\u043b\u0438 \u0443\u0433\u043e\u043b \u0437\u0430\u0442\u043e\u0447\u043a\u0438.<\/p>\n<p>\u0421\u0432\u044f\u0436\u0438\u0442\u0435\u0441\u044c \u0441 \u043d\u0430\u0448\u0435\u0439 \u043a\u043e\u043c\u043f\u0430\u043d\u0438\u0435\u0439 \u0438 \u0443\u0437\u043d\u0430\u0439\u0442\u0435 \u043f\u043e\u0434\u0440\u043e\u0431\u043d\u043e\u0441\u0442\u0438 \u043e \u0440\u0430\u0437\u043b\u0438\u0447\u043d\u044b\u0445 \u0440\u0435\u0448\u0435\u043d\u0438\u044f\u0445 \u0434\u043b\u044f \u0440\u0435\u0437\u043a\u0438 \u0441 \u043f\u043e\u043c\u043e\u0449\u044c\u044e \u043d\u0430\u0448\u0438\u0445 \u043b\u0435\u0437\u0432\u0438\u0439.<\/p>\n<\/div>\n<div class=\"col-md-3\"><img decoding=\"async\" src=\"\/wp-content\/uploads\/icono-pres.png\"><a href=\"https:\/\/mesisaws.com\/contacto\/#presupuesto\" class=\"botonazul\">\u0417\u0430\u043f\u0440\u043e\u0441 \u0446\u0435\u043d\u044b<\/a><\/div>\n<\/div>\n<\/div>\n<figure><\/figure>\n<\/div>\n<div class=\"corte3\" id=\"cuchillas-peladoras\">\n<div class=\"mesicont\">\n<div class=\"row\" data-aos=\"fade-right\" data-aos-duration=\"1500\" data-aos-anchor-placement=\"center-bottom\">\n<div class=\"col-3\"><img decoding=\"async\" class=\"myImages\" id=\"myImg\" src=\"\/wp-content\/uploads\/cuchillas-pelar.jpg\"\/><\/div>\n<div class=\"col-9\">\n<h2>\u041e\u0432\u043e\u0449\u0435\u0447\u0438\u0441\u0442\u043a\u0438 &#8212; \u0434\u043b\u044f \u0441\u043d\u044f\u0442\u0438\u0435 \u043a\u043e\u0436\u0443\u0440\u044b<\/h2>\n<p>\u041d\u043e\u0436\u0438 Skinner \u0438\u0437\u0433\u043e\u0442\u043e\u0432\u043b\u0435\u043d\u044b \u0438\u0437 \u043d\u0435\u0440\u0436\u0430\u0432\u0435\u044e\u0449\u0435\u0439 \u0441\u0442\u0430\u043b\u0438 \u0438 \u0437\u0430\u043a\u0430\u043b\u0435\u043d\u044b \u0434\u043b\u044f \u0434\u043e\u0441\u0442\u0438\u0436\u0435\u043d\u0438\u044f \u0431\u043e\u043b\u044c\u0448\u0435\u0439 \u0442\u0432\u0435\u0440\u0434\u043e\u0441\u0442\u0438 \u0438 \u044d\u0444\u0444\u0435\u043a\u0442\u0438\u0432\u043d\u043e\u0441\u0442\u0438 \u0440\u0435\u0437\u043a\u0438.<\/p>\n<ul>\n<li>\u0414\u043e\u0441\u0442\u0443\u043f\u043d\u044b\u0435 \u0440\u0430\u0437\u043c\u0435\u0440\u044b 20\u00d71,0, 22\u00d70,7, 22\u00d71,0 y 25\u00d70,7.<\/li>\n<li>\u041f\u0440\u044f\u043c\u043e\u0439 \u0438\u043b\u0438 \u043d\u0430\u043a\u043b\u043e\u043d\u043d\u044b\u0439 \u0431\u0435\u0437\u043e\u043f\u0430\u0441\u043d\u044b\u0439 \u0440\u0435\u0437 \u0434\u043b\u044f \u0431\u043e\u043b\u044c\u0448\u0438\u043d\u0441\u0442\u0432\u0430 \u043a\u043e\u043c\u043c\u0435\u0440\u0447\u0435\u0441\u043a\u0438\u0445 \u0443\u0441\u0442\u0430\u043d\u043e\u0432\u043e\u043a.<\/li>\n<li>\u0423\u043f\u0430\u043a\u043e\u0432\u0430\u043d\u044b \u0432 \u0431\u043b\u0438\u0441\u0442\u0435\u0440 \u043f\u043e 5 \u0448\u0442\u0443\u043a, \u0434\u043b\u0438\u043d\u0430 \u0443\u043a\u0430\u0437\u0430\u043d\u0430 \u043d\u0430 \u043b\u0435\u0437\u0432\u0438\u0438.<\/li>\n<\/ul>\n<div class=\"row\" style=\"margin-bottom:50px;\">\n<div class=\"col-6\"><img decoding=\"async\" style=\"border: none;border-radius: 0;width: 100%;\" src=\"\/wp-content\/uploads\/descartezadoras-22-07.jpg\"><span style=\"text-align: center;display: block;font-family: 'Josefin Sans', sans-serif;font-weight: 700;font-size: 18px;margin-bottom: 30px;\">\u0420\u0430\u0437\u043c\u0435\u0440\u044b: 22\u00d70,7<\/span><\/div>\n<div class=\"col-6\"><img decoding=\"async\" style=\"border: none;border-radius: 0;width: 100%;\" src=\"\/wp-content\/uploads\/descartezadoras-22-1.jpg\"><span style=\"text-align: center;display: block;font-family: 'Josefin Sans', sans-serif;font-weight: 700;font-size: 18px;margin-bottom: 30px;\">\u0420\u0430\u0437\u043c\u0435\u0440\u044b: 20\u00d71,0<\/span><\/div>\n<\/div>\n<p>\u0422\u0430\u043a\u0436\u0435 \u0434\u043e\u0441\u0442\u0443\u043f\u043d\u044b \u0434\u043b\u044f \u0430\u0432\u0442\u043e\u043c\u0430\u0442\u0438\u0447\u0435\u0441\u043a\u0438\u0445 \u043e\u0431\u0434\u0438\u0440\u043d\u044b\u0445 \u0443\u0441\u0442\u0430\u043d\u043e\u0432\u043e\u043a, \u0441 \u0432\u043e\u0437\u043c\u043e\u0436\u043d\u043e\u0441\u0442\u044c\u044e \u043f\u043e\u0441\u0442\u0430\u0432\u043a\u0438 \u043f\u043e\u0434 \u0437\u0430\u043a\u0430\u0437 \u0434\u043b\u044f \u0438\u0434\u0435\u0430\u043b\u044c\u043d\u043e\u0439 \u0441\u043e\u0432\u043c\u0435\u0441\u0442\u0438\u043c\u043e\u0441\u0442\u0438 \u0441 \u0430\u0432\u0442\u043e\u043c\u0430\u0442\u0438\u0447\u0435\u0441\u043a\u0438\u043c\u0438 \u0443\u0441\u0442\u0430\u043d\u043e\u0432\u043a\u0430\u043c\u0438.<\/p>\n<p>\u041f\u043e\u043e\u0431\u0449\u0430\u0439\u0442\u0435\u0441\u044c \u0441 \u043d\u0430\u0448\u0438\u043c\u0438 \u0441\u043f\u0435\u0446\u0438\u0430\u043b\u0438\u0441\u0442\u0430\u043c\u0438 \u0438 \u043d\u0430\u0439\u0434\u0438\u0442\u0435 \u0438\u0434\u0435\u0430\u043b\u044c\u043d\u043e\u0435 \u0440\u0435\u0448\u0435\u043d\u0438\u0435 \u0434\u043b\u044f \u0432\u0430\u0448\u0435\u0439 \u043a\u043e\u043c\u043f\u0430\u043d\u0438\u0438.<\/p>\n<div class=\"row\">\n<div class=\"col-6\"><img decoding=\"async\" style=\"border: none;border-radius: 0;width: 100%;\" src=\"\/wp-content\/uploads\/maquinas-automaticas-de-descortezadoleftok.jpg\"><\/div>\n<div class=\"col-6\"><img decoding=\"async\" style=\"border: none;border-radius: 0;width: 100%;\" src=\"\/wp-content\/uploads\/maquinas-automaticas-de-descortezadorightok.jpg\"><\/div>\n<\/div>\n<\/div>\n<\/div>\n<\/div>\n<\/div>\n<div class=\"corte4\" id=\"cuchillas-para-filetear\">\n<div class=\"mesicont\">\n<div class=\"row\" data-aos=\"fade-left\" data-aos-duration=\"1500\" data-aos-anchor-placement=\"center-bottom\">\n<div class=\"col-3\"><img decoding=\"async\" class=\"myImages\" id=\"myImg\" src=\"\/wp-content\/uploads\/cuchillas-filetear.jpg\"\/><\/div>\n<div class=\"col-9\">\n<h2>\u041d\u043e\u0436\u0438 \u0434\u043b\u044f \u0444\u0438\u043b\u0435\u0442\u0438\u0440\u043e\u0432\u0430\u043d\u0438\u044f <\/h2>\n<p>\u041d\u043e\u0436\u0438 \u0434\u043b\u044f \u0444\u0438\u043b\u0435\u0442\u0438\u0440\u043e\u0432\u0430\u043d\u0438\u044f \u0438 \u043d\u0430\u0440\u0435\u0437\u043a\u0438 \u0438\u0437\u0433\u043e\u0442\u043e\u0432\u043b\u0435\u043d\u044b \u0438\u0437 \u0448\u0432\u0435\u0434\u0441\u043a\u043e\u0439 \u043d\u0435\u0440\u0436\u0430\u0432\u0435\u044e\u0449\u0435\u0439 \u0441\u0442\u0430\u043b\u0438 \u0438 \u0437\u0430\u043a\u0430\u043b\u0435\u043d\u044b \u0434\u043b\u044f \u0434\u043e\u0441\u0442\u0438\u0436\u0435\u043d\u0438\u044f \u043c\u0430\u043a\u0441\u0438\u043c\u0430\u043b\u044c\u043d\u043e\u0439 \u0442\u0432\u0435\u0440\u0434\u043e\u0441\u0442\u0438 \u0438 \u0440\u0435\u0436\u0443\u0449\u0435\u0439 \u0441\u043f\u043e\u0441\u043e\u0431\u043d\u043e\u0441\u0442\u0438. \u0421\u043e\u0432\u043c\u0435\u0441\u0442\u0438\u043c\u044b \u0441 \u0443\u0441\u0442\u0430\u043d\u043e\u0432\u043a\u0430\u043c\u0438 Grasselli.<\/p>\n<p>\u0412\u044b \u043c\u043e\u0436\u0435\u0442\u0435 \u0430\u0434\u0430\u043f\u0442\u0438\u0440\u043e\u0432\u0430\u0442\u044c \u0440\u0430\u0437\u043c\u0435\u0440 \u043d\u043e\u0436\u0430 \u0434\u043b\u044f \u0444\u0438\u043b\u0435\u0442\u0438\u0440\u043e\u0432\u0430\u043d\u0438\u044f \u043c\u044f\u0441\u0430 \u0438 \u043e\u0431\u0440\u0430\u0431\u043e\u0442\u043a\u0438 \u043e\u0432\u043e\u0449\u0435\u0439. \u041a\u0440\u043e\u043c\u0435 \u0442\u043e\u0433\u043e, \u043c\u043e\u0436\u043d\u043e \u0432\u044b\u0431\u0440\u0430\u0442\u044c \u043a\u043e\u043d\u0444\u0438\u0433\u0443\u0440\u0430\u0446\u0438\u044e \u0437\u0430\u043a\u043b\u0435\u043f\u043e\u043a \u0438\u043b\u0438 \u043e\u0442\u0432\u0435\u0440\u0441\u0442\u0438\u0439 \u0434\u043b\u044f \u0438\u0434\u0435\u0430\u043b\u044c\u043d\u043e\u0433\u043e \u043a\u0440\u0435\u043f\u043b\u0435\u043d\u0438\u044f.<\/p>\n<h3 style=\"text-transform:uppercase; margin:30px 0px;\">\u041c\u043e\u0434\u0435\u043b\u0438 \u043d\u043e\u0436\u0435\u0439 \u0434\u043b\u044f \u0444\u0438\u043b\u0435\u0442\u0438\u0440\u043e\u0432\u0430\u043d\u0438\u044f<\/h3>\n<p>\u0414\u043b\u044f \u0434\u043e\u0441\u0442\u0438\u0436\u0435\u043d\u0438\u044f \u043d\u0430\u0438\u043b\u0443\u0447\u0448\u0435\u0433\u043e \u0440\u0435\u0437\u0443\u043b\u044c\u0442\u0430\u0442\u0430 \u043f\u0440\u0435\u0434\u043b\u0430\u0433\u0430\u0435\u043c \u0440\u0430\u0437\u043b\u0438\u0447\u043d\u044b\u0435 \u043a\u043e\u043d\u0441\u0442\u0440\u0443\u043a\u0446\u0438\u0438 \u043b\u0435\u0437\u0432\u0438\u0439, \u043a\u043e\u0442\u043e\u0440\u044b\u0435 \u043f\u043e\u0434\u0445\u043e\u0434\u044f\u0442 \u0434\u043b\u044f \u043b\u044e\u0431\u043e\u0433\u043e \u0442\u0438\u043f\u0430 \u043f\u0440\u043e\u0434\u0443\u043a\u0442\u043e\u0432 \u043f\u0438\u0442\u0430\u043d\u0438\u044f, \u043a\u043e\u0442\u043e\u0440\u044b\u0435 \u043d\u0435\u0445\u043e\u0434\u0438\u043c\u043e \u0444\u0438\u043b\u0435\u0442\u0438\u0440\u043e\u0432\u0430\u0442\u044c:<\/p>\n<ul>\n<li>\u041f\u0440\u044f\u043c\u043e\u0439, \u0432\u043e\u043b\u043d\u0438\u0441\u0442\u044b\u0439 \u0438 \u0437\u0430\u0437\u0443\u0431\u0440\u0435\u043d\u043d\u044b\u0439 \u043a\u0440\u0430\u0439.<\/li>\n<li>\u0417\u0443\u0431\u0446\u044b P5.<\/li>\n<li>\u0421 \u0432\u043e\u0433\u043d\u0443\u0442\u044b\u043c\u0438 \u0437\u0443\u0431\u0446\u0430\u043c\u0438 7 \u043c\u043c \u0438\u043b\u0438 12 \u043c\u043c.<\/li>\n<li>\u0414\u043e\u0441\u0442\u0443\u043f\u043d\u044b\u0435 \u0440\u0430\u0437\u043c\u0435\u0440\u044b 10&#215;0,5, 12&#215;0,5 y 16&#215;0,5<\/li>\n<\/ul>\n<p>\u0421\u0432\u044f\u0436\u0438\u0442\u0435\u0441\u044c \u0441 \u043d\u0430\u0448\u0435\u0439 \u0441\u043f\u0435\u0446\u0438\u0430\u043b\u0438\u0437\u0438\u0440\u043e\u0432\u0430\u043d\u043d\u043e\u0439 \u043a\u043e\u043c\u043f\u0430\u043d\u0438\u0435\u0439, \u0438 \u043c\u044b \u043f\u043e\u0434\u0433\u043e\u0442\u043e\u0432\u0438\u043c \u0432\u0430\u0448 \u0437\u0430\u043a\u0430\u0437 \u0441 \u0443\u0447\u0435\u0442\u043e\u043c \u0432\u0430\u0448\u0438\u0445 \u043f\u043e\u0436\u0435\u043b\u0430\u043d\u0438\u0439 \u043f\u043e \u043d\u0430\u0440\u0435\u0437\u043a\u0435 \u0444\u0438\u043b\u0435.<\/p>\n<p><img decoding=\"async\" style=\"border: none;border-radius: 0;width: 100%;\" src=\"\/wp-content\/uploads\/cuchillas-filetear-cortar.png\"\/>\n<\/div>\n<\/div>\n<\/div>\n<figure><\/figure>\n<figure><\/figure>\n<\/div>\n<div class=\"corte3\" id=\"cuchillas-para-corte-en-dados\">\n<div class=\"mesicont\">\n<div class=\"row\" data-aos=\"fade-right\" data-aos-duration=\"1500\" data-aos-anchor-placement=\"center-bottom\">\n<div class=\"col-3\"><img decoding=\"async\" class=\"myImages\" id=\"myImg\" src=\"\/wp-content\/uploads\/cuchillas-dados.jpg\"\/><\/div>\n<div class=\"col-9\">\n<h2>\u041d\u043e\u0436\u0438 \u0434\u043b\u044f \u043d\u0430 \u0440\u0435\u0437\u043a\u0438 \u043a\u0443\u0431\u0438\u043a\u0430\u043c\u0438<\/h2>\n<p>\u0423 \u043d\u0430\u0441 \u0435\u0441\u0442\u044c \u043d\u043e\u0436\u0438 \u0441\u043e \u0441\u043f\u0435\u0446\u0438\u0430\u043b\u044c\u043d\u044b\u043c \u043f\u0440\u043e\u0444\u0438\u043b\u0435\u043c \u0434\u043b\u044f \u043d\u0430\u0440\u0435\u0437\u043a\u0438 \u0442\u0430\u043a\u0438\u0445 \u043f\u0440\u043e\u0434\u0443\u043a\u0442\u043e\u0432, \u043a\u0430\u043a \u043c\u044f\u0441\u043e \u0438\u043b\u0438 \u043e\u0432\u043e\u0449\u0438. \u041a\u0430\u043a \u0438 \u0432\u0441\u0435 \u043d\u0430\u0448\u0438 \u043d\u043e\u0436\u0438, \u043e\u043d\u0438 \u0438\u0437\u0433\u043e\u0442\u043e\u0432\u043b\u0435\u043d\u044b \u0438\u0437 \u043d\u0435\u0440\u0436\u0430\u0432\u0435\u044e\u0449\u0435\u0439 \u0438 \u0437\u0430\u043a\u0430\u043b\u0435\u043d\u043d\u043e\u0439 \u0448\u0432\u0435\u0434\u0441\u043a\u043e\u0439 \u0441\u0442\u0430\u043b\u0438, \u0447\u0442\u043e \u043f\u043e\u0437\u0432\u043e\u043b\u044f\u0435\u0442 \u0434\u043e\u0441\u0442\u0438\u0433\u0430\u0442\u044c \u043d\u0430\u0438\u043b\u0443\u0447\u0448\u0438\u0445 \u0440\u0435\u0437\u0443\u043b\u044c\u0442\u0430\u0442\u043e\u0432 \u0438 \u0432 \u044d\u0442\u043e\u043c \u0442\u0438\u043f\u0435 \u0440\u0435\u0437\u043a\u0438.<\/p>\n<ul>\n<li>\u0421 \u043f\u0440\u044f\u043c\u044b\u043c, \u0432\u043e\u043b\u043d\u0438\u0441\u0442\u044b\u043c \u0438 \u0437\u0443\u0431\u0447\u0430\u0442\u044b\u043c \u043a\u0440\u0430\u0435\u043c.<\/li>\n<\/ul>\n<p><img decoding=\"async\" style=\"border: none;border-radius: 0;width: 100%;\" src=\"\/wp-content\/uploads\/corte-dados.jpg\"\/>\n<\/div>\n<\/div>\n<\/div>\n<\/div>\n<div class=\"corte2\" id=\"cuchillas-bacon\">\n<div class=\"mesicont\">\n<div class=\"row\" data-aos=\"fade-left\" data-aos-duration=\"1500\" data-aos-anchor-placement=\"center-bottom\">\n<div class=\"col-3\"><img decoding=\"async\" class=\"myImages\" id=\"myImg\" src=\"\/wp-content\/uploads\/cuchillas-bacon.jpg\"\/><\/div>\n<div class=\"col-9\">\n<h2>\u041d\u043e\u0436\u0438 \u0434\u043b\u044f \u043d\u0430\u0440\u0435\u0437\u043a\u0438 \u0431\u0435\u043a\u043e\u043d\u0430<\/h2>\n<p>\u041e\u0437\u043d\u0430\u043a\u043e\u043c\u044c\u0442\u0435\u0441\u044c \u0441 \u043d\u0430\u0448\u0435\u0439 \u0441\u043f\u0435\u0446\u0438\u0430\u043b\u044c\u043d\u043e\u0439 \u043a\u043e\u043d\u0441\u0442\u0440\u0443\u043a\u0446\u0438\u0435\u0439 \u043b\u0435\u0437\u0432\u0438\u0439 \u0434\u043b\u044f \u0441\u043d\u044f\u0442\u0438\u044f \u0431\u0435\u043a\u043e\u043d\u0430 \u0441 \u043a\u043e\u0441\u0442\u0435\u0439. \u042d\u0442\u043e\u0442 \u043e\u0441\u043e\u0431\u044b\u0439 \u0442\u0438\u043f \u043d\u043e\u0436\u0430, \u0432\u044b\u0441\u043e\u043a\u043e \u0432\u043e\u0441\u0442\u0440\u0435\u0431\u043e\u0432\u0430\u043d\u043d\u044b\u0439 \u0432 \u043c\u044f\u0441\u043d\u043e\u0439 \u043f\u0440\u043e\u043c\u044b\u0448\u043b\u0435\u043d\u043d\u043e\u0441\u0442\u0438, \u0438\u0437\u0433\u043e\u0442\u0430\u0432\u043b\u0438\u0432\u0430\u0435\u0442\u0441\u044f \u0438\u0437 \u043d\u0435\u0440\u0436\u0430\u0432\u0435\u044e\u0449\u0435\u0439 \u0441\u0442\u0430\u043b\u0438 \u0438 \u043e\u0447\u0435\u043d\u044c \u044d\u0444\u0444\u0435\u043a\u0442\u0438\u0432\u0435\u043d \u043f\u0440\u0438 \u043d\u0430\u0440\u0435\u0437\u043a\u0435 \u0431\u0435\u043a\u043e\u043d\u0430.<\/p>\n<ul>\n<li>\u0414\u043e\u0441\u0442\u0443\u043f\u043d\u044b\u0435 \u0440\u0430\u0437\u043c\u0435\u0440\u044b 14, 16, 18, 20, 22<\/li>\n<\/ul>\n<p>\u0414\u043b\u044f \u043f\u043e\u043b\u0443\u0447\u0435\u043d\u0438\u044f \u0434\u043e\u043f\u043e\u043b\u043d\u0438\u0442\u0435\u043b\u044c\u043d\u043e\u0439 \u0438\u043d\u0444\u043e\u0440\u043c\u0430\u0446\u0438\u0438 \u043e\u0431 \u044d\u0442\u043e\u043c \u0438\u043b\u0438 \u043b\u044e\u0431\u043e\u043c \u0434\u0440\u0443\u0433\u043e\u043c \u0442\u0438\u043f\u0435 \u043d\u0430\u0448\u0438\u0445 \u043d\u043e\u0436\u0435\u0439 \u0434\u043b\u044f \u0440\u0435\u0437\u043a\u0438 \u043f\u0440\u043e\u0434\u0443\u043a\u0442\u043e\u0432 \u043f\u0438\u0442\u0430\u043d\u0438\u044f \u043e\u0431\u0440\u0430\u0449\u0430\u0439\u0442\u0435\u0441\u044c \u0432 \u043d\u0430\u0448\u0443 \u043a\u043e\u043c\u043f\u0430\u043d\u0438\u044e, \u043c\u044b \u0431\u0443\u0434\u0435\u043c \u0440\u0430\u0434\u044b \u043f\u043e\u043c\u043e\u0447\u044c \u0432\u0430\u043c \u0438 \u043e\u0442\u0432\u0435\u0442\u0438\u0442\u044c \u043d\u0430 \u0432\u0441\u0435 \u0432\u0430\u0448\u0438 \u0432\u043e\u043f\u0440\u043e\u0441\u044b \u043e \u043d\u0430\u0448\u0435\u0439 \u043f\u0440\u043e\u0434\u0443\u043a\u0446\u0438\u0438.<\/p>\n<\/div>\n<\/div>\n<\/div>\n<figure><\/figure>\n<figure><\/figure>\n<\/div>\n<div id=\"myModal\" class=\"modal\">\n  <span class=\"close\">&times;<\/span><br \/>\n  <img class=\"modal-content\" id=\"img01\"><\/p>\n<div id=\"caption\"><\/div>\n<\/div>\n","protected":false},"excerpt":{"rendered":"<p>\u041d\u043e\u0436\u0438 \u0434\u043b\u044f \u043f\u0438\u0449\u0435\u0432\u043e\u0439 \u043f\u0440\u043e\u043c\u044b\u0448\u043b\u0435\u043d\u043d\u043e\u0441\u0442\u0438 \u041a\u043e\u043c\u043f\u0430\u043d\u0438\u044f Mesi Saws &#038; Blades \u043f\u0440\u0435\u0434\u043b\u0430\u0433\u0430\u0435\u0442 \u0438\u043d\u0434\u0438\u0432\u0438\u0434\u0443\u0430\u043b\u044c\u043d\u044b\u0435 \u0440\u0435\u0448\u0435\u043d\u0438\u044f \u0434\u043b\u044f \u0440\u0435\u0437\u043a\u0438 \u043f\u0440\u043e\u0434\u0443\u043a\u0442\u043e\u0432 \u0432 \u043f\u0438\u0449\u0435\u0432\u043e\u0439 \u043f\u0440\u043e\u043c\u044b\u0448\u043b\u0435\u043d\u043d\u043e\u0441\u0442\u0438. \u0414\u043e\u0441\u0442\u0443\u043f\u043d\u044b\u0435 \u0442\u0438\u043f\u044b \u043d\u043e\u0436\u0435\u0439 \u041e\u0437\u043d\u0430\u043a\u043e\u043c\u044c\u0442\u0435\u0441\u044c \u0441 \u0448\u0438\u0440\u043e\u043a\u0438\u043c \u0430\u0441\u0441\u043e\u0440\u0442\u0438\u043c\u0435\u043d\u0442\u043e\u043c \u043d\u043e\u0436\u0435\u0439 \u0438 \u0437\u0443\u0431\u0447\u0430\u0442\u044b\u0445 \u043b\u0435\u0437\u0432\u0438\u0439 \u0434\u043b\u044f \u043e\u0431\u0440\u0430\u0431\u043e\u0442\u043a\u0438 \u0438 \u0440\u0435\u0437\u043a\u0438, \u0438\u0437\u0433\u043e\u0442\u043e\u0432\u043b\u0435\u043d\u043d\u044b\u0445 \u0438\u0437 \u0441\u043f\u0435\u0446\u0438\u0430\u043b\u044c\u043d\u043e \u043f\u043e\u0434\u043e\u0431\u0440\u0430\u043d\u043d\u043e\u0439 \u043d\u0435\u0440\u0436\u0430\u0432\u0435\u044e\u0449\u0435\u0439 \u0441\u0442\u0430\u043b\u0438 \u0432\u044b\u0441\u043e\u043a\u043e\u0433\u043e \u043a\u0430\u0447\u0435\u0441\u0442\u0432\u0430 \u0434\u043b\u044f \u043a\u0430\u0436\u0434\u043e\u0433\u043e \u043f\u0440\u0438\u043c\u0435\u043d\u0435\u043d\u0438\u044f. \u041c\u0430\u043a\u0441\u0438\u043c\u0430\u043b\u044c\u043d\u0430\u044f \u044d\u0444\u0444\u0435\u043a\u0442\u0438\u0432\u043d\u043e\u0441\u0442\u044c \u0438 \u043f\u0440\u0435\u043a\u0440\u0430\u0441\u043d\u044b\u0439 \u0440\u0435\u0437\u0443\u043b\u044c\u0442\u0430\u0442. \u041e\u0411\u0414\u0418\u0420\u041d\u042b\u0415 \u041d\u041e\u0416\u0418 \u041e\u0431\u0434\u0438\u0440\u043d\u044b\u0435 \u043d\u043e\u0436\u0438 \u0434\u043b\u044f \u0441\u043d\u044f\u0442\u0438\u044f &hellip; <a href=\"https:\/\/mesisaws.com\/ru\/%d0%bd%d0%be%d0%b6%d0%b8\/\" class=\"more-link\">\u0427\u0438\u0442\u0430\u0442\u044c \u0434\u0430\u043b\u0435\u0435<span class=\"screen-reader-text\"> \u00ab\u041d\u043e\u0436\u0438\u00bb<\/span><\/a><\/p>\n","protected":false},"author":1,"featured_media":0,"parent":0,"menu_order":0,"comment_status":"closed","ping_status":"closed","template":"mesi-basica.php","meta":{"_crdt_document":"","footnotes":""},"class_list":["post-730","page","type-page","status-publish","hentry"],"_links":{"self":[{"href":"https:\/\/mesisaws.com\/ru\/wp-json\/wp\/v2\/pages\/730","targetHints":{"allow":["GET"]}}],"collection":[{"href":"https:\/\/mesisaws.com\/ru\/wp-json\/wp\/v2\/pages"}],"about":[{"href":"https:\/\/mesisaws.com\/ru\/wp-json\/wp\/v2\/types\/page"}],"author":[{"embeddable":true,"href":"https:\/\/mesisaws.com\/ru\/wp-json\/wp\/v2\/users\/1"}],"replies":[{"embeddable":true,"href":"https:\/\/mesisaws.com\/ru\/wp-json\/wp\/v2\/comments?post=730"}],"version-history":[{"count":2,"href":"https:\/\/mesisaws.com\/ru\/wp-json\/wp\/v2\/pages\/730\/revisions"}],"predecessor-version":[{"id":732,"href":"https:\/\/mesisaws.com\/ru\/wp-json\/wp\/v2\/pages\/730\/revisions\/732"}],"wp:attachment":[{"href":"https:\/\/mesisaws.com\/ru\/wp-json\/wp\/v2\/media?parent=730"}],"curies":[{"name":"wp","href":"https:\/\/api.w.org\/{rel}","templated":true}]}}